{"id":493,"date":"2024-06-29T07:45:04","date_gmt":"2024-06-29T05:45:04","guid":{"rendered":"https:\/\/www.vrtanestudnyonline.cz\/?page_id=493"},"modified":"2024-07-01T10:06:32","modified_gmt":"2024-07-01T08:06:32","slug":"cenik","status":"publish","type":"page","link":"https:\/\/www.studny-smejkal.cz\/?page_id=493","title":{"rendered":"Cen\u00edk"},"content":{"rendered":"\n<p>Ceny je tak\u00e9 mo\u017eno domluvit individu\u00e1ln\u011b dle podm\u00ednek v m\u00edst\u011b vrtu. \u017d\u00e1dn\u00e9 platby p\u0159edem. Z\u00e1kazn\u00edk plat\u00ed za kvalitn\u011b a zd\u00e1rn\u011b dokon\u010den\u00e9 d\u00edlo.<\/p>\n\n\n\n<p class=\"has-background\" style=\"background-color:#d0d5db3d;font-size:20px\">Cen\u00edk na\u0161ich slu\u017eeb<\/p>\n\n\n\n<figure class=\"wp-block-table\"><table><tbody><tr><td>PR\u016eM\u011aR VRTU<\/td><td>V\u00ddSTROJ VRTU<\/td><td>CENA<\/td><\/tr><tr><td>220&nbsp;mm nesoudr\u017en\u00e9 podlo\u017e\u00ed (p\u00edsek, j\u00edl, \u0161t\u011brk, hl\u00edna atd.) \/ 200 mm soudr\u017en\u00e9 podlo\u017e\u00ed <\/td><td>125 \/ 5,5 mm &#8211; z\u00e1vitov\u00fd spoj<\/td><td>1770 K\u010d\/m<\/td><\/tr><tr><td>220&nbsp;mm nesoudr\u017en\u00e9 podlo\u017e\u00ed (p\u00edsek, j\u00edl, \u0161t\u011brk, hl\u00edna atd.) \/ 200 mm soudr\u017en\u00e9 podlo\u017e\u00ed <\/td><td>140 \/ 6,5 mm &#8211; z\u00e1vitov\u00fd spoj<\/td><td>1900 K\u010d\/m<\/td><\/tr><tr><td>220&nbsp;mm nesoudr\u017en\u00e9 podlo\u017e\u00ed (p\u00edsek, j\u00edl, \u0161t\u011brk, hl\u00edna atd.) \/ 200 mm soudr\u017en\u00e9 podlo\u017e\u00ed <\/td><td>140 \/ 8 mm &#8211; z\u00e1vitov\u00fd spoj<\/td><td>2100 K\u010d\/m<\/td><\/tr><tr><td>273&nbsp;mm nesoudr\u017en\u00e9 podlo\u017e\u00ed (p\u00edsek, j\u00edl, \u0161t\u011brk, hl\u00edna atd.) \/ 253 mm soudr\u017en\u00e9 podlo\u017e\u00ed <\/td><td>140 \/ 6,5 mm &#8211; z\u00e1vitov\u00fd spoj<\/td><td>2750 K\u010d\/m<\/td><\/tr><tr><td>273&nbsp;mm nesoudr\u017en\u00e9 podlo\u017e\u00ed (p\u00edsek, j\u00edl, \u0161t\u011brk, hl\u00edna atd.) \/ 253 mm soudr\u017en\u00e9 podlo\u017e\u00ed <\/td><td>140 \/ 8 mm &#8211; z\u00e1vitov\u00fd spoj<\/td><td>2900 K\u010d\/m<\/td><\/tr><tr><td>273&nbsp;mm nesoudr\u017en\u00e9 podlo\u017e\u00ed (p\u00edsek, j\u00edl, \u0161t\u011brk, hl\u00edna atd.) \/ 253 mm soudr\u017en\u00e9 podlo\u017e\u00ed <\/td><td>160 \/ 6,5 mm &#8211; z\u00e1vitov\u00fd spoj<\/td><td>3200 K\u010d\/m<\/td><\/tr><tr><td>273&nbsp;mm nesoudr\u017en\u00e9 podlo\u017e\u00ed (p\u00edsek, j\u00edl, \u0161t\u011brk, hl\u00edna atd.) \/ 253 mm soudr\u017en\u00e9 podlo\u017e\u00ed <\/td><td>160 \/ 8 mm  &#8211; z\u00e1vitov\u00fd spoj<\/td><td>3300 K\u010d\/m<\/td><\/tr><tr><td>Hydrogeologick\u00fd posudek<\/td><td><\/td><td>5000,- K\u010d<\/td><\/tr><tr><td>Projektov\u00e1 dokumentace <\/td><td><\/td><td>5000,- K\u010d<\/td><\/tr><tr><td>Projekt na p\u0159\u00edslu\u0161n\u00fd kraj a Vodopr\u00e1vn\u00ed \u00fa\u0159ad<\/td><td><\/td><td>5000,- K\u010d<\/td><\/tr><tr><td>Dokumentace pro \u010cesk\u00fd b\u00e1\u0148sk\u00fd \u00fa\u0159ad &#8211; vrty pro hlub\u0161\u00ed ne\u017e 30 m<\/td><td><\/td><td>3500,- K\u010d<\/td><\/tr><tr><td>Ohl\u00e1\u0161en\u00ed GEOFOND &#8211; ohl\u00e1\u0161en\u00ed na p\u0159\u00edslu\u0161nou obec v den vrt\u00e1n\u00ed<\/td><td><\/td><td>1500,- K\u010d<\/td><\/tr><tr><td>Doprava<\/td><td><\/td><td>45 K\u010d\/km<\/td><\/tr><tr><td>Vyhled\u00e1n\u00ed pramene<\/td><td><\/td><td>zdarma<\/td><\/tr><\/tbody><\/table><figcaption class=\"wp-element-caption\">Uveden\u00e9 ceny jsou bez DPH<br>Cena vrtan\u00e9 studny do 20 metr\u016f je dohodou<\/figcaption><\/figure>\n\n\n\n<p class=\"has-background\" style=\"background-color:#d0d5db3d;font-size:20px\">Cena ka\u017ed\u00e9ho vrtu zahrnuje:<\/p>\n\n\n\n<ul class=\"wp-block-list\">\n<li>Proveden\u00ed vrtu<\/li>\n\n\n\n<li>Vypa\u017een\u00ed vrtu<\/li>\n\n\n\n<li>Obsyp aktivn\u00ed \u010d\u00e1sti vrtu ka\u010d\u00edrkem, j\u00edlov\u00e1n\u00ed bentonitem (odt\u011bsn\u011bn\u00ed balastn\u00edch vod)<\/li>\n\n\n\n<li>Vy\u010di\u0161t\u011bn\u00ed vrtu<\/li>\n\n\n\n<li>Vydatnost 2000 l\/24 hod <\/li>\n\n\n\n<li>N\u00e1vod k obsluze<\/li>\n<\/ul>\n","protected":false},"excerpt":{"rendered":"<p>Ceny je tak\u00e9 mo\u017eno domluvit individu\u00e1ln\u011b dle podm\u00ednek v m\u00edst\u011b vrtu. \u017d\u00e1dn\u00e9 platby p\u0159edem. Z\u00e1kazn\u00edk plat\u00ed za kvalitn\u011b a zd\u00e1rn\u011b [&hellip;]<\/p>\n","protected":false},"author":1,"featured_media":0,"parent":0,"menu_order":0,"comment_status":"closed","ping_status":"closed","template":"","meta":{"site-sidebar-layout":"default","site-content-layout":"","ast-site-content-layout":"","site-content-style":"default","site-sidebar-style":"default","ast-global-header-display":"","ast-banner-title-visibility":"","ast-main-header-display":"","ast-hfb-above-header-display":"","ast-hfb-below-header-display":"","ast-hfb-mobile-header-display":"","site-post-title":"","ast-breadcrumbs-content":"","ast-featured-img":"","footer-sml-layout":"","theme-transparent-header-meta":"","adv-header-id-meta":"","stick-header-meta":"","header-above-stick-meta":"","header-main-stick-meta":"","header-below-stick-meta":"","astra-migrate-meta-layouts":"default","ast-page-background-enabled":"default","ast-page-background-meta":{"desktop":{"background-color":"var(--ast-global-color-4)","background-image":"","background-repeat":"repeat","background-position":"center center","background-size":"auto","background-attachment":"scroll","background-type":"","background-media":"","overlay-type":"","overlay-color":"","overlay-opacity":"","overlay-gradient":""},"tablet":{"background-color":"","background-image":"","background-repeat":"repeat","background-position":"center center","background-size":"auto","background-attachment":"scroll","background-type":"","background-media":"","overlay-type":"","overlay-color":"","overlay-opacity":"","overlay-gradient":""},"mobile":{"background-color":"","background-image":"","background-repeat":"repeat","background-position":"center center","background-size":"auto","background-attachment":"scroll","background-type":"","background-media":"","overlay-type":"","overlay-color":"","overlay-opacity":"","overlay-gradient":""}},"ast-content-background-meta":{"desktop":{"background-color":"var(--ast-global-color-5)","background-image":"","background-repeat":"repeat","background-position":"center center","background-size":"auto","background-attachment":"scroll","background-type":"","background-media":"","overlay-type":"","overlay-color":"","overlay-opacity":"","overlay-gradient":""},"tablet":{"background-color":"var(--ast-global-color-5)","background-image":"","background-repeat":"repeat","background-position":"center center","background-size":"auto","background-attachment":"scroll","background-type":"","background-media":"","overlay-type":"","overlay-color":"","overlay-opacity":"","overlay-gradient":""},"mobile":{"background-color":"var(--ast-global-color-5)","background-image":"","background-repeat":"repeat","background-position":"center center","background-size":"auto","background-attachment":"scroll","background-type":"","background-media":"","overlay-type":"","overlay-color":"","overlay-opacity":"","overlay-gradient":""}},"_kadence_starter_templates_imported_post":false,"footnotes":""},"class_list":["post-493","page","type-page","status-publish","hentry"],"yoast_head":"<!-- This site is optimized with the Yoast SEO plugin v23.4 - https:\/\/yoast.com\/wordpress\/plugins\/seo\/ -->\n<title>Cen\u00edk -<\/title>\n<meta name=\"robots\" content=\"index, follow, max-snippet:-1, max-image-preview:large, max-video-preview:-1\" \/>\n<link rel=\"canonical\" href=\"https:\/\/www.studny-smejkal.cz\/?page_id=493\" \/>\n<meta property=\"og:locale\" content=\"cs_CZ\" \/>\n<meta property=\"og:type\" content=\"article\" \/>\n<meta property=\"og:title\" content=\"Cen\u00edk -\" \/>\n<meta property=\"og:description\" content=\"Ceny je tak\u00e9 mo\u017eno domluvit individu\u00e1ln\u011b dle podm\u00ednek v m\u00edst\u011b vrtu. \u017d\u00e1dn\u00e9 platby p\u0159edem. Z\u00e1kazn\u00edk plat\u00ed za kvalitn\u011b a zd\u00e1rn\u011b [&hellip;]\" \/>\n<meta property=\"og:url\" content=\"https:\/\/www.studny-smejkal.cz\/?page_id=493\" \/>\n<meta property=\"article:modified_time\" content=\"2024-07-01T08:06:32+00:00\" \/>\n<meta name=\"twitter:card\" content=\"summary_large_image\" \/>\n<meta name=\"twitter:label1\" content=\"Odhadovan\u00e1 doba \u010dten\u00ed\" \/>\n\t<meta name=\"twitter:data1\" content=\"2 minuty\" \/>\n<script type=\"application\/ld+json\" class=\"yoast-schema-graph\">{\"@context\":\"https:\/\/schema.org\",\"@graph\":[{\"@type\":\"WebPage\",\"@id\":\"https:\/\/www.studny-smejkal.cz\/?page_id=493\",\"url\":\"https:\/\/www.studny-smejkal.cz\/?page_id=493\",\"name\":\"Cen\u00edk -\",\"isPartOf\":{\"@id\":\"https:\/\/www.studny-smejkal.cz\/#website\"},\"datePublished\":\"2024-06-29T05:45:04+00:00\",\"dateModified\":\"2024-07-01T08:06:32+00:00\",\"breadcrumb\":{\"@id\":\"https:\/\/www.studny-smejkal.cz\/?page_id=493#breadcrumb\"},\"inLanguage\":\"cs\",\"potentialAction\":[{\"@type\":\"ReadAction\",\"target\":[\"https:\/\/www.studny-smejkal.cz\/?page_id=493\"]}]},{\"@type\":\"BreadcrumbList\",\"@id\":\"https:\/\/www.studny-smejkal.cz\/?page_id=493#breadcrumb\",\"itemListElement\":[{\"@type\":\"ListItem\",\"position\":1,\"name\":\"Dom\u016f\",\"item\":\"https:\/\/www.studny-smejkal.cz\/\"},{\"@type\":\"ListItem\",\"position\":2,\"name\":\"Cen\u00edk\"}]},{\"@type\":\"WebSite\",\"@id\":\"https:\/\/www.studny-smejkal.cz\/#website\",\"url\":\"https:\/\/www.studny-smejkal.cz\/\",\"name\":\"studny Smejkal\",\"description\":\"Vrtan\u00e9 studny a vrty pro tepeln\u00e1 \u010derpadla\",\"publisher\":{\"@id\":\"https:\/\/www.studny-smejkal.cz\/#organization\"},\"potentialAction\":[{\"@type\":\"SearchAction\",\"target\":{\"@type\":\"EntryPoint\",\"urlTemplate\":\"https:\/\/www.studny-smejkal.cz\/?s={search_term_string}\"},\"query-input\":{\"@type\":\"PropertyValueSpecification\",\"valueRequired\":true,\"valueName\":\"search_term_string\"}}],\"inLanguage\":\"cs\"},{\"@type\":\"Organization\",\"@id\":\"https:\/\/www.studny-smejkal.cz\/#organization\",\"name\":\"STUDNY S&K, s.r.o.\",\"url\":\"https:\/\/www.studny-smejkal.cz\/\",\"logo\":{\"@type\":\"ImageObject\",\"inLanguage\":\"cs\",\"@id\":\"https:\/\/www.studny-smejkal.cz\/#\/schema\/logo\/image\/\",\"url\":\"https:\/\/www.studny-smejkal.cz\/wp-content\/uploads\/2024\/07\/Studny-Smejkal_Big.jpg\",\"contentUrl\":\"https:\/\/www.studny-smejkal.cz\/wp-content\/uploads\/2024\/07\/Studny-Smejkal_Big.jpg\",\"width\":1189,\"height\":360,\"caption\":\"STUDNY S&K, s.r.o.\"},\"image\":{\"@id\":\"https:\/\/www.studny-smejkal.cz\/#\/schema\/logo\/image\/\"}}]}<\/script>\n<!-- \/ Yoast SEO plugin. -->","yoast_head_json":{"title":"Cen\u00edk -","robots":{"index":"index","follow":"follow","max-snippet":"max-snippet:-1","max-image-preview":"max-image-preview:large","max-video-preview":"max-video-preview:-1"},"canonical":"https:\/\/www.studny-smejkal.cz\/?page_id=493","og_locale":"cs_CZ","og_type":"article","og_title":"Cen\u00edk -","og_description":"Ceny je tak\u00e9 mo\u017eno domluvit individu\u00e1ln\u011b dle podm\u00ednek v m\u00edst\u011b vrtu. \u017d\u00e1dn\u00e9 platby p\u0159edem. Z\u00e1kazn\u00edk plat\u00ed za kvalitn\u011b a zd\u00e1rn\u011b [&hellip;]","og_url":"https:\/\/www.studny-smejkal.cz\/?page_id=493","article_modified_time":"2024-07-01T08:06:32+00:00","twitter_card":"summary_large_image","twitter_misc":{"Odhadovan\u00e1 doba \u010dten\u00ed":"2 minuty"},"schema":{"@context":"https:\/\/schema.org","@graph":[{"@type":"WebPage","@id":"https:\/\/www.studny-smejkal.cz\/?page_id=493","url":"https:\/\/www.studny-smejkal.cz\/?page_id=493","name":"Cen\u00edk -","isPartOf":{"@id":"https:\/\/www.studny-smejkal.cz\/#website"},"datePublished":"2024-06-29T05:45:04+00:00","dateModified":"2024-07-01T08:06:32+00:00","breadcrumb":{"@id":"https:\/\/www.studny-smejkal.cz\/?page_id=493#breadcrumb"},"inLanguage":"cs","potentialAction":[{"@type":"ReadAction","target":["https:\/\/www.studny-smejkal.cz\/?page_id=493"]}]},{"@type":"BreadcrumbList","@id":"https:\/\/www.studny-smejkal.cz\/?page_id=493#breadcrumb","itemListElement":[{"@type":"ListItem","position":1,"name":"Dom\u016f","item":"https:\/\/www.studny-smejkal.cz\/"},{"@type":"ListItem","position":2,"name":"Cen\u00edk"}]},{"@type":"WebSite","@id":"https:\/\/www.studny-smejkal.cz\/#website","url":"https:\/\/www.studny-smejkal.cz\/","name":"studny Smejkal","description":"Vrtan\u00e9 studny a vrty pro tepeln\u00e1 \u010derpadla","publisher":{"@id":"https:\/\/www.studny-smejkal.cz\/#organization"},"potentialAction":[{"@type":"SearchAction","target":{"@type":"EntryPoint","urlTemplate":"https:\/\/www.studny-smejkal.cz\/?s={search_term_string}"},"query-input":{"@type":"PropertyValueSpecification","valueRequired":true,"valueName":"search_term_string"}}],"inLanguage":"cs"},{"@type":"Organization","@id":"https:\/\/www.studny-smejkal.cz\/#organization","name":"STUDNY S&K, s.r.o.","url":"https:\/\/www.studny-smejkal.cz\/","logo":{"@type":"ImageObject","inLanguage":"cs","@id":"https:\/\/www.studny-smejkal.cz\/#\/schema\/logo\/image\/","url":"https:\/\/www.studny-smejkal.cz\/wp-content\/uploads\/2024\/07\/Studny-Smejkal_Big.jpg","contentUrl":"https:\/\/www.studny-smejkal.cz\/wp-content\/uploads\/2024\/07\/Studny-Smejkal_Big.jpg","width":1189,"height":360,"caption":"STUDNY S&K, s.r.o."},"image":{"@id":"https:\/\/www.studny-smejkal.cz\/#\/schema\/logo\/image\/"}}]}},"_links":{"self":[{"href":"https:\/\/www.studny-smejkal.cz\/index.php?rest_route=\/wp\/v2\/pages\/493","targetHints":{"allow":["GET"]}}],"collection":[{"href":"https:\/\/www.studny-smejkal.cz\/index.php?rest_route=\/wp\/v2\/pages"}],"about":[{"href":"https:\/\/www.studny-smejkal.cz\/index.php?rest_route=\/wp\/v2\/types\/page"}],"author":[{"embeddable":true,"href":"https:\/\/www.studny-smejkal.cz\/index.php?rest_route=\/wp\/v2\/users\/1"}],"replies":[{"embeddable":true,"href":"https:\/\/www.studny-smejkal.cz\/index.php?rest_route=%2Fwp%2Fv2%2Fcomments&post=493"}],"version-history":[{"count":32,"href":"https:\/\/www.studny-smejkal.cz\/index.php?rest_route=\/wp\/v2\/pages\/493\/revisions"}],"predecessor-version":[{"id":691,"href":"https:\/\/www.studny-smejkal.cz\/index.php?rest_route=\/wp\/v2\/pages\/493\/revisions\/691"}],"wp:attachment":[{"href":"https:\/\/www.studny-smejkal.cz\/index.php?rest_route=%2Fwp%2Fv2%2Fmedia&parent=493"}],"curies":[{"name":"wp","href":"https:\/\/api.w.org\/{rel}","templated":true}]}}