{"id":314,"date":"2024-06-27T22:27:31","date_gmt":"2024-06-27T20:27:31","guid":{"rendered":"https:\/\/www.vrtanestudnyonline.cz\/?page_id=314"},"modified":"2024-09-20T21:46:24","modified_gmt":"2024-09-20T19:46:24","slug":"certifikaty-a-opravneni","status":"publish","type":"page","link":"https:\/\/www.studny-smejkal.cz\/?page_id=314","title":{"rendered":"Certifik\u00e1ty a opr\u00e1vn\u011bn\u00ed"},"content":{"rendered":"\n<p>Na\u0161e spole\u010dnost STUDNY S&amp;K, s.r.o. se py\u0161n\u00ed \u0159adou certifik\u00e1t\u016f a opr\u00e1vn\u011bn\u00ed, kter\u00e9 potvrzuj\u00ed na\u0161i odbornou zp\u016fsobilost a vysok\u00fd standard poskytovan\u00fdch slu\u017eeb. Ka\u017ed\u00fd \u010dlen na\u0161eho t\u00fdmu je kvalifikovan\u00fd odborn\u00edk s pot\u0159ebn\u00fdmi certifik\u00e1ty pro v\u00fdkon sv\u00e9 \u010dinnosti, co\u017e zaru\u010duje, \u017ee v\u0161echny na\u0161e projekty jsou prov\u00e1d\u011bny v souladu s nejp\u0159\u00edsn\u011bj\u0161\u00edmi normami a p\u0159edpisy.<\/p>\n\n\n\n<p>Disponujeme certifik\u00e1ty pro vrt\u00e1n\u00ed studn\u00ed a hydrogeologick\u00e9 pr\u016fzkumy, kter\u00e9 garantuj\u00ed, \u017ee na\u0161e pr\u00e1ce spl\u0148uje v\u0161echny hygienick\u00e9 a technick\u00e9 po\u017eadavky. Na\u0161e opr\u00e1vn\u011bn\u00ed zahrnuj\u00ed tak\u00e9 projektovou \u010dinnost a vy\u0159\u00edzen\u00ed v\u0161ech pot\u0159ebn\u00fdch povolen\u00ed, co\u017e na\u0161im z\u00e1kazn\u00edk\u016fm poskytuje komplexn\u00ed a bezstarostn\u00fd servis od po\u010d\u00e1te\u010dn\u00edho pr\u016fzkumu a\u017e po dokon\u010den\u00ed a legalizaci studny.<\/p>\n\n\n\n<p>D\u00edky t\u011bmto certifik\u00e1t\u016fm a opr\u00e1vn\u011bn\u00edm si m\u016f\u017eete b\u00fdt jisti, \u017ee va\u0161e vrtan\u00e1 studna bude vysoce kvalitn\u00ed, bezpe\u010dn\u00e1 a v souladu se v\u0161emi platn\u00fdmi p\u0159edpisy.<\/p>\n\n\n\n<div class=\"wp-block-columns is-layout-flex wp-container-core-columns-is-layout-28f84493 wp-block-columns-is-layout-flex\">\n<div class=\"wp-block-column is-layout-flow wp-block-column-is-layout-flow\">\n<figure class=\"wp-block-gallery has-nested-images columns-default is-cropped wp-block-gallery-1 is-layout-flex wp-block-gallery-is-layout-flex\">\n<figure class=\"wp-block-image size-large\"><img fetchpriority=\"high\" decoding=\"async\" width=\"708\" height=\"1000\" data-id=\"1044\" src=\"https:\/\/www.studny-smejkal.cz\/wp-content\/uploads\/2024\/09\/opravneni_v.jpg\" alt=\"\" class=\"wp-image-1044\" srcset=\"https:\/\/www.studny-smejkal.cz\/wp-content\/uploads\/2024\/09\/opravneni_v.jpg 708w, https:\/\/www.studny-smejkal.cz\/wp-content\/uploads\/2024\/09\/opravneni_v-212x300.jpg 212w\" sizes=\"(max-width: 708px) 100vw, 708px\" \/><\/figure>\n<\/figure>\n<\/div>\n\n\n\n<div class=\"wp-block-column is-vertically-aligned-top is-layout-flow wp-block-column-is-layout-flow\">\n<figure class=\"wp-block-gallery has-nested-images columns-default is-cropped wp-block-gallery-2 is-layout-flex wp-block-gallery-is-layout-flex\">\n<figure class=\"wp-block-image size-large\"><img decoding=\"async\" width=\"757\" height=\"840\" data-id=\"1045\" src=\"https:\/\/www.studny-smejkal.cz\/wp-content\/uploads\/2024\/09\/Snimek-obrazovky-2024-09-20-214408.png\" alt=\"\" class=\"wp-image-1045\" srcset=\"https:\/\/www.studny-smejkal.cz\/wp-content\/uploads\/2024\/09\/Snimek-obrazovky-2024-09-20-214408.png 757w, https:\/\/www.studny-smejkal.cz\/wp-content\/uploads\/2024\/09\/Snimek-obrazovky-2024-09-20-214408-270x300.png 270w\" sizes=\"(max-width: 757px) 100vw, 757px\" \/><\/figure>\n<\/figure>\n<\/div>\n\n\n\n<div class=\"wp-block-column is-layout-flow wp-block-column-is-layout-flow\"><\/div>\n<\/div>\n\n\n\n<p><\/p>\n","protected":false},"excerpt":{"rendered":"<p>Na\u0161e spole\u010dnost STUDNY S&amp;K, s.r.o. se py\u0161n\u00ed \u0159adou certifik\u00e1t\u016f a opr\u00e1vn\u011bn\u00ed, kter\u00e9 potvrzuj\u00ed na\u0161i odbornou zp\u016fsobilost a vysok\u00fd standard poskytovan\u00fdch [&hellip;]<\/p>\n","protected":false},"author":1,"featured_media":0,"parent":0,"menu_order":0,"comment_status":"closed","ping_status":"closed","template":"","meta":{"site-sidebar-layout":"default","site-content-layout":"","ast-site-content-layout":"","site-content-style":"default","site-sidebar-style":"default","ast-global-header-display":"","ast-banner-title-visibility":"","ast-main-header-display":"","ast-hfb-above-header-display":"","ast-hfb-below-header-display":"","ast-hfb-mobile-header-display":"","site-post-title":"","ast-breadcrumbs-content":"","ast-featured-img":"","footer-sml-layout":"","theme-transparent-header-meta":"","adv-header-id-meta":"","stick-header-meta":"","header-above-stick-meta":"","header-main-stick-meta":"","header-below-stick-meta":"","astra-migrate-meta-layouts":"default","ast-page-background-enabled":"default","ast-page-background-meta":{"desktop":{"background-color":"var(--ast-global-color-4)","background-image":"","background-repeat":"repeat","background-position":"center center","background-size":"auto","background-attachment":"scroll","background-type":"","background-media":"","overlay-type":"","overlay-color":"","overlay-opacity":"","overlay-gradient":""},"tablet":{"background-color":"","background-image":"","background-repeat":"repeat","background-position":"center center","background-size":"auto","background-attachment":"scroll","background-type":"","background-media":"","overlay-type":"","overlay-color":"","overlay-opacity":"","overlay-gradient":""},"mobile":{"background-color":"","background-image":"","background-repeat":"repeat","background-position":"center center","background-size":"auto","background-attachment":"scroll","background-type":"","background-media":"","overlay-type":"","overlay-color":"","overlay-opacity":"","overlay-gradient":""}},"ast-content-background-meta":{"desktop":{"background-color":"var(--ast-global-color-5)","background-image":"","background-repeat":"repeat","background-position":"center center","background-size":"auto","background-attachment":"scroll","background-type":"","background-media":"","overlay-type":"","overlay-color":"","overlay-opacity":"","overlay-gradient":""},"tablet":{"background-color":"var(--ast-global-color-5)","background-image":"","background-repeat":"repeat","background-position":"center center","background-size":"auto","background-attachment":"scroll","background-type":"","background-media":"","overlay-type":"","overlay-color":"","overlay-opacity":"","overlay-gradient":""},"mobile":{"background-color":"var(--ast-global-color-5)","background-image":"","background-repeat":"repeat","background-position":"center center","background-size":"auto","background-attachment":"scroll","background-type":"","background-media":"","overlay-type":"","overlay-color":"","overlay-opacity":"","overlay-gradient":""}},"_kadence_starter_templates_imported_post":false,"footnotes":""},"class_list":["post-314","page","type-page","status-publish","hentry"],"yoast_head":"<!-- This site is optimized with the Yoast SEO plugin v23.4 - https:\/\/yoast.com\/wordpress\/plugins\/seo\/ -->\n<title>Certifik\u00e1ty a opr\u00e1vn\u011bn\u00ed -<\/title>\n<meta name=\"robots\" content=\"index, follow, max-snippet:-1, max-image-preview:large, max-video-preview:-1\" \/>\n<link rel=\"canonical\" href=\"https:\/\/www.studny-smejkal.cz\/?page_id=314\" \/>\n<meta property=\"og:locale\" content=\"cs_CZ\" \/>\n<meta property=\"og:type\" content=\"article\" \/>\n<meta property=\"og:title\" content=\"Certifik\u00e1ty a opr\u00e1vn\u011bn\u00ed -\" \/>\n<meta property=\"og:description\" content=\"Na\u0161e spole\u010dnost STUDNY S&amp;K, s.r.o. se py\u0161n\u00ed \u0159adou certifik\u00e1t\u016f a opr\u00e1vn\u011bn\u00ed, kter\u00e9 potvrzuj\u00ed na\u0161i odbornou zp\u016fsobilost a vysok\u00fd standard poskytovan\u00fdch [&hellip;]\" \/>\n<meta property=\"og:url\" content=\"https:\/\/www.studny-smejkal.cz\/?page_id=314\" \/>\n<meta property=\"article:modified_time\" content=\"2024-09-20T19:46:24+00:00\" \/>\n<meta property=\"og:image\" content=\"https:\/\/www.studny-smejkal.cz\/wp-content\/uploads\/2024\/09\/opravneni_v.jpg\" \/>\n<meta name=\"twitter:card\" content=\"summary_large_image\" \/>\n<meta name=\"twitter:label1\" content=\"Odhadovan\u00e1 doba \u010dten\u00ed\" \/>\n\t<meta name=\"twitter:data1\" content=\"2 minuty\" \/>\n<script type=\"application\/ld+json\" class=\"yoast-schema-graph\">{\"@context\":\"https:\/\/schema.org\",\"@graph\":[{\"@type\":\"WebPage\",\"@id\":\"https:\/\/www.studny-smejkal.cz\/?page_id=314\",\"url\":\"https:\/\/www.studny-smejkal.cz\/?page_id=314\",\"name\":\"Certifik\u00e1ty a opr\u00e1vn\u011bn\u00ed -\",\"isPartOf\":{\"@id\":\"https:\/\/www.studny-smejkal.cz\/#website\"},\"primaryImageOfPage\":{\"@id\":\"https:\/\/www.studny-smejkal.cz\/?page_id=314#primaryimage\"},\"image\":{\"@id\":\"https:\/\/www.studny-smejkal.cz\/?page_id=314#primaryimage\"},\"thumbnailUrl\":\"https:\/\/www.studny-smejkal.cz\/wp-content\/uploads\/2024\/09\/opravneni_v.jpg\",\"datePublished\":\"2024-06-27T20:27:31+00:00\",\"dateModified\":\"2024-09-20T19:46:24+00:00\",\"breadcrumb\":{\"@id\":\"https:\/\/www.studny-smejkal.cz\/?page_id=314#breadcrumb\"},\"inLanguage\":\"cs\",\"potentialAction\":[{\"@type\":\"ReadAction\",\"target\":[\"https:\/\/www.studny-smejkal.cz\/?page_id=314\"]}]},{\"@type\":\"ImageObject\",\"inLanguage\":\"cs\",\"@id\":\"https:\/\/www.studny-smejkal.cz\/?page_id=314#primaryimage\",\"url\":\"https:\/\/www.studny-smejkal.cz\/wp-content\/uploads\/2024\/09\/opravneni_v.jpg\",\"contentUrl\":\"https:\/\/www.studny-smejkal.cz\/wp-content\/uploads\/2024\/09\/opravneni_v.jpg\",\"width\":708,\"height\":1000},{\"@type\":\"BreadcrumbList\",\"@id\":\"https:\/\/www.studny-smejkal.cz\/?page_id=314#breadcrumb\",\"itemListElement\":[{\"@type\":\"ListItem\",\"position\":1,\"name\":\"Dom\u016f\",\"item\":\"https:\/\/www.studny-smejkal.cz\/\"},{\"@type\":\"ListItem\",\"position\":2,\"name\":\"Certifik\u00e1ty a opr\u00e1vn\u011bn\u00ed\"}]},{\"@type\":\"WebSite\",\"@id\":\"https:\/\/www.studny-smejkal.cz\/#website\",\"url\":\"https:\/\/www.studny-smejkal.cz\/\",\"name\":\"studny Smejkal\",\"description\":\"Vrtan\u00e9 studny a vrty pro tepeln\u00e1 \u010derpadla\",\"publisher\":{\"@id\":\"https:\/\/www.studny-smejkal.cz\/#organization\"},\"potentialAction\":[{\"@type\":\"SearchAction\",\"target\":{\"@type\":\"EntryPoint\",\"urlTemplate\":\"https:\/\/www.studny-smejkal.cz\/?s={search_term_string}\"},\"query-input\":{\"@type\":\"PropertyValueSpecification\",\"valueRequired\":true,\"valueName\":\"search_term_string\"}}],\"inLanguage\":\"cs\"},{\"@type\":\"Organization\",\"@id\":\"https:\/\/www.studny-smejkal.cz\/#organization\",\"name\":\"STUDNY S&K, s.r.o.\",\"url\":\"https:\/\/www.studny-smejkal.cz\/\",\"logo\":{\"@type\":\"ImageObject\",\"inLanguage\":\"cs\",\"@id\":\"https:\/\/www.studny-smejkal.cz\/#\/schema\/logo\/image\/\",\"url\":\"https:\/\/www.studny-smejkal.cz\/wp-content\/uploads\/2024\/07\/Studny-Smejkal_Big.jpg\",\"contentUrl\":\"https:\/\/www.studny-smejkal.cz\/wp-content\/uploads\/2024\/07\/Studny-Smejkal_Big.jpg\",\"width\":1189,\"height\":360,\"caption\":\"STUDNY S&K, s.r.o.\"},\"image\":{\"@id\":\"https:\/\/www.studny-smejkal.cz\/#\/schema\/logo\/image\/\"}}]}<\/script>\n<!-- \/ Yoast SEO plugin. -->","yoast_head_json":{"title":"Certifik\u00e1ty a opr\u00e1vn\u011bn\u00ed -","robots":{"index":"index","follow":"follow","max-snippet":"max-snippet:-1","max-image-preview":"max-image-preview:large","max-video-preview":"max-video-preview:-1"},"canonical":"https:\/\/www.studny-smejkal.cz\/?page_id=314","og_locale":"cs_CZ","og_type":"article","og_title":"Certifik\u00e1ty a opr\u00e1vn\u011bn\u00ed -","og_description":"Na\u0161e spole\u010dnost STUDNY S&amp;K, s.r.o. se py\u0161n\u00ed \u0159adou certifik\u00e1t\u016f a opr\u00e1vn\u011bn\u00ed, kter\u00e9 potvrzuj\u00ed na\u0161i odbornou zp\u016fsobilost a vysok\u00fd standard poskytovan\u00fdch [&hellip;]","og_url":"https:\/\/www.studny-smejkal.cz\/?page_id=314","article_modified_time":"2024-09-20T19:46:24+00:00","og_image":[{"url":"https:\/\/www.studny-smejkal.cz\/wp-content\/uploads\/2024\/09\/opravneni_v.jpg"}],"twitter_card":"summary_large_image","twitter_misc":{"Odhadovan\u00e1 doba \u010dten\u00ed":"2 minuty"},"schema":{"@context":"https:\/\/schema.org","@graph":[{"@type":"WebPage","@id":"https:\/\/www.studny-smejkal.cz\/?page_id=314","url":"https:\/\/www.studny-smejkal.cz\/?page_id=314","name":"Certifik\u00e1ty a opr\u00e1vn\u011bn\u00ed -","isPartOf":{"@id":"https:\/\/www.studny-smejkal.cz\/#website"},"primaryImageOfPage":{"@id":"https:\/\/www.studny-smejkal.cz\/?page_id=314#primaryimage"},"image":{"@id":"https:\/\/www.studny-smejkal.cz\/?page_id=314#primaryimage"},"thumbnailUrl":"https:\/\/www.studny-smejkal.cz\/wp-content\/uploads\/2024\/09\/opravneni_v.jpg","datePublished":"2024-06-27T20:27:31+00:00","dateModified":"2024-09-20T19:46:24+00:00","breadcrumb":{"@id":"https:\/\/www.studny-smejkal.cz\/?page_id=314#breadcrumb"},"inLanguage":"cs","potentialAction":[{"@type":"ReadAction","target":["https:\/\/www.studny-smejkal.cz\/?page_id=314"]}]},{"@type":"ImageObject","inLanguage":"cs","@id":"https:\/\/www.studny-smejkal.cz\/?page_id=314#primaryimage","url":"https:\/\/www.studny-smejkal.cz\/wp-content\/uploads\/2024\/09\/opravneni_v.jpg","contentUrl":"https:\/\/www.studny-smejkal.cz\/wp-content\/uploads\/2024\/09\/opravneni_v.jpg","width":708,"height":1000},{"@type":"BreadcrumbList","@id":"https:\/\/www.studny-smejkal.cz\/?page_id=314#breadcrumb","itemListElement":[{"@type":"ListItem","position":1,"name":"Dom\u016f","item":"https:\/\/www.studny-smejkal.cz\/"},{"@type":"ListItem","position":2,"name":"Certifik\u00e1ty a opr\u00e1vn\u011bn\u00ed"}]},{"@type":"WebSite","@id":"https:\/\/www.studny-smejkal.cz\/#website","url":"https:\/\/www.studny-smejkal.cz\/","name":"studny Smejkal","description":"Vrtan\u00e9 studny a vrty pro tepeln\u00e1 \u010derpadla","publisher":{"@id":"https:\/\/www.studny-smejkal.cz\/#organization"},"potentialAction":[{"@type":"SearchAction","target":{"@type":"EntryPoint","urlTemplate":"https:\/\/www.studny-smejkal.cz\/?s={search_term_string}"},"query-input":{"@type":"PropertyValueSpecification","valueRequired":true,"valueName":"search_term_string"}}],"inLanguage":"cs"},{"@type":"Organization","@id":"https:\/\/www.studny-smejkal.cz\/#organization","name":"STUDNY S&K, s.r.o.","url":"https:\/\/www.studny-smejkal.cz\/","logo":{"@type":"ImageObject","inLanguage":"cs","@id":"https:\/\/www.studny-smejkal.cz\/#\/schema\/logo\/image\/","url":"https:\/\/www.studny-smejkal.cz\/wp-content\/uploads\/2024\/07\/Studny-Smejkal_Big.jpg","contentUrl":"https:\/\/www.studny-smejkal.cz\/wp-content\/uploads\/2024\/07\/Studny-Smejkal_Big.jpg","width":1189,"height":360,"caption":"STUDNY S&K, s.r.o."},"image":{"@id":"https:\/\/www.studny-smejkal.cz\/#\/schema\/logo\/image\/"}}]}},"_links":{"self":[{"href":"https:\/\/www.studny-smejkal.cz\/index.php?rest_route=\/wp\/v2\/pages\/314","targetHints":{"allow":["GET"]}}],"collection":[{"href":"https:\/\/www.studny-smejkal.cz\/index.php?rest_route=\/wp\/v2\/pages"}],"about":[{"href":"https:\/\/www.studny-smejkal.cz\/index.php?rest_route=\/wp\/v2\/types\/page"}],"author":[{"embeddable":true,"href":"https:\/\/www.studny-smejkal.cz\/index.php?rest_route=\/wp\/v2\/users\/1"}],"replies":[{"embeddable":true,"href":"https:\/\/www.studny-smejkal.cz\/index.php?rest_route=%2Fwp%2Fv2%2Fcomments&post=314"}],"version-history":[{"count":3,"href":"https:\/\/www.studny-smejkal.cz\/index.php?rest_route=\/wp\/v2\/pages\/314\/revisions"}],"predecessor-version":[{"id":1046,"href":"https:\/\/www.studny-smejkal.cz\/index.php?rest_route=\/wp\/v2\/pages\/314\/revisions\/1046"}],"wp:attachment":[{"href":"https:\/\/www.studny-smejkal.cz\/index.php?rest_route=%2Fwp%2Fv2%2Fmedia&parent=314"}],"curies":[{"name":"wp","href":"https:\/\/api.w.org\/{rel}","templated":true}]}}