{"id":203,"date":"2024-06-27T09:58:36","date_gmt":"2024-06-27T07:58:36","guid":{"rendered":"https:\/\/www.vrtanestudnyonline.cz\/?page_id=203"},"modified":"2024-06-28T11:54:21","modified_gmt":"2024-06-28T09:54:21","slug":"cisteni-studni","status":"publish","type":"page","link":"https:\/\/www.studny-smejkal.cz\/?page_id=203","title":{"rendered":"Vrtan\u00e9 studny pro velkoodb\u011brov\u00e1 m\u00edsta"},"content":{"rendered":"\n<p>Vrt\u00e1n\u00ed studny pro velkoodb\u011brov\u00e1 m\u00edsta p\u0159edstavuje specifick\u00fd in\u017een\u00fdrsk\u00fd proces, kter\u00fd zaji\u0161\u0165uje dostatek vody pro komer\u010dn\u00ed, pr\u016fmyslov\u00e9 nebo ve\u0159ejn\u00e9 \u00fa\u010dely. Na\u0161e firma se specializuje na realizaci t\u011bchto projekt\u016f, kter\u00e9 \u010dasto zahrnuj\u00ed vrt\u00e1n\u00ed s v\u011bt\u0161\u00edm pr\u016fm\u011brem a pot\u0159ebu v\u00edcen\u00e1sobn\u00fdch studn\u00ed.<\/p>\n\n\n\n<p>Pro velkoodb\u011brov\u00e1 m\u00edsta je kl\u00ed\u010dov\u00e9 spr\u00e1vn\u011b dimenzovat vrt s ohledem na o\u010dek\u00e1van\u00e9 mno\u017estv\u00ed a kvalitu podzemn\u00ed vody. Na\u0161e zku\u0161enosti a technick\u00e1 vybavenost n\u00e1m umo\u017e\u0148uj\u00ed efektivn\u011b navigovat mezi technick\u00fdmi v\u00fdzvami, kter\u00e9 takov\u00e9 projekty p\u0159in\u00e1\u0161ej\u00ed.<\/p>\n\n\n\n<p>V p\u0159\u00edpad\u011b v\u011bt\u0161\u00edch objem\u016f vody \u010dasto navrhujeme a realizujeme v\u00edce studn\u00ed, co\u017e nejen zvy\u0161uje dostupnost vody, ale tak\u00e9 zaji\u0161\u0165uje jej\u00ed stabiln\u00ed dod\u00e1vku i v p\u0159\u00edpad\u011b zv\u00fd\u0161en\u00e9 spot\u0159eby. Pr\u016fb\u011b\u017en\u00fd monitoring a \u00fadr\u017eba studn\u00ed jsou pro n\u00e1s samoz\u0159ejmost\u00ed, abychom garantovali spolehliv\u00fd provoz v dlouhodob\u00e9m horizontu.<\/p>\n\n\n\n<p>Na\u0161e technick\u00e9 \u0159e\u0161en\u00ed je v\u017edy p\u0159izp\u016fsobeno konkr\u00e9tn\u00edm pot\u0159eb\u00e1m klienta a lok\u00e1ln\u00edm podm\u00ednk\u00e1m. Spolupracujeme s p\u0159edn\u00edmi dodavateli vybaven\u00ed a materi\u00e1l\u016f, abychom zajistili vysokou kvalitu a dlouhou \u017eivotnost vrt\u016f.<\/p>\n\n\n\n<p>S d\u016frazem na profesionalitu, kvalitu a udr\u017eitelnost se sna\u017e\u00edme p\u0159in\u00e1\u0161et inovativn\u00ed \u0159e\u0161en\u00ed, kter\u00e1 odpov\u00eddaj\u00ed nejvy\u0161\u0161\u00edm standard\u016fm v oboru. Na\u0161e slu\u017eby jsou navrhov\u00e1ny tak, aby p\u0159inesly maxim\u00e1ln\u00ed u\u017eitek a spokojenost na\u0161im z\u00e1kazn\u00edk\u016fm, a\u0165 u\u017e se jedn\u00e1 o pr\u016fmyslov\u00e9 komplexy, obchodn\u00ed centra nebo komunitn\u00ed infrastrukturu.<\/p>\n","protected":false},"excerpt":{"rendered":"<p>Vrt\u00e1n\u00ed studny pro velkoodb\u011brov\u00e1 m\u00edsta p\u0159edstavuje specifick\u00fd in\u017een\u00fdrsk\u00fd proces, kter\u00fd zaji\u0161\u0165uje dostatek vody pro komer\u010dn\u00ed, pr\u016fmyslov\u00e9 nebo ve\u0159ejn\u00e9 \u00fa\u010dely. Na\u0161e [&hellip;]<\/p>\n","protected":false},"author":1,"featured_media":0,"parent":0,"menu_order":0,"comment_status":"closed","ping_status":"closed","template":"","meta":{"site-sidebar-layout":"default","site-content-layout":"","ast-site-content-layout":"","site-content-style":"default","site-sidebar-style":"default","ast-global-header-display":"","ast-banner-title-visibility":"","ast-main-header-display":"","ast-hfb-above-header-display":"","ast-hfb-below-header-display":"","ast-hfb-mobile-header-display":"","site-post-title":"","ast-breadcrumbs-content":"","ast-featured-img":"","footer-sml-layout":"","theme-transparent-header-meta":"","adv-header-id-meta":"","stick-header-meta":"","header-above-stick-meta":"","header-main-stick-meta":"","header-below-stick-meta":"","astra-migrate-meta-layouts":"default","ast-page-background-enabled":"default","ast-page-background-meta":{"desktop":{"background-color":"var(--ast-global-color-4)","background-image":"","background-repeat":"repeat","background-position":"center center","background-size":"auto","background-attachment":"scroll","background-type":"","background-media":"","overlay-type":"","overlay-color":"","overlay-opacity":"","overlay-gradient":""},"tablet":{"background-color":"","background-image":"","background-repeat":"repeat","background-position":"center center","background-size":"auto","background-attachment":"scroll","background-type":"","background-media":"","overlay-type":"","overlay-color":"","overlay-opacity":"","overlay-gradient":""},"mobile":{"background-color":"","background-image":"","background-repeat":"repeat","background-position":"center center","background-size":"auto","background-attachment":"scroll","background-type":"","background-media":"","overlay-type":"","overlay-color":"","overlay-opacity":"","overlay-gradient":""}},"ast-content-background-meta":{"desktop":{"background-color":"var(--ast-global-color-5)","background-image":"","background-repeat":"repeat","background-position":"center center","background-size":"auto","background-attachment":"scroll","background-type":"","background-media":"","overlay-type":"","overlay-color":"","overlay-opacity":"","overlay-gradient":""},"tablet":{"background-color":"var(--ast-global-color-5)","background-image":"","background-repeat":"repeat","background-position":"center center","background-size":"auto","background-attachment":"scroll","background-type":"","background-media":"","overlay-type":"","overlay-color":"","overlay-opacity":"","overlay-gradient":""},"mobile":{"background-color":"var(--ast-global-color-5)","background-image":"","background-repeat":"repeat","background-position":"center center","background-size":"auto","background-attachment":"scroll","background-type":"","background-media":"","overlay-type":"","overlay-color":"","overlay-opacity":"","overlay-gradient":""}},"_kadence_starter_templates_imported_post":false,"footnotes":""},"class_list":["post-203","page","type-page","status-publish","hentry"],"yoast_head":"<!-- This site is optimized with the Yoast SEO plugin v23.4 - https:\/\/yoast.com\/wordpress\/plugins\/seo\/ -->\n<title>Vrtan\u00e9 studny pro velkoodb\u011brov\u00e1 m\u00edsta -<\/title>\n<meta name=\"robots\" content=\"index, follow, max-snippet:-1, max-image-preview:large, max-video-preview:-1\" \/>\n<link rel=\"canonical\" href=\"https:\/\/www.studny-smejkal.cz\/?page_id=203\" \/>\n<meta property=\"og:locale\" content=\"cs_CZ\" \/>\n<meta property=\"og:type\" content=\"article\" \/>\n<meta property=\"og:title\" content=\"Vrtan\u00e9 studny pro velkoodb\u011brov\u00e1 m\u00edsta -\" \/>\n<meta property=\"og:description\" content=\"Vrt\u00e1n\u00ed studny pro velkoodb\u011brov\u00e1 m\u00edsta p\u0159edstavuje specifick\u00fd in\u017een\u00fdrsk\u00fd proces, kter\u00fd zaji\u0161\u0165uje dostatek vody pro komer\u010dn\u00ed, pr\u016fmyslov\u00e9 nebo ve\u0159ejn\u00e9 \u00fa\u010dely. Na\u0161e [&hellip;]\" \/>\n<meta property=\"og:url\" content=\"https:\/\/www.studny-smejkal.cz\/?page_id=203\" \/>\n<meta property=\"article:modified_time\" content=\"2024-06-28T09:54:21+00:00\" \/>\n<meta name=\"twitter:card\" content=\"summary_large_image\" \/>\n<meta name=\"twitter:label1\" content=\"Odhadovan\u00e1 doba \u010dten\u00ed\" \/>\n\t<meta name=\"twitter:data1\" content=\"1 minuta\" \/>\n<script type=\"application\/ld+json\" class=\"yoast-schema-graph\">{\"@context\":\"https:\/\/schema.org\",\"@graph\":[{\"@type\":\"WebPage\",\"@id\":\"https:\/\/www.studny-smejkal.cz\/?page_id=203\",\"url\":\"https:\/\/www.studny-smejkal.cz\/?page_id=203\",\"name\":\"Vrtan\u00e9 studny pro velkoodb\u011brov\u00e1 m\u00edsta -\",\"isPartOf\":{\"@id\":\"https:\/\/www.studny-smejkal.cz\/#website\"},\"datePublished\":\"2024-06-27T07:58:36+00:00\",\"dateModified\":\"2024-06-28T09:54:21+00:00\",\"breadcrumb\":{\"@id\":\"https:\/\/www.studny-smejkal.cz\/?page_id=203#breadcrumb\"},\"inLanguage\":\"cs\",\"potentialAction\":[{\"@type\":\"ReadAction\",\"target\":[\"https:\/\/www.studny-smejkal.cz\/?page_id=203\"]}]},{\"@type\":\"BreadcrumbList\",\"@id\":\"https:\/\/www.studny-smejkal.cz\/?page_id=203#breadcrumb\",\"itemListElement\":[{\"@type\":\"ListItem\",\"position\":1,\"name\":\"Dom\u016f\",\"item\":\"https:\/\/www.studny-smejkal.cz\/\"},{\"@type\":\"ListItem\",\"position\":2,\"name\":\"Vrtan\u00e9 studny pro velkoodb\u011brov\u00e1 m\u00edsta\"}]},{\"@type\":\"WebSite\",\"@id\":\"https:\/\/www.studny-smejkal.cz\/#website\",\"url\":\"https:\/\/www.studny-smejkal.cz\/\",\"name\":\"studny Smejkal\",\"description\":\"Vrtan\u00e9 studny a vrty pro tepeln\u00e1 \u010derpadla\",\"publisher\":{\"@id\":\"https:\/\/www.studny-smejkal.cz\/#organization\"},\"potentialAction\":[{\"@type\":\"SearchAction\",\"target\":{\"@type\":\"EntryPoint\",\"urlTemplate\":\"https:\/\/www.studny-smejkal.cz\/?s={search_term_string}\"},\"query-input\":{\"@type\":\"PropertyValueSpecification\",\"valueRequired\":true,\"valueName\":\"search_term_string\"}}],\"inLanguage\":\"cs\"},{\"@type\":\"Organization\",\"@id\":\"https:\/\/www.studny-smejkal.cz\/#organization\",\"name\":\"STUDNY S&K, s.r.o.\",\"url\":\"https:\/\/www.studny-smejkal.cz\/\",\"logo\":{\"@type\":\"ImageObject\",\"inLanguage\":\"cs\",\"@id\":\"https:\/\/www.studny-smejkal.cz\/#\/schema\/logo\/image\/\",\"url\":\"https:\/\/www.studny-smejkal.cz\/wp-content\/uploads\/2024\/07\/Studny-Smejkal_Big.jpg\",\"contentUrl\":\"https:\/\/www.studny-smejkal.cz\/wp-content\/uploads\/2024\/07\/Studny-Smejkal_Big.jpg\",\"width\":1189,\"height\":360,\"caption\":\"STUDNY S&K, s.r.o.\"},\"image\":{\"@id\":\"https:\/\/www.studny-smejkal.cz\/#\/schema\/logo\/image\/\"}}]}<\/script>\n<!-- \/ Yoast SEO plugin. -->","yoast_head_json":{"title":"Vrtan\u00e9 studny pro velkoodb\u011brov\u00e1 m\u00edsta -","robots":{"index":"index","follow":"follow","max-snippet":"max-snippet:-1","max-image-preview":"max-image-preview:large","max-video-preview":"max-video-preview:-1"},"canonical":"https:\/\/www.studny-smejkal.cz\/?page_id=203","og_locale":"cs_CZ","og_type":"article","og_title":"Vrtan\u00e9 studny pro velkoodb\u011brov\u00e1 m\u00edsta -","og_description":"Vrt\u00e1n\u00ed studny pro velkoodb\u011brov\u00e1 m\u00edsta p\u0159edstavuje specifick\u00fd in\u017een\u00fdrsk\u00fd proces, kter\u00fd zaji\u0161\u0165uje dostatek vody pro komer\u010dn\u00ed, pr\u016fmyslov\u00e9 nebo ve\u0159ejn\u00e9 \u00fa\u010dely. Na\u0161e [&hellip;]","og_url":"https:\/\/www.studny-smejkal.cz\/?page_id=203","article_modified_time":"2024-06-28T09:54:21+00:00","twitter_card":"summary_large_image","twitter_misc":{"Odhadovan\u00e1 doba \u010dten\u00ed":"1 minuta"},"schema":{"@context":"https:\/\/schema.org","@graph":[{"@type":"WebPage","@id":"https:\/\/www.studny-smejkal.cz\/?page_id=203","url":"https:\/\/www.studny-smejkal.cz\/?page_id=203","name":"Vrtan\u00e9 studny pro velkoodb\u011brov\u00e1 m\u00edsta -","isPartOf":{"@id":"https:\/\/www.studny-smejkal.cz\/#website"},"datePublished":"2024-06-27T07:58:36+00:00","dateModified":"2024-06-28T09:54:21+00:00","breadcrumb":{"@id":"https:\/\/www.studny-smejkal.cz\/?page_id=203#breadcrumb"},"inLanguage":"cs","potentialAction":[{"@type":"ReadAction","target":["https:\/\/www.studny-smejkal.cz\/?page_id=203"]}]},{"@type":"BreadcrumbList","@id":"https:\/\/www.studny-smejkal.cz\/?page_id=203#breadcrumb","itemListElement":[{"@type":"ListItem","position":1,"name":"Dom\u016f","item":"https:\/\/www.studny-smejkal.cz\/"},{"@type":"ListItem","position":2,"name":"Vrtan\u00e9 studny pro velkoodb\u011brov\u00e1 m\u00edsta"}]},{"@type":"WebSite","@id":"https:\/\/www.studny-smejkal.cz\/#website","url":"https:\/\/www.studny-smejkal.cz\/","name":"studny Smejkal","description":"Vrtan\u00e9 studny a vrty pro tepeln\u00e1 \u010derpadla","publisher":{"@id":"https:\/\/www.studny-smejkal.cz\/#organization"},"potentialAction":[{"@type":"SearchAction","target":{"@type":"EntryPoint","urlTemplate":"https:\/\/www.studny-smejkal.cz\/?s={search_term_string}"},"query-input":{"@type":"PropertyValueSpecification","valueRequired":true,"valueName":"search_term_string"}}],"inLanguage":"cs"},{"@type":"Organization","@id":"https:\/\/www.studny-smejkal.cz\/#organization","name":"STUDNY S&K, s.r.o.","url":"https:\/\/www.studny-smejkal.cz\/","logo":{"@type":"ImageObject","inLanguage":"cs","@id":"https:\/\/www.studny-smejkal.cz\/#\/schema\/logo\/image\/","url":"https:\/\/www.studny-smejkal.cz\/wp-content\/uploads\/2024\/07\/Studny-Smejkal_Big.jpg","contentUrl":"https:\/\/www.studny-smejkal.cz\/wp-content\/uploads\/2024\/07\/Studny-Smejkal_Big.jpg","width":1189,"height":360,"caption":"STUDNY S&K, s.r.o."},"image":{"@id":"https:\/\/www.studny-smejkal.cz\/#\/schema\/logo\/image\/"}}]}},"_links":{"self":[{"href":"https:\/\/www.studny-smejkal.cz\/index.php?rest_route=\/wp\/v2\/pages\/203","targetHints":{"allow":["GET"]}}],"collection":[{"href":"https:\/\/www.studny-smejkal.cz\/index.php?rest_route=\/wp\/v2\/pages"}],"about":[{"href":"https:\/\/www.studny-smejkal.cz\/index.php?rest_route=\/wp\/v2\/types\/page"}],"author":[{"embeddable":true,"href":"https:\/\/www.studny-smejkal.cz\/index.php?rest_route=\/wp\/v2\/users\/1"}],"replies":[{"embeddable":true,"href":"https:\/\/www.studny-smejkal.cz\/index.php?rest_route=%2Fwp%2Fv2%2Fcomments&post=203"}],"version-history":[{"count":3,"href":"https:\/\/www.studny-smejkal.cz\/index.php?rest_route=\/wp\/v2\/pages\/203\/revisions"}],"predecessor-version":[{"id":397,"href":"https:\/\/www.studny-smejkal.cz\/index.php?rest_route=\/wp\/v2\/pages\/203\/revisions\/397"}],"wp:attachment":[{"href":"https:\/\/www.studny-smejkal.cz\/index.php?rest_route=%2Fwp%2Fv2%2Fmedia&parent=203"}],"curies":[{"name":"wp","href":"https:\/\/api.w.org\/{rel}","templated":true}]}}