{"id":200,"date":"2024-06-27T09:57:35","date_gmt":"2024-06-27T07:57:35","guid":{"rendered":"https:\/\/www.vrtanestudnyonline.cz\/?page_id=200"},"modified":"2024-07-13T06:27:24","modified_gmt":"2024-07-13T04:27:24","slug":"projekty-stavebni-povoleni","status":"publish","type":"page","link":"https:\/\/www.studny-smejkal.cz\/?page_id=200","title":{"rendered":"Projekty, stavebn\u00ed povolen\u00ed"},"content":{"rendered":"\n<p>Projekty a stavebn\u00ed povolen\u00ed pro vrtan\u00e9 studny a vrt\u016f pro tepeln\u00e1 \u010derpadla p\u0159edstavuj\u00ed kl\u00ed\u010dov\u00fd krok p\u0159i jejich realizaci. Na\u0161e firma disponuje rozs\u00e1hl\u00fdmi zku\u0161enostmi v p\u0159\u00edprav\u011b a z\u00edsk\u00e1v\u00e1n\u00ed stavebn\u00edch povolen\u00ed pro tyto specifick\u00e9 projekty. <strong>V\u0161echny administrativn\u00ed z\u00e1le\u017eitosti t\u00fdkaj\u00edc\u00ed se povolen\u00ed vrt\u016f zajist\u00ed na\u0161e firma, co\u017e v\u00e1m umo\u017en\u00ed soust\u0159edit se na dal\u0161\u00ed aspekty va\u0161eho projektu<\/strong>.<\/p>\n\n\n\n<p>P\u0159i ka\u017ed\u00e9m projektu vrtan\u00fdch studn\u00ed a vrt\u016f pro tepeln\u00e1 \u010derpadla se zam\u011b\u0159ujeme na d\u016fkladnou p\u0159\u00edpravu projektov\u00e9 dokumentace obsahuj\u00edc\u00ed architektonick\u00e9 pl\u00e1ny, technick\u00e9 v\u00fdkresy a pot\u0159ebn\u00e9 studie a anal\u00fdzy. Tento proces je nezbytn\u00fd pro dodr\u017een\u00ed platn\u00e9 legislativy, stavebn\u00edch norem a po\u017eadavk\u016f ochrany \u017eivotn\u00edho prost\u0159ed\u00ed.<\/p>\n\n\n\n<p>Na\u0161i odborn\u00edci maj\u00ed hlubok\u00e9 znalosti v oblasti stavebn\u00edho pr\u00e1va a proces\u016f z\u00edsk\u00e1v\u00e1n\u00ed povolen\u00ed. Sledujeme aktu\u00e1ln\u00ed zm\u011bny a novinky v legislativ\u011b, co\u017e n\u00e1m umo\u017e\u0148uje efektivn\u011b navigovat procesem schvalov\u00e1n\u00ed a minimalizovat mo\u017en\u00e9 zpo\u017ed\u011bn\u00ed.<\/p>\n\n\n\n<p>Spolupracujeme \u00fazce s na\u0161imi klienty po celou dobu projektu, abychom zajistili maxim\u00e1ln\u00ed transparentnost a porozum\u011bn\u00ed v\u0161em f\u00e1z\u00edm projektov\u00e9ho cyklu. Na\u0161e slu\u017eby zahrnuj\u00ed tak\u00e9 aktivn\u00ed komunikaci s \u00fa\u0159ady a spr\u00e1vn\u00edmi org\u00e1ny, abychom zabezpe\u010dili hladk\u00fd pr\u016fb\u011bh a \u00fasp\u011b\u0161n\u00e9 z\u00edsk\u00e1n\u00ed pot\u0159ebn\u00fdch povolen\u00ed.<\/p>\n\n\n\n<p>S na\u0161\u00ed pomoc\u00ed m\u016f\u017eete m\u00edt jistotu, \u017ee va\u0161e vrtan\u00e9 studny a vrt pro tepeln\u00e1 \u010derpadla budou spr\u00e1vn\u011b p\u0159ipraveny a budou m\u00edt ve\u0161ker\u00e1 pot\u0159ebn\u00e1 povolen\u00ed pro jejich realizaci. Na\u0161e firma se zavazuje k poskytov\u00e1n\u00ed profesion\u00e1ln\u00edch a komplexn\u00edch slu\u017eeb, kter\u00e9 p\u0159in\u00e1\u0161ej\u00ed hodnotu a dlouhodob\u00fd \u00fasp\u011bch va\u0161ich projekt\u016f.<\/p>\n","protected":false},"excerpt":{"rendered":"<p>Projekty a stavebn\u00ed povolen\u00ed pro vrtan\u00e9 studny a vrt\u016f pro tepeln\u00e1 \u010derpadla p\u0159edstavuj\u00ed kl\u00ed\u010dov\u00fd krok p\u0159i jejich realizaci. Na\u0161e firma [&hellip;]<\/p>\n","protected":false},"author":1,"featured_media":0,"parent":0,"menu_order":0,"comment_status":"closed","ping_status":"closed","template":"","meta":{"site-sidebar-layout":"default","site-content-layout":"","ast-site-content-layout":"","site-content-style":"default","site-sidebar-style":"default","ast-global-header-display":"","ast-banner-title-visibility":"","ast-main-header-display":"","ast-hfb-above-header-display":"","ast-hfb-below-header-display":"","ast-hfb-mobile-header-display":"","site-post-title":"","ast-breadcrumbs-content":"","ast-featured-img":"","footer-sml-layout":"","theme-transparent-header-meta":"","adv-header-id-meta":"","stick-header-meta":"","header-above-stick-meta":"","header-main-stick-meta":"","header-below-stick-meta":"","astra-migrate-meta-layouts":"default","ast-page-background-enabled":"default","ast-page-background-meta":{"desktop":{"background-color":"var(--ast-global-color-4)","background-image":"","background-repeat":"repeat","background-position":"center center","background-size":"auto","background-attachment":"scroll","background-type":"","background-media":"","overlay-type":"","overlay-color":"","overlay-opacity":"","overlay-gradient":""},"tablet":{"background-color":"","background-image":"","background-repeat":"repeat","background-position":"center center","background-size":"auto","background-attachment":"scroll","background-type":"","background-media":"","overlay-type":"","overlay-color":"","overlay-opacity":"","overlay-gradient":""},"mobile":{"background-color":"","background-image":"","background-repeat":"repeat","background-position":"center center","background-size":"auto","background-attachment":"scroll","background-type":"","background-media":"","overlay-type":"","overlay-color":"","overlay-opacity":"","overlay-gradient":""}},"ast-content-background-meta":{"desktop":{"background-color":"var(--ast-global-color-5)","background-image":"","background-repeat":"repeat","background-position":"center center","background-size":"auto","background-attachment":"scroll","background-type":"","background-media":"","overlay-type":"","overlay-color":"","overlay-opacity":"","overlay-gradient":""},"tablet":{"background-color":"var(--ast-global-color-5)","background-image":"","background-repeat":"repeat","background-position":"center center","background-size":"auto","background-attachment":"scroll","background-type":"","background-media":"","overlay-type":"","overlay-color":"","overlay-opacity":"","overlay-gradient":""},"mobile":{"background-color":"var(--ast-global-color-5)","background-image":"","background-repeat":"repeat","background-position":"center center","background-size":"auto","background-attachment":"scroll","background-type":"","background-media":"","overlay-type":"","overlay-color":"","overlay-opacity":"","overlay-gradient":""}},"_kadence_starter_templates_imported_post":false,"footnotes":""},"class_list":["post-200","page","type-page","status-publish","hentry"],"yoast_head":"<!-- This site is optimized with the Yoast SEO plugin v23.4 - https:\/\/yoast.com\/wordpress\/plugins\/seo\/ -->\n<title>Projekty, stavebn\u00ed povolen\u00ed -<\/title>\n<meta name=\"description\" content=\"Projekty a stavebn\u00ed povolen\u00ed pro vrtan\u00e9 studny a vrt\u016f pro tepeln\u00e1 \u010derpadla.\" \/>\n<meta name=\"robots\" content=\"index, follow, max-snippet:-1, max-image-preview:large, max-video-preview:-1\" \/>\n<link rel=\"canonical\" href=\"https:\/\/www.studny-smejkal.cz\/?page_id=200\" \/>\n<meta property=\"og:locale\" content=\"cs_CZ\" \/>\n<meta property=\"og:type\" content=\"article\" \/>\n<meta property=\"og:title\" content=\"Projekty, stavebn\u00ed povolen\u00ed -\" \/>\n<meta property=\"og:description\" content=\"Projekty a stavebn\u00ed povolen\u00ed pro vrtan\u00e9 studny a vrt\u016f pro tepeln\u00e1 \u010derpadla.\" \/>\n<meta property=\"og:url\" content=\"https:\/\/www.studny-smejkal.cz\/?page_id=200\" \/>\n<meta property=\"article:modified_time\" content=\"2024-07-13T04:27:24+00:00\" \/>\n<meta name=\"twitter:card\" content=\"summary_large_image\" \/>\n<meta name=\"twitter:label1\" content=\"Odhadovan\u00e1 doba \u010dten\u00ed\" \/>\n\t<meta name=\"twitter:data1\" content=\"2 minuty\" \/>\n<script type=\"application\/ld+json\" class=\"yoast-schema-graph\">{\"@context\":\"https:\/\/schema.org\",\"@graph\":[{\"@type\":\"WebPage\",\"@id\":\"https:\/\/www.studny-smejkal.cz\/?page_id=200\",\"url\":\"https:\/\/www.studny-smejkal.cz\/?page_id=200\",\"name\":\"Projekty, stavebn\u00ed povolen\u00ed -\",\"isPartOf\":{\"@id\":\"https:\/\/www.studny-smejkal.cz\/#website\"},\"datePublished\":\"2024-06-27T07:57:35+00:00\",\"dateModified\":\"2024-07-13T04:27:24+00:00\",\"description\":\"Projekty a stavebn\u00ed povolen\u00ed pro vrtan\u00e9 studny a vrt\u016f pro tepeln\u00e1 \u010derpadla.\",\"breadcrumb\":{\"@id\":\"https:\/\/www.studny-smejkal.cz\/?page_id=200#breadcrumb\"},\"inLanguage\":\"cs\",\"potentialAction\":[{\"@type\":\"ReadAction\",\"target\":[\"https:\/\/www.studny-smejkal.cz\/?page_id=200\"]}]},{\"@type\":\"BreadcrumbList\",\"@id\":\"https:\/\/www.studny-smejkal.cz\/?page_id=200#breadcrumb\",\"itemListElement\":[{\"@type\":\"ListItem\",\"position\":1,\"name\":\"Dom\u016f\",\"item\":\"https:\/\/www.studny-smejkal.cz\/\"},{\"@type\":\"ListItem\",\"position\":2,\"name\":\"Projekty, stavebn\u00ed povolen\u00ed\"}]},{\"@type\":\"WebSite\",\"@id\":\"https:\/\/www.studny-smejkal.cz\/#website\",\"url\":\"https:\/\/www.studny-smejkal.cz\/\",\"name\":\"studny Smejkal\",\"description\":\"Vrtan\u00e9 studny a vrty pro tepeln\u00e1 \u010derpadla\",\"publisher\":{\"@id\":\"https:\/\/www.studny-smejkal.cz\/#organization\"},\"potentialAction\":[{\"@type\":\"SearchAction\",\"target\":{\"@type\":\"EntryPoint\",\"urlTemplate\":\"https:\/\/www.studny-smejkal.cz\/?s={search_term_string}\"},\"query-input\":{\"@type\":\"PropertyValueSpecification\",\"valueRequired\":true,\"valueName\":\"search_term_string\"}}],\"inLanguage\":\"cs\"},{\"@type\":\"Organization\",\"@id\":\"https:\/\/www.studny-smejkal.cz\/#organization\",\"name\":\"STUDNY S&K, s.r.o.\",\"url\":\"https:\/\/www.studny-smejkal.cz\/\",\"logo\":{\"@type\":\"ImageObject\",\"inLanguage\":\"cs\",\"@id\":\"https:\/\/www.studny-smejkal.cz\/#\/schema\/logo\/image\/\",\"url\":\"https:\/\/www.studny-smejkal.cz\/wp-content\/uploads\/2024\/07\/Studny-Smejkal_Big.jpg\",\"contentUrl\":\"https:\/\/www.studny-smejkal.cz\/wp-content\/uploads\/2024\/07\/Studny-Smejkal_Big.jpg\",\"width\":1189,\"height\":360,\"caption\":\"STUDNY S&K, s.r.o.\"},\"image\":{\"@id\":\"https:\/\/www.studny-smejkal.cz\/#\/schema\/logo\/image\/\"}}]}<\/script>\n<!-- \/ Yoast SEO plugin. -->","yoast_head_json":{"title":"Projekty, stavebn\u00ed povolen\u00ed -","description":"Projekty a stavebn\u00ed povolen\u00ed pro vrtan\u00e9 studny a vrt\u016f pro tepeln\u00e1 \u010derpadla.","robots":{"index":"index","follow":"follow","max-snippet":"max-snippet:-1","max-image-preview":"max-image-preview:large","max-video-preview":"max-video-preview:-1"},"canonical":"https:\/\/www.studny-smejkal.cz\/?page_id=200","og_locale":"cs_CZ","og_type":"article","og_title":"Projekty, stavebn\u00ed povolen\u00ed -","og_description":"Projekty a stavebn\u00ed povolen\u00ed pro vrtan\u00e9 studny a vrt\u016f pro tepeln\u00e1 \u010derpadla.","og_url":"https:\/\/www.studny-smejkal.cz\/?page_id=200","article_modified_time":"2024-07-13T04:27:24+00:00","twitter_card":"summary_large_image","twitter_misc":{"Odhadovan\u00e1 doba \u010dten\u00ed":"2 minuty"},"schema":{"@context":"https:\/\/schema.org","@graph":[{"@type":"WebPage","@id":"https:\/\/www.studny-smejkal.cz\/?page_id=200","url":"https:\/\/www.studny-smejkal.cz\/?page_id=200","name":"Projekty, stavebn\u00ed povolen\u00ed -","isPartOf":{"@id":"https:\/\/www.studny-smejkal.cz\/#website"},"datePublished":"2024-06-27T07:57:35+00:00","dateModified":"2024-07-13T04:27:24+00:00","description":"Projekty a stavebn\u00ed povolen\u00ed pro vrtan\u00e9 studny a vrt\u016f pro tepeln\u00e1 \u010derpadla.","breadcrumb":{"@id":"https:\/\/www.studny-smejkal.cz\/?page_id=200#breadcrumb"},"inLanguage":"cs","potentialAction":[{"@type":"ReadAction","target":["https:\/\/www.studny-smejkal.cz\/?page_id=200"]}]},{"@type":"BreadcrumbList","@id":"https:\/\/www.studny-smejkal.cz\/?page_id=200#breadcrumb","itemListElement":[{"@type":"ListItem","position":1,"name":"Dom\u016f","item":"https:\/\/www.studny-smejkal.cz\/"},{"@type":"ListItem","position":2,"name":"Projekty, stavebn\u00ed povolen\u00ed"}]},{"@type":"WebSite","@id":"https:\/\/www.studny-smejkal.cz\/#website","url":"https:\/\/www.studny-smejkal.cz\/","name":"studny Smejkal","description":"Vrtan\u00e9 studny a vrty pro tepeln\u00e1 \u010derpadla","publisher":{"@id":"https:\/\/www.studny-smejkal.cz\/#organization"},"potentialAction":[{"@type":"SearchAction","target":{"@type":"EntryPoint","urlTemplate":"https:\/\/www.studny-smejkal.cz\/?s={search_term_string}"},"query-input":{"@type":"PropertyValueSpecification","valueRequired":true,"valueName":"search_term_string"}}],"inLanguage":"cs"},{"@type":"Organization","@id":"https:\/\/www.studny-smejkal.cz\/#organization","name":"STUDNY S&K, s.r.o.","url":"https:\/\/www.studny-smejkal.cz\/","logo":{"@type":"ImageObject","inLanguage":"cs","@id":"https:\/\/www.studny-smejkal.cz\/#\/schema\/logo\/image\/","url":"https:\/\/www.studny-smejkal.cz\/wp-content\/uploads\/2024\/07\/Studny-Smejkal_Big.jpg","contentUrl":"https:\/\/www.studny-smejkal.cz\/wp-content\/uploads\/2024\/07\/Studny-Smejkal_Big.jpg","width":1189,"height":360,"caption":"STUDNY S&K, s.r.o."},"image":{"@id":"https:\/\/www.studny-smejkal.cz\/#\/schema\/logo\/image\/"}}]}},"_links":{"self":[{"href":"https:\/\/www.studny-smejkal.cz\/index.php?rest_route=\/wp\/v2\/pages\/200","targetHints":{"allow":["GET"]}}],"collection":[{"href":"https:\/\/www.studny-smejkal.cz\/index.php?rest_route=\/wp\/v2\/pages"}],"about":[{"href":"https:\/\/www.studny-smejkal.cz\/index.php?rest_route=\/wp\/v2\/types\/page"}],"author":[{"embeddable":true,"href":"https:\/\/www.studny-smejkal.cz\/index.php?rest_route=\/wp\/v2\/users\/1"}],"replies":[{"embeddable":true,"href":"https:\/\/www.studny-smejkal.cz\/index.php?rest_route=%2Fwp%2Fv2%2Fcomments&post=200"}],"version-history":[{"count":2,"href":"https:\/\/www.studny-smejkal.cz\/index.php?rest_route=\/wp\/v2\/pages\/200\/revisions"}],"predecessor-version":[{"id":400,"href":"https:\/\/www.studny-smejkal.cz\/index.php?rest_route=\/wp\/v2\/pages\/200\/revisions\/400"}],"wp:attachment":[{"href":"https:\/\/www.studny-smejkal.cz\/index.php?rest_route=%2Fwp%2Fv2%2Fmedia&parent=200"}],"curies":[{"name":"wp","href":"https:\/\/api.w.org\/{rel}","templated":true}]}}