{"id":197,"date":"2024-06-27T09:55:45","date_gmt":"2024-06-27T07:55:45","guid":{"rendered":"https:\/\/www.vrtanestudnyonline.cz\/?page_id=197"},"modified":"2024-06-28T12:33:34","modified_gmt":"2024-06-28T10:33:34","slug":"cerpaci-technika","status":"publish","type":"page","link":"https:\/\/www.studny-smejkal.cz\/?page_id=197","title":{"rendered":"\u010cerpac\u00ed technika"},"content":{"rendered":"\n<div class=\"wp-block-media-text is-stacked-on-mobile\"><figure class=\"wp-block-media-text__media\"><img fetchpriority=\"high\" decoding=\"async\" width=\"1024\" height=\"683\" src=\"https:\/\/www.vrtanestudnyonline.cz\/wp-content\/uploads\/2024\/06\/018755og-1-1024x683.jpg\" alt=\"\" class=\"wp-image-421 size-full\" srcset=\"https:\/\/www.studny-smejkal.cz\/wp-content\/uploads\/2024\/06\/018755og-1-1024x683.jpg 1024w, https:\/\/www.studny-smejkal.cz\/wp-content\/uploads\/2024\/06\/018755og-1-300x200.jpg 300w, https:\/\/www.studny-smejkal.cz\/wp-content\/uploads\/2024\/06\/018755og-1-768x512.jpg 768w, https:\/\/www.studny-smejkal.cz\/wp-content\/uploads\/2024\/06\/018755og-1.jpg 1206w\" sizes=\"(max-width: 1024px) 100vw, 1024px\" \/><\/figure><div class=\"wp-block-media-text__content\">\n<p>Na\u0161e firma se specializuje na dod\u00e1vku a instalaci \u010derpac\u00ed techniky renomovan\u00e9 <strong>zna\u010dky Grundfos<\/strong>. Tato technika je vysoce kvalitn\u00ed a spolehliv\u00e1, co\u017e je v souladu s na\u0161\u00edm p\u0159\u00edstupem k poskytov\u00e1n\u00ed slu\u017eeb nejvy\u0161\u0161\u00ed \u00farovn\u011b. Na\u0161i zku\u0161en\u00ed technici zaji\u0161\u0165uj\u00ed profesion\u00e1ln\u00ed instalaci \u010derpadel do vrtan\u00fdch studn\u00ed, aby byl dosa\u017een optim\u00e1ln\u00ed v\u00fdkon a efektivita. Ka\u017ed\u00e1 instalace je pe\u010dliv\u011b prov\u011b\u0159ena \u010derpac\u00ed zkou\u0161kou, kter\u00e1 garantuje bezprobl\u00e9mov\u00fd provoz za\u0159\u00edzen\u00ed.<\/p>\n\n\n\n<p>Krom\u011b dod\u00e1vky a instalace \u010derpadel Grundfos se tak\u00e9 zam\u011b\u0159ujeme na individu\u00e1ln\u00ed p\u0159\u00edstup k pot\u0159eb\u00e1m z\u00e1kazn\u00edka. Analyzujeme specifick\u00e9 po\u017eadavky na hloubku vrtu a v\u00fdkon studny, abychom mohli doporu\u010dit optim\u00e1ln\u00ed \u010derpac\u00ed techniku. Na\u0161e slu\u017eby zahrnuj\u00ed komplexn\u00ed servis a poradenstv\u00ed, abychom v\u00e1m mohli poskytnout nejlep\u0161\u00ed mo\u017en\u00e9 \u0159e\u0161en\u00ed pro zaji\u0161t\u011bn\u00ed stabiln\u00ed dod\u00e1vky vody.<\/p>\n\n\n\n<p>Tento p\u0159\u00edstup n\u00e1m umo\u017e\u0148uje garantovat, \u017ee \u010derpac\u00ed technika, kterou instalujeme, je nejen efektivn\u00ed, ale i dlouhodob\u011b spolehliv\u00e1, p\u0159isp\u00edvaj\u00edc\u00ed k optim\u00e1ln\u00edmu vyu\u017eit\u00ed va\u0161ich vodn\u00edch zdroj\u016f.<\/p>\n<\/div><\/div>\n\n\n\n<p>V p\u0159\u00edpad\u011b, \u017ee dojde k poru\u0161e \u010derpadla, na\u0161e firma zaji\u0161\u0165uje kompletn\u00ed servis a opravy. Na\u0161i technici jsou vy\u0161koleni a certifikov\u00e1ni k proveden\u00ed ve\u0161ker\u00fdch pot\u0159ebn\u00fdch oprav p\u0159\u00edmo na m\u00edst\u011b. Pokud je nutn\u00e1 n\u00e1hrada d\u00edl\u016f, disponujeme skladem n\u00e1hradn\u00edch sou\u010d\u00e1stek \u010derpadel Grundfos, co\u017e n\u00e1m umo\u017e\u0148uje rychl\u00e9 a efektivn\u00ed \u0159e\u0161en\u00ed jak\u00fdchkoli probl\u00e9m\u016f.<\/p>\n\n\n\n<p>Krom\u011b b\u011b\u017en\u00fdch oprav se tak\u00e9 specializujeme na pravidelnou \u00fadr\u017ebu \u010derpac\u00ed techniky, kter\u00e1 zahrnuje kontrolu a nastaven\u00ed za\u0159\u00edzen\u00ed pro optim\u00e1ln\u00ed v\u00fdkon a dlouhou \u017eivotnost. Na\u0161i z\u00e1kazn\u00edci si tak mohou b\u00fdt jisti, \u017ee jejich \u010derpac\u00ed za\u0159\u00edzen\u00ed bude v\u017edy spolehliv\u011b fungovat a pln\u011b odpov\u00eddat jejich pot\u0159eb\u00e1m.<\/p>\n\n\n\n<p>S na\u0161\u00ed slu\u017ebou servisu a \u00fadr\u017eby m\u016f\u017eete m\u00edt klidn\u00e9 sv\u011bdom\u00ed, \u017ee va\u0161e investice do \u010derpac\u00ed techniky jsou chr\u00e1n\u011bny a \u017ee jsme tu pro v\u00e1s s kompletn\u00edm \u0159e\u0161en\u00edm ka\u017ed\u00e9ho probl\u00e9mu, kter\u00fd by se mohl vyskytnout.<\/p>\n","protected":false},"excerpt":{"rendered":"<p>Na\u0161e firma se specializuje na dod\u00e1vku a instalaci \u010derpac\u00ed techniky renomovan\u00e9 zna\u010dky Grundfos. Tato technika je vysoce kvalitn\u00ed a spolehliv\u00e1, [&hellip;]<\/p>\n","protected":false},"author":1,"featured_media":0,"parent":0,"menu_order":0,"comment_status":"closed","ping_status":"closed","template":"","meta":{"site-sidebar-layout":"default","site-content-layout":"","ast-site-content-layout":"","site-content-style":"default","site-sidebar-style":"default","ast-global-header-display":"","ast-banner-title-visibility":"","ast-main-header-display":"","ast-hfb-above-header-display":"","ast-hfb-below-header-display":"","ast-hfb-mobile-header-display":"","site-post-title":"","ast-breadcrumbs-content":"","ast-featured-img":"","footer-sml-layout":"","theme-transparent-header-meta":"","adv-header-id-meta":"","stick-header-meta":"","header-above-stick-meta":"","header-main-stick-meta":"","header-below-stick-meta":"","astra-migrate-meta-layouts":"default","ast-page-background-enabled":"default","ast-page-background-meta":{"desktop":{"background-color":"var(--ast-global-color-4)","background-image":"","background-repeat":"repeat","background-position":"center center","background-size":"auto","background-attachment":"scroll","background-type":"","background-media":"","overlay-type":"","overlay-color":"","overlay-opacity":"","overlay-gradient":""},"tablet":{"background-color":"","background-image":"","background-repeat":"repeat","background-position":"center center","background-size":"auto","background-attachment":"scroll","background-type":"","background-media":"","overlay-type":"","overlay-color":"","overlay-opacity":"","overlay-gradient":""},"mobile":{"background-color":"","background-image":"","background-repeat":"repeat","background-position":"center center","background-size":"auto","background-attachment":"scroll","background-type":"","background-media":"","overlay-type":"","overlay-color":"","overlay-opacity":"","overlay-gradient":""}},"ast-content-background-meta":{"desktop":{"background-color":"var(--ast-global-color-5)","background-image":"","background-repeat":"repeat","background-position":"center center","background-size":"auto","background-attachment":"scroll","background-type":"","background-media":"","overlay-type":"","overlay-color":"","overlay-opacity":"","overlay-gradient":""},"tablet":{"background-color":"var(--ast-global-color-5)","background-image":"","background-repeat":"repeat","background-position":"center center","background-size":"auto","background-attachment":"scroll","background-type":"","background-media":"","overlay-type":"","overlay-color":"","overlay-opacity":"","overlay-gradient":""},"mobile":{"background-color":"var(--ast-global-color-5)","background-image":"","background-repeat":"repeat","background-position":"center center","background-size":"auto","background-attachment":"scroll","background-type":"","background-media":"","overlay-type":"","overlay-color":"","overlay-opacity":"","overlay-gradient":""}},"_kadence_starter_templates_imported_post":false,"footnotes":""},"class_list":["post-197","page","type-page","status-publish","hentry"],"yoast_head":"<!-- This site is optimized with the Yoast SEO plugin v23.4 - https:\/\/yoast.com\/wordpress\/plugins\/seo\/ -->\n<title>\u010cerpac\u00ed technika -<\/title>\n<meta name=\"robots\" content=\"index, follow, max-snippet:-1, max-image-preview:large, max-video-preview:-1\" \/>\n<link rel=\"canonical\" href=\"https:\/\/www.studny-smejkal.cz\/?page_id=197\" \/>\n<meta property=\"og:locale\" content=\"cs_CZ\" \/>\n<meta property=\"og:type\" content=\"article\" \/>\n<meta property=\"og:title\" content=\"\u010cerpac\u00ed technika -\" \/>\n<meta property=\"og:description\" content=\"Na\u0161e firma se specializuje na dod\u00e1vku a instalaci \u010derpac\u00ed techniky renomovan\u00e9 zna\u010dky Grundfos. Tato technika je vysoce kvalitn\u00ed a spolehliv\u00e1, [&hellip;]\" \/>\n<meta property=\"og:url\" content=\"https:\/\/www.studny-smejkal.cz\/?page_id=197\" \/>\n<meta property=\"article:modified_time\" content=\"2024-06-28T10:33:34+00:00\" \/>\n<meta property=\"og:image\" content=\"https:\/\/www.vrtanestudnyonline.cz\/wp-content\/uploads\/2024\/06\/018755og-1-1024x683.jpg\" \/>\n<meta name=\"twitter:card\" content=\"summary_large_image\" \/>\n<meta name=\"twitter:label1\" content=\"Odhadovan\u00e1 doba \u010dten\u00ed\" \/>\n\t<meta name=\"twitter:data1\" content=\"2 minuty\" \/>\n<script type=\"application\/ld+json\" class=\"yoast-schema-graph\">{\"@context\":\"https:\/\/schema.org\",\"@graph\":[{\"@type\":\"WebPage\",\"@id\":\"https:\/\/www.studny-smejkal.cz\/?page_id=197\",\"url\":\"https:\/\/www.studny-smejkal.cz\/?page_id=197\",\"name\":\"\u010cerpac\u00ed technika -\",\"isPartOf\":{\"@id\":\"https:\/\/www.studny-smejkal.cz\/#website\"},\"primaryImageOfPage\":{\"@id\":\"https:\/\/www.studny-smejkal.cz\/?page_id=197#primaryimage\"},\"image\":{\"@id\":\"https:\/\/www.studny-smejkal.cz\/?page_id=197#primaryimage\"},\"thumbnailUrl\":\"https:\/\/www.vrtanestudnyonline.cz\/wp-content\/uploads\/2024\/06\/018755og-1-1024x683.jpg\",\"datePublished\":\"2024-06-27T07:55:45+00:00\",\"dateModified\":\"2024-06-28T10:33:34+00:00\",\"breadcrumb\":{\"@id\":\"https:\/\/www.studny-smejkal.cz\/?page_id=197#breadcrumb\"},\"inLanguage\":\"cs\",\"potentialAction\":[{\"@type\":\"ReadAction\",\"target\":[\"https:\/\/www.studny-smejkal.cz\/?page_id=197\"]}]},{\"@type\":\"ImageObject\",\"inLanguage\":\"cs\",\"@id\":\"https:\/\/www.studny-smejkal.cz\/?page_id=197#primaryimage\",\"url\":\"https:\/\/www.vrtanestudnyonline.cz\/wp-content\/uploads\/2024\/06\/018755og-1-1024x683.jpg\",\"contentUrl\":\"https:\/\/www.vrtanestudnyonline.cz\/wp-content\/uploads\/2024\/06\/018755og-1-1024x683.jpg\"},{\"@type\":\"BreadcrumbList\",\"@id\":\"https:\/\/www.studny-smejkal.cz\/?page_id=197#breadcrumb\",\"itemListElement\":[{\"@type\":\"ListItem\",\"position\":1,\"name\":\"Dom\u016f\",\"item\":\"https:\/\/www.studny-smejkal.cz\/\"},{\"@type\":\"ListItem\",\"position\":2,\"name\":\"\u010cerpac\u00ed technika\"}]},{\"@type\":\"WebSite\",\"@id\":\"https:\/\/www.studny-smejkal.cz\/#website\",\"url\":\"https:\/\/www.studny-smejkal.cz\/\",\"name\":\"studny Smejkal\",\"description\":\"Vrtan\u00e9 studny a vrty pro tepeln\u00e1 \u010derpadla\",\"publisher\":{\"@id\":\"https:\/\/www.studny-smejkal.cz\/#organization\"},\"potentialAction\":[{\"@type\":\"SearchAction\",\"target\":{\"@type\":\"EntryPoint\",\"urlTemplate\":\"https:\/\/www.studny-smejkal.cz\/?s={search_term_string}\"},\"query-input\":{\"@type\":\"PropertyValueSpecification\",\"valueRequired\":true,\"valueName\":\"search_term_string\"}}],\"inLanguage\":\"cs\"},{\"@type\":\"Organization\",\"@id\":\"https:\/\/www.studny-smejkal.cz\/#organization\",\"name\":\"STUDNY S&K, s.r.o.\",\"url\":\"https:\/\/www.studny-smejkal.cz\/\",\"logo\":{\"@type\":\"ImageObject\",\"inLanguage\":\"cs\",\"@id\":\"https:\/\/www.studny-smejkal.cz\/#\/schema\/logo\/image\/\",\"url\":\"https:\/\/www.studny-smejkal.cz\/wp-content\/uploads\/2024\/07\/Studny-Smejkal_Big.jpg\",\"contentUrl\":\"https:\/\/www.studny-smejkal.cz\/wp-content\/uploads\/2024\/07\/Studny-Smejkal_Big.jpg\",\"width\":1189,\"height\":360,\"caption\":\"STUDNY S&K, s.r.o.\"},\"image\":{\"@id\":\"https:\/\/www.studny-smejkal.cz\/#\/schema\/logo\/image\/\"}}]}<\/script>\n<!-- \/ Yoast SEO plugin. -->","yoast_head_json":{"title":"\u010cerpac\u00ed technika -","robots":{"index":"index","follow":"follow","max-snippet":"max-snippet:-1","max-image-preview":"max-image-preview:large","max-video-preview":"max-video-preview:-1"},"canonical":"https:\/\/www.studny-smejkal.cz\/?page_id=197","og_locale":"cs_CZ","og_type":"article","og_title":"\u010cerpac\u00ed technika -","og_description":"Na\u0161e firma se specializuje na dod\u00e1vku a instalaci \u010derpac\u00ed techniky renomovan\u00e9 zna\u010dky Grundfos. Tato technika je vysoce kvalitn\u00ed a spolehliv\u00e1, [&hellip;]","og_url":"https:\/\/www.studny-smejkal.cz\/?page_id=197","article_modified_time":"2024-06-28T10:33:34+00:00","og_image":[{"url":"https:\/\/www.vrtanestudnyonline.cz\/wp-content\/uploads\/2024\/06\/018755og-1-1024x683.jpg"}],"twitter_card":"summary_large_image","twitter_misc":{"Odhadovan\u00e1 doba \u010dten\u00ed":"2 minuty"},"schema":{"@context":"https:\/\/schema.org","@graph":[{"@type":"WebPage","@id":"https:\/\/www.studny-smejkal.cz\/?page_id=197","url":"https:\/\/www.studny-smejkal.cz\/?page_id=197","name":"\u010cerpac\u00ed technika -","isPartOf":{"@id":"https:\/\/www.studny-smejkal.cz\/#website"},"primaryImageOfPage":{"@id":"https:\/\/www.studny-smejkal.cz\/?page_id=197#primaryimage"},"image":{"@id":"https:\/\/www.studny-smejkal.cz\/?page_id=197#primaryimage"},"thumbnailUrl":"https:\/\/www.vrtanestudnyonline.cz\/wp-content\/uploads\/2024\/06\/018755og-1-1024x683.jpg","datePublished":"2024-06-27T07:55:45+00:00","dateModified":"2024-06-28T10:33:34+00:00","breadcrumb":{"@id":"https:\/\/www.studny-smejkal.cz\/?page_id=197#breadcrumb"},"inLanguage":"cs","potentialAction":[{"@type":"ReadAction","target":["https:\/\/www.studny-smejkal.cz\/?page_id=197"]}]},{"@type":"ImageObject","inLanguage":"cs","@id":"https:\/\/www.studny-smejkal.cz\/?page_id=197#primaryimage","url":"https:\/\/www.vrtanestudnyonline.cz\/wp-content\/uploads\/2024\/06\/018755og-1-1024x683.jpg","contentUrl":"https:\/\/www.vrtanestudnyonline.cz\/wp-content\/uploads\/2024\/06\/018755og-1-1024x683.jpg"},{"@type":"BreadcrumbList","@id":"https:\/\/www.studny-smejkal.cz\/?page_id=197#breadcrumb","itemListElement":[{"@type":"ListItem","position":1,"name":"Dom\u016f","item":"https:\/\/www.studny-smejkal.cz\/"},{"@type":"ListItem","position":2,"name":"\u010cerpac\u00ed technika"}]},{"@type":"WebSite","@id":"https:\/\/www.studny-smejkal.cz\/#website","url":"https:\/\/www.studny-smejkal.cz\/","name":"studny Smejkal","description":"Vrtan\u00e9 studny a vrty pro tepeln\u00e1 \u010derpadla","publisher":{"@id":"https:\/\/www.studny-smejkal.cz\/#organization"},"potentialAction":[{"@type":"SearchAction","target":{"@type":"EntryPoint","urlTemplate":"https:\/\/www.studny-smejkal.cz\/?s={search_term_string}"},"query-input":{"@type":"PropertyValueSpecification","valueRequired":true,"valueName":"search_term_string"}}],"inLanguage":"cs"},{"@type":"Organization","@id":"https:\/\/www.studny-smejkal.cz\/#organization","name":"STUDNY S&K, s.r.o.","url":"https:\/\/www.studny-smejkal.cz\/","logo":{"@type":"ImageObject","inLanguage":"cs","@id":"https:\/\/www.studny-smejkal.cz\/#\/schema\/logo\/image\/","url":"https:\/\/www.studny-smejkal.cz\/wp-content\/uploads\/2024\/07\/Studny-Smejkal_Big.jpg","contentUrl":"https:\/\/www.studny-smejkal.cz\/wp-content\/uploads\/2024\/07\/Studny-Smejkal_Big.jpg","width":1189,"height":360,"caption":"STUDNY S&K, s.r.o."},"image":{"@id":"https:\/\/www.studny-smejkal.cz\/#\/schema\/logo\/image\/"}}]}},"_links":{"self":[{"href":"https:\/\/www.studny-smejkal.cz\/index.php?rest_route=\/wp\/v2\/pages\/197","targetHints":{"allow":["GET"]}}],"collection":[{"href":"https:\/\/www.studny-smejkal.cz\/index.php?rest_route=\/wp\/v2\/pages"}],"about":[{"href":"https:\/\/www.studny-smejkal.cz\/index.php?rest_route=\/wp\/v2\/types\/page"}],"author":[{"embeddable":true,"href":"https:\/\/www.studny-smejkal.cz\/index.php?rest_route=\/wp\/v2\/users\/1"}],"replies":[{"embeddable":true,"href":"https:\/\/www.studny-smejkal.cz\/index.php?rest_route=%2Fwp%2Fv2%2Fcomments&post=197"}],"version-history":[{"count":12,"href":"https:\/\/www.studny-smejkal.cz\/index.php?rest_route=\/wp\/v2\/pages\/197\/revisions"}],"predecessor-version":[{"id":424,"href":"https:\/\/www.studny-smejkal.cz\/index.php?rest_route=\/wp\/v2\/pages\/197\/revisions\/424"}],"wp:attachment":[{"href":"https:\/\/www.studny-smejkal.cz\/index.php?rest_route=%2Fwp%2Fv2%2Fmedia&parent=197"}],"curies":[{"name":"wp","href":"https:\/\/api.w.org\/{rel}","templated":true}]}}