{"id":182,"date":"2024-06-27T09:44:59","date_gmt":"2024-06-27T07:44:59","guid":{"rendered":"https:\/\/www.vrtanestudnyonline.cz\/?page_id=182"},"modified":"2024-07-01T14:17:27","modified_gmt":"2024-07-01T12:17:27","slug":"portfolio-sluzeb","status":"publish","type":"page","link":"https:\/\/www.studny-smejkal.cz\/?page_id=182","title":{"rendered":"Portfolio slu\u017eeb"},"content":{"rendered":"\n<div class=\"wp-block-columns alignwide is-layout-flex wp-container-core-columns-is-layout-d2da2050 wp-block-columns-is-layout-flex\" style=\"margin-bottom:0\">\n<div class=\"wp-block-column has-ast-global-color-4-background-color has-text-color has-background has-link-color wp-elements-32980b915834860832d75d37ea277e9f is-layout-flow wp-block-column-is-layout-flow\" style=\"color:#000000;padding-top:2em;padding-right:2em;padding-bottom:2em;padding-left:2em\">\n<h2 class=\"wp-block-heading\" id=\"single\" style=\"font-size:20px\"><strong>Pr\u016fzkumn\u00e9 vrty<\/strong><\/h2>\n\n\n\n<p style=\"font-size:15px\">Pr\u016fzkumn\u00e9 vrty jsou nezbytn\u00fdm n\u00e1strojem pro z\u00edsk\u00e1n\u00ed detailn\u00edch informac\u00ed o geologick\u00e9 stavb\u011b ter\u00e9nu a o charakteru podzemn\u00edch vod. Tyto vrty n\u00e1m umo\u017e\u0148uj\u00ed p\u0159esn\u011b ur\u010dit slo\u017een\u00ed p\u016fdy, jej\u00ed strukturu a vlastnosti, co\u017e je kl\u00ed\u010dov\u00e9 pro pl\u00e1nov\u00e1n\u00ed a realizaci r\u016fzn\u00fdch stavebn\u00edch \u010di in\u017een\u00fdrsk\u00fdch projekt\u016f &#8230;<\/p>\n\n\n\n<div class=\"wp-block-buttons alignfull is-horizontal is-content-justification-center is-layout-flex wp-container-core-buttons-is-layout-03627597 wp-block-buttons-is-layout-flex\">\n<div class=\"wp-block-button\"><a class=\"wp-block-button__link wp-element-button\" href=\"https:\/\/www.vrtanestudnyonline.cz\/pruzkumne-vrty\/\">V\u00edce informac\u00ed<\/a><\/div>\n<\/div>\n<\/div>\n\n\n\n<div class=\"wp-block-column has-ast-global-color-4-background-color has-text-color has-background has-link-color wp-elements-035b44baac88ecea5d3d177a03aa12c0 is-layout-flow wp-block-column-is-layout-flow\" style=\"color:#000000;padding-top:2em;padding-right:2em;padding-bottom:2em;padding-left:2em\">\n<h2 class=\"wp-block-heading\" id=\"single\" style=\"font-size:20px\"><strong>Vrtan\u00e9 studny<\/strong><\/h2>\n\n\n\n<p style=\"font-size:15px\">Vrtn\u00e9 studny p\u0159edstavuj\u00ed efektivn\u00ed \u0159e\u0161en\u00ed pro z\u00edsk\u00e1v\u00e1n\u00ed podzemn\u00ed vody, a to jak pro soukrom\u00e9, tak i pro komer\u010dn\u00ed vyu\u017eit\u00ed. Na\u0161e spole\u010dnost nab\u00edz\u00ed komplexn\u00ed slu\u017eby v oblasti v\u00fdstavby vrtan\u00fdch studn\u00ed, kter\u00e9 realizujeme s maxim\u00e1ln\u00ed p\u0159esnost\u00ed a v souladu s nejvy\u0161\u0161\u00edmi standardy kvality. &#8230;<\/p>\n\n\n\n<div class=\"wp-block-buttons alignfull is-horizontal is-content-justification-center is-layout-flex wp-container-core-buttons-is-layout-03627597 wp-block-buttons-is-layout-flex\">\n<div class=\"wp-block-button\"><a class=\"wp-block-button__link wp-element-button\" href=\"https:\/\/www.vrtanestudnyonline.cz\/?page_id=188(otev\u0159e se na nov\u00e9 z\u00e1lo\u017ece)\">V\u00edce informac\u00ed<\/a><\/div>\n<\/div>\n<\/div>\n\n\n\n<div class=\"wp-block-column has-ast-global-color-4-background-color has-text-color has-background has-link-color wp-elements-86f88c997e18e831dcbbe7ce07b7423f is-layout-flow wp-block-column-is-layout-flow\" style=\"color:#000000;padding-top:2em;padding-right:2em;padding-bottom:2em;padding-left:2em\">\n<h2 class=\"wp-block-heading\" id=\"single\" style=\"font-size:20px\"><strong>Vrty pro tepeln\u00e1 \u010derpadla<\/strong><\/h2>\n\n\n\n<p style=\"font-size:15px\">Vrty pro tepeln\u00e1 \u010derpadla jsou kl\u00ed\u010dov\u00fdm prvkem pro efektivn\u00ed a ekologick\u00e9 z\u00edsk\u00e1v\u00e1n\u00ed tepeln\u00e9 energie z podzem\u00ed. Na\u0161e spole\u010dnost se specializuje na realizaci t\u011bchto vrt\u016f, kter\u00e9 p\u0159edstavuj\u00ed modern\u00ed a \u00fasporn\u00fd zp\u016fsob vyt\u00e1p\u011bn\u00ed a chlazen\u00ed budov. D\u00edky na\u0161im zku\u0161enostem a odborn\u00fdm znalostem  &#8230;<\/p>\n\n\n\n<div class=\"wp-block-buttons alignfull is-horizontal is-content-justification-center is-layout-flex wp-container-core-buttons-is-layout-03627597 wp-block-buttons-is-layout-flex\">\n<div class=\"wp-block-button\"><a class=\"wp-block-button__link wp-element-button\" href=\"https:\/\/www.vrtanestudnyonline.cz\/vrty-pro-tepelna-cerpadla\/\">V\u00edce informac\u00ed<\/a><\/div>\n<\/div>\n<\/div>\n<\/div>\n\n\n\n<div class=\"wp-block-columns alignwide is-layout-flex wp-container-core-columns-is-layout-d2da2050 wp-block-columns-is-layout-flex\" style=\"margin-bottom:0\">\n<div class=\"wp-block-column has-ast-global-color-4-background-color has-text-color has-background has-link-color wp-elements-67b6b8750de0f493c3f983f2379616f4 is-layout-flow wp-block-column-is-layout-flow\" style=\"color:#000000;padding-top:2em;padding-right:2em;padding-bottom:2em;padding-left:2em\">\n<h2 class=\"wp-block-heading\" id=\"single\" style=\"font-size:20px\"><strong>Vrtan\u00e9 studny pro velkoodb\u011brov\u00e9 m\u00edsta<\/strong><\/h2>\n\n\n\n<p style=\"font-size:15px\">Vrt\u00e1n\u00ed studny pro velkoodb\u011brov\u00e1 m\u00edsta p\u0159edstavuje specifick\u00fd in\u017een\u00fdrsk\u00fd proces, kter\u00fd zaji\u0161\u0165uje dostatek vody pro komer\u010dn\u00ed, pr\u016fmyslov\u00e9 nebo ve\u0159ejn\u00e9 \u00fa\u010dely. Na\u0161e firma se specializuje na realizaci t\u011bchto projekt\u016f, kter\u00e9 \u010dasto zahrnuj\u00ed vrt\u00e1n\u00ed s v\u011bt\u0161\u00edm pr\u016fm\u011brem a pot\u0159ebu v\u00edcen\u00e1sobn\u00fdch studn\u00ed.  &#8230;<\/p>\n\n\n\n<div class=\"wp-block-buttons alignfull is-horizontal is-content-justification-center is-layout-flex wp-container-core-buttons-is-layout-03627597 wp-block-buttons-is-layout-flex\">\n<div class=\"wp-block-button\"><a class=\"wp-block-button__link wp-element-button\" href=\"https:\/\/www.vrtanestudnyonline.cz\/cisteni-studni\/\">V\u00edce informac\u00ed<\/a><\/div>\n<\/div>\n<\/div>\n\n\n\n<div class=\"wp-block-column has-ast-global-color-4-background-color has-text-color has-background has-link-color wp-elements-33d45cacc840f1c7adc960643bf3c69c is-layout-flow wp-block-column-is-layout-flow\" style=\"color:#000000;padding-top:2em;padding-right:2em;padding-bottom:2em;padding-left:2em\">\n<h2 class=\"wp-block-heading\" id=\"single\" style=\"font-size:20px\"><strong>\u010cerpac\u00ed technika<\/strong><\/h2>\n\n\n\n<p style=\"font-size:15px\">Na\u0161e firma se specializuje na dod\u00e1vku a instalaci \u010derpac\u00ed techniky renomovan\u00e9 zna\u010dky Grundfos. Tato technika je vysoce kvalitn\u00ed a spolehliv\u00e1, co\u017e je v souladu s na\u0161\u00edm p\u0159\u00edstupem k poskytov\u00e1n\u00ed slu\u017eeb nejvy\u0161\u0161\u00ed \u00farovn\u011b. Na\u0161i zku\u0161en\u00ed technici zaji\u0161\u0165uj\u00ed profesion\u00e1ln\u00ed instalaci \u010derpadel do vrtan\u00fdch studn\u00ed, aby byl dosa\u017een optim\u00e1ln\u00ed v\u00fdkon a efektivita. Ka\u017ed\u00e1 instalace je pe\u010dliv\u011b  &#8230;<\/p>\n\n\n\n<div class=\"wp-block-buttons alignfull is-horizontal is-content-justification-center is-layout-flex wp-container-core-buttons-is-layout-03627597 wp-block-buttons-is-layout-flex\">\n<div class=\"wp-block-button\"><a class=\"wp-block-button__link wp-element-button\" href=\"https:\/\/www.vrtanestudnyonline.cz\/cerpaci-technika\/\">V\u00edce informac\u00ed<\/a><\/div>\n<\/div>\n<\/div>\n\n\n\n<div class=\"wp-block-column has-ast-global-color-4-background-color has-text-color has-background has-link-color wp-elements-5101ffe6f053a130a6639f8557c20e11 is-layout-flow wp-block-column-is-layout-flow\" style=\"color:#000000;padding-top:2em;padding-right:2em;padding-bottom:2em;padding-left:2em\">\n<h2 class=\"wp-block-heading\" id=\"single\" style=\"font-size:20px\"><strong>Projekty a stavebn\u00ed povolen\u00ed<\/strong><\/h2>\n\n\n\n<p style=\"font-size:15px\">Projekty a stavebn\u00ed povolen\u00ed pro vrtan\u00e9 studny a vrt\u016f pro tepeln\u00e1 \u010derpadla p\u0159edstavuj\u00ed kl\u00ed\u010dov\u00fd krok p\u0159i jejich realizaci. Na\u0161e firma disponuje rozs\u00e1hl\u00fdmi zku\u0161enostmi v p\u0159\u00edprav\u011b a z\u00edsk\u00e1v\u00e1n\u00ed stavebn\u00edch povolen\u00ed pro tyto specifick\u00e9 projekty. V\u0161echny administrativn\u00ed z\u00e1le\u017eitosti t\u00fdkaj\u00edc\u00ed se povolen\u00ed zajist\u00ed na\u0161e firma, co\u017e v\u00e1m umo\u017en\u00ed soust\u0159edit se na dal\u0161\u00ed aspekty va\u0161eho projektu. &#8230;<\/p>\n\n\n\n<div class=\"wp-block-buttons alignfull is-horizontal is-content-justification-center is-layout-flex wp-container-core-buttons-is-layout-03627597 wp-block-buttons-is-layout-flex\">\n<div class=\"wp-block-button\"><a class=\"wp-block-button__link wp-element-button\" href=\"https:\/\/www.vrtanestudnyonline.cz\/projekty-stavebni-povoleni\/\">V\u00edce informac\u00ed<\/a><\/div>\n<\/div>\n<\/div>\n<\/div>\n\n\n\n<div class=\"wp-block-columns alignwide is-layout-flex wp-container-core-columns-is-layout-d2da2050 wp-block-columns-is-layout-flex\" style=\"margin-bottom:0\">\n<div class=\"wp-block-column has-ast-global-color-4-background-color has-text-color has-background has-link-color wp-elements-6b82978f3462b9cae45588f9d1138e3f is-layout-flow wp-block-column-is-layout-flow\" style=\"color:#000000;padding-top:2em;padding-right:2em;padding-bottom:2em;padding-left:2em\">\n<h2 class=\"wp-block-heading\" id=\"single\" style=\"font-size:20px\"><strong>Garantovan\u00e9 vyhled\u00e1n\u00ed vodn\u00edho pramene<\/strong><\/h2>\n\n\n\n<p style=\"font-size:15px\">Garantujeme \u00fasp\u011b\u0161n\u00e9 vyhled\u00e1n\u00ed vodn\u00edho pramene pomoc\u00ed virgule a proutku. Na\u0161e firma se specializuje na tuto tradi\u010dn\u00ed metodu s dlouholetou prax\u00ed a \u00fasp\u011b\u0161nost\u00ed. Tato technika vyu\u017e\u00edv\u00e1 citlivost a znalosti na\u0161ich zku\u0161en\u00fdch geolog\u016f, kte\u0159\u00ed jsou schopni detekovat p\u0159\u00edtomnost podzemn\u00ed vody pomoc\u00ed p\u0159\u00edrodn\u00edch sign\u00e1l\u016f a energetick\u00fdch tok\u016f. &#8230;<\/p>\n\n\n\n<div class=\"wp-block-buttons alignfull is-horizontal is-content-justification-center is-layout-flex wp-container-core-buttons-is-layout-03627597 wp-block-buttons-is-layout-flex\">\n<div class=\"wp-block-button\"><a class=\"wp-block-button__link wp-element-button\" href=\"https:\/\/www.vrtanestudnyonline.cz\/garantovane-vyhledani-vodniho-pramene\/\">V\u00edce informac\u00ed<\/a><\/div>\n<\/div>\n<\/div>\n\n\n\n<div class=\"wp-block-column has-ast-global-color-4-background-color has-text-color has-background has-link-color wp-elements-cb0b5621d70dba8a2c8375356901de32 is-layout-flow wp-block-column-is-layout-flow\" style=\"color:#000000;padding-top:2em;padding-right:2em;padding-bottom:2em;padding-left:2em\">\n<p style=\"font-size:15px\"><\/p>\n<\/div>\n\n\n\n<div class=\"wp-block-column has-ast-global-color-4-background-color has-text-color has-background has-link-color wp-elements-564b69d052f18aa0b5e3587156ea7550 is-layout-flow wp-block-column-is-layout-flow\" style=\"color:#000000;padding-top:2em;padding-right:2em;padding-bottom:2em;padding-left:2em\"><\/div>\n<\/div>\n","protected":false},"excerpt":{"rendered":"<p>Pr\u016fzkumn\u00e9 vrty Pr\u016fzkumn\u00e9 vrty jsou nezbytn\u00fdm n\u00e1strojem pro z\u00edsk\u00e1n\u00ed detailn\u00edch informac\u00ed o geologick\u00e9 stavb\u011b ter\u00e9nu a o charakteru podzemn\u00edch vod. [&hellip;]<\/p>\n","protected":false},"author":1,"featured_media":0,"parent":0,"menu_order":0,"comment_status":"closed","ping_status":"closed","template":"","meta":{"site-sidebar-layout":"default","site-content-layout":"","ast-site-content-layout":"","site-content-style":"default","site-sidebar-style":"default","ast-global-header-display":"","ast-banner-title-visibility":"","ast-main-header-display":"","ast-hfb-above-header-display":"","ast-hfb-below-header-display":"","ast-hfb-mobile-header-display":"","site-post-title":"","ast-breadcrumbs-content":"","ast-featured-img":"","footer-sml-layout":"","theme-transparent-header-meta":"","adv-header-id-meta":"","stick-header-meta":"","header-above-stick-meta":"","header-main-stick-meta":"","header-below-stick-meta":"","astra-migrate-meta-layouts":"default","ast-page-background-enabled":"default","ast-page-background-meta":{"desktop":{"background-color":"var(--ast-global-color-4)","background-image":"","background-repeat":"repeat","background-position":"center center","background-size":"auto","background-attachment":"scroll","background-type":"","background-media":"","overlay-type":"","overlay-color":"","overlay-opacity":"","overlay-gradient":""},"tablet":{"background-color":"","background-image":"","background-repeat":"repeat","background-position":"center center","background-size":"auto","background-attachment":"scroll","background-type":"","background-media":"","overlay-type":"","overlay-color":"","overlay-opacity":"","overlay-gradient":""},"mobile":{"background-color":"","background-image":"","background-repeat":"repeat","background-position":"center center","background-size":"auto","background-attachment":"scroll","background-type":"","background-media":"","overlay-type":"","overlay-color":"","overlay-opacity":"","overlay-gradient":""}},"ast-content-background-meta":{"desktop":{"background-color":"var(--ast-global-color-5)","background-image":"","background-repeat":"repeat","background-position":"center center","background-size":"auto","background-attachment":"scroll","background-type":"","background-media":"","overlay-type":"","overlay-color":"","overlay-opacity":"","overlay-gradient":""},"tablet":{"background-color":"var(--ast-global-color-5)","background-image":"","background-repeat":"repeat","background-position":"center center","background-size":"auto","background-attachment":"scroll","background-type":"","background-media":"","overlay-type":"","overlay-color":"","overlay-opacity":"","overlay-gradient":""},"mobile":{"background-color":"var(--ast-global-color-5)","background-image":"","background-repeat":"repeat","background-position":"center center","background-size":"auto","background-attachment":"scroll","background-type":"","background-media":"","overlay-type":"","overlay-color":"","overlay-opacity":"","overlay-gradient":""}},"_kadence_starter_templates_imported_post":false,"footnotes":""},"class_list":["post-182","page","type-page","status-publish","hentry"],"yoast_head":"<!-- This site is optimized with the Yoast SEO plugin v23.4 - https:\/\/yoast.com\/wordpress\/plugins\/seo\/ -->\n<title>Portfolio slu\u017eeb -<\/title>\n<meta name=\"robots\" content=\"index, follow, max-snippet:-1, max-image-preview:large, max-video-preview:-1\" \/>\n<link rel=\"canonical\" href=\"https:\/\/www.studny-smejkal.cz\/?page_id=182\" \/>\n<meta property=\"og:locale\" content=\"cs_CZ\" \/>\n<meta property=\"og:type\" content=\"article\" \/>\n<meta property=\"og:title\" content=\"Portfolio slu\u017eeb -\" \/>\n<meta property=\"og:description\" content=\"Pr\u016fzkumn\u00e9 vrty Pr\u016fzkumn\u00e9 vrty jsou nezbytn\u00fdm n\u00e1strojem pro z\u00edsk\u00e1n\u00ed detailn\u00edch informac\u00ed o geologick\u00e9 stavb\u011b ter\u00e9nu a o charakteru podzemn\u00edch vod. [&hellip;]\" \/>\n<meta property=\"og:url\" content=\"https:\/\/www.studny-smejkal.cz\/?page_id=182\" \/>\n<meta property=\"article:modified_time\" content=\"2024-07-01T12:17:27+00:00\" \/>\n<meta name=\"twitter:card\" content=\"summary_large_image\" \/>\n<meta name=\"twitter:label1\" content=\"Odhadovan\u00e1 doba \u010dten\u00ed\" \/>\n\t<meta name=\"twitter:data1\" content=\"2 minuty\" \/>\n<script type=\"application\/ld+json\" class=\"yoast-schema-graph\">{\"@context\":\"https:\/\/schema.org\",\"@graph\":[{\"@type\":\"WebPage\",\"@id\":\"https:\/\/www.studny-smejkal.cz\/?page_id=182\",\"url\":\"https:\/\/www.studny-smejkal.cz\/?page_id=182\",\"name\":\"Portfolio slu\u017eeb -\",\"isPartOf\":{\"@id\":\"https:\/\/www.studny-smejkal.cz\/#website\"},\"datePublished\":\"2024-06-27T07:44:59+00:00\",\"dateModified\":\"2024-07-01T12:17:27+00:00\",\"breadcrumb\":{\"@id\":\"https:\/\/www.studny-smejkal.cz\/?page_id=182#breadcrumb\"},\"inLanguage\":\"cs\",\"potentialAction\":[{\"@type\":\"ReadAction\",\"target\":[\"https:\/\/www.studny-smejkal.cz\/?page_id=182\"]}]},{\"@type\":\"BreadcrumbList\",\"@id\":\"https:\/\/www.studny-smejkal.cz\/?page_id=182#breadcrumb\",\"itemListElement\":[{\"@type\":\"ListItem\",\"position\":1,\"name\":\"Dom\u016f\",\"item\":\"https:\/\/www.studny-smejkal.cz\/\"},{\"@type\":\"ListItem\",\"position\":2,\"name\":\"Portfolio slu\u017eeb\"}]},{\"@type\":\"WebSite\",\"@id\":\"https:\/\/www.studny-smejkal.cz\/#website\",\"url\":\"https:\/\/www.studny-smejkal.cz\/\",\"name\":\"studny Smejkal\",\"description\":\"Vrtan\u00e9 studny a vrty pro tepeln\u00e1 \u010derpadla\",\"publisher\":{\"@id\":\"https:\/\/www.studny-smejkal.cz\/#organization\"},\"potentialAction\":[{\"@type\":\"SearchAction\",\"target\":{\"@type\":\"EntryPoint\",\"urlTemplate\":\"https:\/\/www.studny-smejkal.cz\/?s={search_term_string}\"},\"query-input\":{\"@type\":\"PropertyValueSpecification\",\"valueRequired\":true,\"valueName\":\"search_term_string\"}}],\"inLanguage\":\"cs\"},{\"@type\":\"Organization\",\"@id\":\"https:\/\/www.studny-smejkal.cz\/#organization\",\"name\":\"STUDNY S&K, s.r.o.\",\"url\":\"https:\/\/www.studny-smejkal.cz\/\",\"logo\":{\"@type\":\"ImageObject\",\"inLanguage\":\"cs\",\"@id\":\"https:\/\/www.studny-smejkal.cz\/#\/schema\/logo\/image\/\",\"url\":\"https:\/\/www.studny-smejkal.cz\/wp-content\/uploads\/2024\/07\/Studny-Smejkal_Big.jpg\",\"contentUrl\":\"https:\/\/www.studny-smejkal.cz\/wp-content\/uploads\/2024\/07\/Studny-Smejkal_Big.jpg\",\"width\":1189,\"height\":360,\"caption\":\"STUDNY S&K, s.r.o.\"},\"image\":{\"@id\":\"https:\/\/www.studny-smejkal.cz\/#\/schema\/logo\/image\/\"}}]}<\/script>\n<!-- \/ Yoast SEO plugin. -->","yoast_head_json":{"title":"Portfolio slu\u017eeb -","robots":{"index":"index","follow":"follow","max-snippet":"max-snippet:-1","max-image-preview":"max-image-preview:large","max-video-preview":"max-video-preview:-1"},"canonical":"https:\/\/www.studny-smejkal.cz\/?page_id=182","og_locale":"cs_CZ","og_type":"article","og_title":"Portfolio slu\u017eeb -","og_description":"Pr\u016fzkumn\u00e9 vrty Pr\u016fzkumn\u00e9 vrty jsou nezbytn\u00fdm n\u00e1strojem pro z\u00edsk\u00e1n\u00ed detailn\u00edch informac\u00ed o geologick\u00e9 stavb\u011b ter\u00e9nu a o charakteru podzemn\u00edch vod. [&hellip;]","og_url":"https:\/\/www.studny-smejkal.cz\/?page_id=182","article_modified_time":"2024-07-01T12:17:27+00:00","twitter_card":"summary_large_image","twitter_misc":{"Odhadovan\u00e1 doba \u010dten\u00ed":"2 minuty"},"schema":{"@context":"https:\/\/schema.org","@graph":[{"@type":"WebPage","@id":"https:\/\/www.studny-smejkal.cz\/?page_id=182","url":"https:\/\/www.studny-smejkal.cz\/?page_id=182","name":"Portfolio slu\u017eeb -","isPartOf":{"@id":"https:\/\/www.studny-smejkal.cz\/#website"},"datePublished":"2024-06-27T07:44:59+00:00","dateModified":"2024-07-01T12:17:27+00:00","breadcrumb":{"@id":"https:\/\/www.studny-smejkal.cz\/?page_id=182#breadcrumb"},"inLanguage":"cs","potentialAction":[{"@type":"ReadAction","target":["https:\/\/www.studny-smejkal.cz\/?page_id=182"]}]},{"@type":"BreadcrumbList","@id":"https:\/\/www.studny-smejkal.cz\/?page_id=182#breadcrumb","itemListElement":[{"@type":"ListItem","position":1,"name":"Dom\u016f","item":"https:\/\/www.studny-smejkal.cz\/"},{"@type":"ListItem","position":2,"name":"Portfolio slu\u017eeb"}]},{"@type":"WebSite","@id":"https:\/\/www.studny-smejkal.cz\/#website","url":"https:\/\/www.studny-smejkal.cz\/","name":"studny Smejkal","description":"Vrtan\u00e9 studny a vrty pro tepeln\u00e1 \u010derpadla","publisher":{"@id":"https:\/\/www.studny-smejkal.cz\/#organization"},"potentialAction":[{"@type":"SearchAction","target":{"@type":"EntryPoint","urlTemplate":"https:\/\/www.studny-smejkal.cz\/?s={search_term_string}"},"query-input":{"@type":"PropertyValueSpecification","valueRequired":true,"valueName":"search_term_string"}}],"inLanguage":"cs"},{"@type":"Organization","@id":"https:\/\/www.studny-smejkal.cz\/#organization","name":"STUDNY S&K, s.r.o.","url":"https:\/\/www.studny-smejkal.cz\/","logo":{"@type":"ImageObject","inLanguage":"cs","@id":"https:\/\/www.studny-smejkal.cz\/#\/schema\/logo\/image\/","url":"https:\/\/www.studny-smejkal.cz\/wp-content\/uploads\/2024\/07\/Studny-Smejkal_Big.jpg","contentUrl":"https:\/\/www.studny-smejkal.cz\/wp-content\/uploads\/2024\/07\/Studny-Smejkal_Big.jpg","width":1189,"height":360,"caption":"STUDNY S&K, s.r.o."},"image":{"@id":"https:\/\/www.studny-smejkal.cz\/#\/schema\/logo\/image\/"}}]}},"_links":{"self":[{"href":"https:\/\/www.studny-smejkal.cz\/index.php?rest_route=\/wp\/v2\/pages\/182","targetHints":{"allow":["GET"]}}],"collection":[{"href":"https:\/\/www.studny-smejkal.cz\/index.php?rest_route=\/wp\/v2\/pages"}],"about":[{"href":"https:\/\/www.studny-smejkal.cz\/index.php?rest_route=\/wp\/v2\/types\/page"}],"author":[{"embeddable":true,"href":"https:\/\/www.studny-smejkal.cz\/index.php?rest_route=\/wp\/v2\/users\/1"}],"replies":[{"embeddable":true,"href":"https:\/\/www.studny-smejkal.cz\/index.php?rest_route=%2Fwp%2Fv2%2Fcomments&post=182"}],"version-history":[{"count":45,"href":"https:\/\/www.studny-smejkal.cz\/index.php?rest_route=\/wp\/v2\/pages\/182\/revisions"}],"predecessor-version":[{"id":780,"href":"https:\/\/www.studny-smejkal.cz\/index.php?rest_route=\/wp\/v2\/pages\/182\/revisions\/780"}],"wp:attachment":[{"href":"https:\/\/www.studny-smejkal.cz\/index.php?rest_route=%2Fwp%2Fv2%2Fmedia&parent=182"}],"curies":[{"name":"wp","href":"https:\/\/api.w.org\/{rel}","templated":true}]}}