{"id":179,"date":"2024-06-27T09:43:01","date_gmt":"2024-06-27T07:43:01","guid":{"rendered":"https:\/\/www.vrtanestudnyonline.cz\/?page_id=179"},"modified":"2024-07-12T14:13:44","modified_gmt":"2024-07-12T12:13:44","slug":"o-nas","status":"publish","type":"page","link":"https:\/\/www.studny-smejkal.cz\/?page_id=179","title":{"rendered":"O n\u00e1s"},"content":{"rendered":"\n<p>Informace o firm\u011b <strong>STUDNY S&amp;K, s.r.o.<\/strong> naleznete v n\u00ed\u017ee uveden\u00fdch odkazech.<\/p>\n\n\n\n<div class=\"wp-block-columns alignwide is-layout-flex wp-container-core-columns-is-layout-a531bfc3 wp-block-columns-is-layout-flex\" style=\"margin-bottom:0;padding-top:var(--wp--preset--spacing--20)\">\n<div class=\"wp-block-column has-ast-global-color-4-background-color has-text-color has-background has-link-color wp-elements-3fe915436e07aa36134583c8eb78e48c is-layout-flow wp-block-column-is-layout-flow\" style=\"color:#000000;padding-top:2em;padding-right:2em;padding-bottom:2em;padding-left:2em\">\n<h2 class=\"wp-block-heading\" id=\"single\" style=\"font-size:20px\"><strong>Profil firmy<\/strong><\/h2>\n\n\n\n<p style=\"font-size:15px\">Firma&nbsp;<strong>STUDNY S&amp;K, s.r.o.<\/strong> je odborn\u00edkem na pr\u016fzkumn\u00e9 vrty a vrtan\u00e9 studny. Na trhu p\u016fsob\u00edme ji\u017e od roku 2007, kdy jsme za\u010d\u00ednali jako \u017eivnost pod veden\u00edm Franti\u0161ka Smejkala. V roce 2017 jsme se transformovali na pr\u00e1vnickou osobu, co\u017e n\u00e1m umo\u017enilo d\u00e1le rozv\u00edjet a roz\u0161i\u0159ovat na\u0161e slu\u017eby. &#8230;<\/p>\n\n\n\n<div class=\"wp-block-buttons alignfull is-horizontal is-content-justification-center is-layout-flex wp-container-core-buttons-is-layout-03627597 wp-block-buttons-is-layout-flex\">\n<div class=\"wp-block-button\"><a class=\"wp-block-button__link wp-element-button\" href=\"https:\/\/www.vrtanestudnyonline.cz\/?page_id=311\">V\u00edce informac\u00ed<\/a><\/div>\n<\/div>\n<\/div>\n\n\n\n<div class=\"wp-block-column has-ast-global-color-4-background-color has-text-color has-background has-link-color wp-elements-4e87acdbaa0ac5dead506888d8029d8d is-layout-flow wp-block-column-is-layout-flow\" style=\"color:#000000;padding-top:2em;padding-right:2em;padding-bottom:2em;padding-left:2em\">\n<h2 class=\"wp-block-heading\" id=\"single\" style=\"font-size:20px\"><strong>Certifik\u00e1ty a opr\u00e1vn\u011bn\u00ed<\/strong><\/h2>\n\n\n\n<p style=\"font-size:15px\">Na\u0161e spole\u010dnost <strong>STUDNY S&amp;K, s.r.o.<\/strong> se py\u0161n\u00ed \u0159adou certifik\u00e1t\u016f a opr\u00e1vn\u011bn\u00ed, kter\u00e9 potvrzuj\u00ed na\u0161i odbornou zp\u016fsobilost a vysok\u00fd standard poskytovan\u00fdch slu\u017eeb. Ka\u017ed\u00fd \u010dlen na\u0161eho t\u00fdmu je kvalifikovan\u00fd odborn\u00edk s pot\u0159ebn\u00fdmi certifik\u00e1ty pro v\u00fdkon sv\u00e9 \u010dinnosti, co\u017e  &#8230;<\/p>\n\n\n\n<div class=\"wp-block-buttons alignfull is-horizontal is-content-justification-center is-layout-flex wp-container-core-buttons-is-layout-03627597 wp-block-buttons-is-layout-flex\">\n<div class=\"wp-block-button\"><a class=\"wp-block-button__link wp-element-button\" href=\"https:\/\/www.vrtanestudnyonline.cz\/?page_id=314\">V\u00edce informac\u00ed<\/a><\/div>\n<\/div>\n<\/div>\n\n\n\n<div class=\"wp-block-column has-ast-global-color-4-background-color has-text-color has-background has-link-color wp-elements-185836795b4b8e16122d20817d10ec16 is-layout-flow wp-block-column-is-layout-flow\" style=\"color:#000000;padding-top:2em;padding-right:2em;padding-bottom:2em;padding-left:2em\">\n<h2 class=\"wp-block-heading\" id=\"single\" style=\"font-size:20px\"><strong>Reference<\/strong><\/h2>\n\n\n\n<p style=\"font-size:15px\">B\u011bhem na\u0161eho p\u016fsoben\u00ed na trhu jsme realizovali p\u0159es 2600 \u00fasp\u011b\u0161n\u00fdch vrt\u016f po cel\u00e9 \u010cesk\u00e9 republice. Na\u0161i z\u00e1kazn\u00edci oce\u0148uj\u00ed nejen kvalitu na\u0161\u00ed pr\u00e1ce, ale tak\u00e9 profesionalitu a spolehlivost na\u0161eho t\u00fdmu. Mezi na\u0161e v\u00fdznamn\u00e9 projekty pat\u0159\u00ed vrtan\u00e9 studny pro dom\u00e1cnosti  &#8230;<\/p>\n\n\n\n<div class=\"wp-block-buttons alignfull is-horizontal is-content-justification-center is-layout-flex wp-container-core-buttons-is-layout-03627597 wp-block-buttons-is-layout-flex\">\n<div class=\"wp-block-button\"><a class=\"wp-block-button__link wp-element-button\" href=\"https:\/\/www.vrtanestudnyonline.cz\/?page_id=173\">V\u00edce informac\u00ed<\/a><\/div>\n<\/div>\n<\/div>\n<\/div>\n\n\n\n<p><\/p>\n","protected":false},"excerpt":{"rendered":"<p>Informace o firm\u011b STUDNY S&amp;K, s.r.o. naleznete v n\u00ed\u017ee uveden\u00fdch odkazech. Profil firmy Firma&nbsp;STUDNY S&amp;K, s.r.o. je odborn\u00edkem na pr\u016fzkumn\u00e9 [&hellip;]<\/p>\n","protected":false},"author":1,"featured_media":0,"parent":0,"menu_order":0,"comment_status":"closed","ping_status":"closed","template":"","meta":{"site-sidebar-layout":"default","site-content-layout":"","ast-site-content-layout":"","site-content-style":"default","site-sidebar-style":"default","ast-global-header-display":"","ast-banner-title-visibility":"","ast-main-header-display":"","ast-hfb-above-header-display":"","ast-hfb-below-header-display":"","ast-hfb-mobile-header-display":"","site-post-title":"","ast-breadcrumbs-content":"","ast-featured-img":"","footer-sml-layout":"","theme-transparent-header-meta":"","adv-header-id-meta":"","stick-header-meta":"","header-above-stick-meta":"","header-main-stick-meta":"","header-below-stick-meta":"","astra-migrate-meta-layouts":"default","ast-page-background-enabled":"default","ast-page-background-meta":{"desktop":{"background-color":"var(--ast-global-color-4)","background-image":"","background-repeat":"repeat","background-position":"center center","background-size":"auto","background-attachment":"scroll","background-type":"","background-media":"","overlay-type":"","overlay-color":"","overlay-opacity":"","overlay-gradient":""},"tablet":{"background-color":"","background-image":"","background-repeat":"repeat","background-position":"center center","background-size":"auto","background-attachment":"scroll","background-type":"","background-media":"","overlay-type":"","overlay-color":"","overlay-opacity":"","overlay-gradient":""},"mobile":{"background-color":"","background-image":"","background-repeat":"repeat","background-position":"center center","background-size":"auto","background-attachment":"scroll","background-type":"","background-media":"","overlay-type":"","overlay-color":"","overlay-opacity":"","overlay-gradient":""}},"ast-content-background-meta":{"desktop":{"background-color":"var(--ast-global-color-5)","background-image":"","background-repeat":"repeat","background-position":"center center","background-size":"auto","background-attachment":"scroll","background-type":"","background-media":"","overlay-type":"","overlay-color":"","overlay-opacity":"","overlay-gradient":""},"tablet":{"background-color":"var(--ast-global-color-5)","background-image":"","background-repeat":"repeat","background-position":"center center","background-size":"auto","background-attachment":"scroll","background-type":"","background-media":"","overlay-type":"","overlay-color":"","overlay-opacity":"","overlay-gradient":""},"mobile":{"background-color":"var(--ast-global-color-5)","background-image":"","background-repeat":"repeat","background-position":"center center","background-size":"auto","background-attachment":"scroll","background-type":"","background-media":"","overlay-type":"","overlay-color":"","overlay-opacity":"","overlay-gradient":""}},"_kadence_starter_templates_imported_post":false,"footnotes":""},"class_list":["post-179","page","type-page","status-publish","hentry"],"yoast_head":"<!-- This site is optimized with the Yoast SEO plugin v23.4 - https:\/\/yoast.com\/wordpress\/plugins\/seo\/ -->\n<title>O n\u00e1s -<\/title>\n<meta name=\"robots\" content=\"index, follow, max-snippet:-1, max-image-preview:large, max-video-preview:-1\" \/>\n<link rel=\"canonical\" href=\"https:\/\/www.studny-smejkal.cz\/?page_id=179\" \/>\n<meta property=\"og:locale\" content=\"cs_CZ\" \/>\n<meta property=\"og:type\" content=\"article\" \/>\n<meta property=\"og:title\" content=\"O n\u00e1s -\" \/>\n<meta property=\"og:description\" content=\"Informace o firm\u011b STUDNY S&amp;K, s.r.o. naleznete v n\u00ed\u017ee uveden\u00fdch odkazech. Profil firmy Firma&nbsp;STUDNY S&amp;K, s.r.o. je odborn\u00edkem na pr\u016fzkumn\u00e9 [&hellip;]\" \/>\n<meta property=\"og:url\" content=\"https:\/\/www.studny-smejkal.cz\/?page_id=179\" \/>\n<meta property=\"article:modified_time\" content=\"2024-07-12T12:13:44+00:00\" \/>\n<meta name=\"twitter:card\" content=\"summary_large_image\" \/>\n<meta name=\"twitter:label1\" content=\"Odhadovan\u00e1 doba \u010dten\u00ed\" \/>\n\t<meta name=\"twitter:data1\" content=\"1 minuta\" \/>\n<script type=\"application\/ld+json\" class=\"yoast-schema-graph\">{\"@context\":\"https:\/\/schema.org\",\"@graph\":[{\"@type\":\"WebPage\",\"@id\":\"https:\/\/www.studny-smejkal.cz\/?page_id=179\",\"url\":\"https:\/\/www.studny-smejkal.cz\/?page_id=179\",\"name\":\"O n\u00e1s -\",\"isPartOf\":{\"@id\":\"https:\/\/www.studny-smejkal.cz\/#website\"},\"datePublished\":\"2024-06-27T07:43:01+00:00\",\"dateModified\":\"2024-07-12T12:13:44+00:00\",\"breadcrumb\":{\"@id\":\"https:\/\/www.studny-smejkal.cz\/?page_id=179#breadcrumb\"},\"inLanguage\":\"cs\",\"potentialAction\":[{\"@type\":\"ReadAction\",\"target\":[\"https:\/\/www.studny-smejkal.cz\/?page_id=179\"]}]},{\"@type\":\"BreadcrumbList\",\"@id\":\"https:\/\/www.studny-smejkal.cz\/?page_id=179#breadcrumb\",\"itemListElement\":[{\"@type\":\"ListItem\",\"position\":1,\"name\":\"Dom\u016f\",\"item\":\"https:\/\/www.studny-smejkal.cz\/\"},{\"@type\":\"ListItem\",\"position\":2,\"name\":\"O n\u00e1s\"}]},{\"@type\":\"WebSite\",\"@id\":\"https:\/\/www.studny-smejkal.cz\/#website\",\"url\":\"https:\/\/www.studny-smejkal.cz\/\",\"name\":\"studny Smejkal\",\"description\":\"Vrtan\u00e9 studny a vrty pro tepeln\u00e1 \u010derpadla\",\"publisher\":{\"@id\":\"https:\/\/www.studny-smejkal.cz\/#organization\"},\"potentialAction\":[{\"@type\":\"SearchAction\",\"target\":{\"@type\":\"EntryPoint\",\"urlTemplate\":\"https:\/\/www.studny-smejkal.cz\/?s={search_term_string}\"},\"query-input\":{\"@type\":\"PropertyValueSpecification\",\"valueRequired\":true,\"valueName\":\"search_term_string\"}}],\"inLanguage\":\"cs\"},{\"@type\":\"Organization\",\"@id\":\"https:\/\/www.studny-smejkal.cz\/#organization\",\"name\":\"STUDNY S&K, s.r.o.\",\"url\":\"https:\/\/www.studny-smejkal.cz\/\",\"logo\":{\"@type\":\"ImageObject\",\"inLanguage\":\"cs\",\"@id\":\"https:\/\/www.studny-smejkal.cz\/#\/schema\/logo\/image\/\",\"url\":\"https:\/\/www.studny-smejkal.cz\/wp-content\/uploads\/2024\/07\/Studny-Smejkal_Big.jpg\",\"contentUrl\":\"https:\/\/www.studny-smejkal.cz\/wp-content\/uploads\/2024\/07\/Studny-Smejkal_Big.jpg\",\"width\":1189,\"height\":360,\"caption\":\"STUDNY S&K, s.r.o.\"},\"image\":{\"@id\":\"https:\/\/www.studny-smejkal.cz\/#\/schema\/logo\/image\/\"}}]}<\/script>\n<!-- \/ Yoast SEO plugin. -->","yoast_head_json":{"title":"O n\u00e1s -","robots":{"index":"index","follow":"follow","max-snippet":"max-snippet:-1","max-image-preview":"max-image-preview:large","max-video-preview":"max-video-preview:-1"},"canonical":"https:\/\/www.studny-smejkal.cz\/?page_id=179","og_locale":"cs_CZ","og_type":"article","og_title":"O n\u00e1s -","og_description":"Informace o firm\u011b STUDNY S&amp;K, s.r.o. naleznete v n\u00ed\u017ee uveden\u00fdch odkazech. Profil firmy Firma&nbsp;STUDNY S&amp;K, s.r.o. je odborn\u00edkem na pr\u016fzkumn\u00e9 [&hellip;]","og_url":"https:\/\/www.studny-smejkal.cz\/?page_id=179","article_modified_time":"2024-07-12T12:13:44+00:00","twitter_card":"summary_large_image","twitter_misc":{"Odhadovan\u00e1 doba \u010dten\u00ed":"1 minuta"},"schema":{"@context":"https:\/\/schema.org","@graph":[{"@type":"WebPage","@id":"https:\/\/www.studny-smejkal.cz\/?page_id=179","url":"https:\/\/www.studny-smejkal.cz\/?page_id=179","name":"O n\u00e1s -","isPartOf":{"@id":"https:\/\/www.studny-smejkal.cz\/#website"},"datePublished":"2024-06-27T07:43:01+00:00","dateModified":"2024-07-12T12:13:44+00:00","breadcrumb":{"@id":"https:\/\/www.studny-smejkal.cz\/?page_id=179#breadcrumb"},"inLanguage":"cs","potentialAction":[{"@type":"ReadAction","target":["https:\/\/www.studny-smejkal.cz\/?page_id=179"]}]},{"@type":"BreadcrumbList","@id":"https:\/\/www.studny-smejkal.cz\/?page_id=179#breadcrumb","itemListElement":[{"@type":"ListItem","position":1,"name":"Dom\u016f","item":"https:\/\/www.studny-smejkal.cz\/"},{"@type":"ListItem","position":2,"name":"O n\u00e1s"}]},{"@type":"WebSite","@id":"https:\/\/www.studny-smejkal.cz\/#website","url":"https:\/\/www.studny-smejkal.cz\/","name":"studny Smejkal","description":"Vrtan\u00e9 studny a vrty pro tepeln\u00e1 \u010derpadla","publisher":{"@id":"https:\/\/www.studny-smejkal.cz\/#organization"},"potentialAction":[{"@type":"SearchAction","target":{"@type":"EntryPoint","urlTemplate":"https:\/\/www.studny-smejkal.cz\/?s={search_term_string}"},"query-input":{"@type":"PropertyValueSpecification","valueRequired":true,"valueName":"search_term_string"}}],"inLanguage":"cs"},{"@type":"Organization","@id":"https:\/\/www.studny-smejkal.cz\/#organization","name":"STUDNY S&K, s.r.o.","url":"https:\/\/www.studny-smejkal.cz\/","logo":{"@type":"ImageObject","inLanguage":"cs","@id":"https:\/\/www.studny-smejkal.cz\/#\/schema\/logo\/image\/","url":"https:\/\/www.studny-smejkal.cz\/wp-content\/uploads\/2024\/07\/Studny-Smejkal_Big.jpg","contentUrl":"https:\/\/www.studny-smejkal.cz\/wp-content\/uploads\/2024\/07\/Studny-Smejkal_Big.jpg","width":1189,"height":360,"caption":"STUDNY S&K, s.r.o."},"image":{"@id":"https:\/\/www.studny-smejkal.cz\/#\/schema\/logo\/image\/"}}]}},"_links":{"self":[{"href":"https:\/\/www.studny-smejkal.cz\/index.php?rest_route=\/wp\/v2\/pages\/179","targetHints":{"allow":["GET"]}}],"collection":[{"href":"https:\/\/www.studny-smejkal.cz\/index.php?rest_route=\/wp\/v2\/pages"}],"about":[{"href":"https:\/\/www.studny-smejkal.cz\/index.php?rest_route=\/wp\/v2\/types\/page"}],"author":[{"embeddable":true,"href":"https:\/\/www.studny-smejkal.cz\/index.php?rest_route=\/wp\/v2\/users\/1"}],"replies":[{"embeddable":true,"href":"https:\/\/www.studny-smejkal.cz\/index.php?rest_route=%2Fwp%2Fv2%2Fcomments&post=179"}],"version-history":[{"count":9,"href":"https:\/\/www.studny-smejkal.cz\/index.php?rest_route=\/wp\/v2\/pages\/179\/revisions"}],"predecessor-version":[{"id":897,"href":"https:\/\/www.studny-smejkal.cz\/index.php?rest_route=\/wp\/v2\/pages\/179\/revisions\/897"}],"wp:attachment":[{"href":"https:\/\/www.studny-smejkal.cz\/index.php?rest_route=%2Fwp%2Fv2%2Fmedia&parent=179"}],"curies":[{"name":"wp","href":"https:\/\/api.w.org\/{rel}","templated":true}]}}