{"id":176,"date":"2024-06-27T09:41:36","date_gmt":"2024-06-27T07:41:36","guid":{"rendered":"https:\/\/www.vrtanestudnyonline.cz\/?page_id=176"},"modified":"2024-07-12T21:53:20","modified_gmt":"2024-07-12T19:53:20","slug":"legislativa-vrtane-studny","status":"publish","type":"page","link":"https:\/\/www.studny-smejkal.cz\/?page_id=176","title":{"rendered":"Legislativa"},"content":{"rendered":"\n<p><strong>Stavebn\u00ed povolen\u00ed a ohl\u00e1\u0161en\u00ed:<\/strong><\/p>\n\n\n\n<ul class=\"wp-block-list\">\n<li><strong>Vrtan\u00e9 studny:<\/strong> V\u011bt\u0161ina vrtan\u00fdch studn\u00ed vy\u017eaduje stavebn\u00ed povolen\u00ed podle \u00a7 153 z\u00e1kona \u010d. 283\/2021 Sb. (nov\u00fd stavebn\u00ed z\u00e1kon). Pro n\u011bkter\u00e9 men\u0161\u00ed studny m\u016f\u017ee posta\u010dovat ohl\u00e1\u0161en\u00ed stavebn\u00edmu \u00fa\u0159adu dle \u00a7 154 nov\u00e9ho stavebn\u00edho z\u00e1kona.<\/li>\n\n\n\n<li><strong>Vrty pro tepeln\u00e1 \u010derpadla:<\/strong> Rovn\u011b\u017e v\u011bt\u0161ina vrt\u016f pro tepeln\u00e1 \u010derpadla vy\u017eaduje stavebn\u00ed povolen\u00ed dle \u00a7 153 nov\u00e9ho stavebn\u00edho z\u00e1kona. V n\u011bkter\u00fdch p\u0159\u00edpadech m\u016f\u017ee b\u00fdt dostate\u010dn\u00e9 ohl\u00e1\u0161en\u00ed stavebn\u00edmu \u00fa\u0159adu, zejm\u00e9na pro men\u0161\u00ed vrty dle \u00a7 154 nov\u00e9ho stavebn\u00edho z\u00e1kona.<\/li>\n\n\n\n<li>Nav\u00fd\u0161en\u00ed poplatku z 300 K\u010d na 10 000 K\u010d (plat\u00ed od 1.7.2024)<\/li>\n<\/ul>\n\n\n\n<p><strong>2. Projektov\u00e1 dokumentace:<\/strong><\/p>\n\n\n\n<ul class=\"wp-block-list\">\n<li>Pro ob\u011b kategorie vrt\u016f je nezbytn\u00e9 p\u0159edlo\u017eit projektovou dokumentaci podle \u00a7 155 nov\u00e9ho stavebn\u00edho z\u00e1kona, kter\u00e1 mus\u00ed zahrnovat geologick\u00fd a hydrogeologick\u00fd posudek, pl\u00e1n vrtn\u00fdch prac\u00ed a dal\u0161\u00ed technick\u00e9 specifikace.<\/li>\n<\/ul>\n\n\n\n<p><strong>3. Geologick\u00fd a hydrogeologick\u00fd pr\u016fzkum:<\/strong><\/p>\n\n\n\n<ul class=\"wp-block-list\">\n<li><strong>Vrtan\u00e9 studny:<\/strong> Hydrogeologick\u00fd pr\u016fzkum je nezbytn\u00fd pro ur\u010den\u00ed vhodnosti m\u00edsta pro vrt a o\u010dek\u00e1van\u00e9 vydatnosti vodn\u00edho zdroje podle \u00a7 9 a \u00a7 10 z\u00e1kona \u010d. 254\/2001 Sb. (vodn\u00ed z\u00e1kon).<\/li>\n\n\n\n<li><strong>Vrty pro tepeln\u00e1 \u010derpadla:<\/strong> Geologick\u00fd a hydrogeologick\u00fd pr\u016fzkum zaji\u0161\u0165uje, \u017ee vrt nebude m\u00edt negativn\u00ed dopad na podzemn\u00ed vody a okoln\u00ed prost\u0159ed\u00ed podle \u00a7 9 a \u00a7 10 vodn\u00edho z\u00e1kona.<\/li>\n<\/ul>\n\n\n\n<p><strong>4. Ochrana podzemn\u00edch vod:<\/strong><\/p>\n\n\n\n<ul class=\"wp-block-list\">\n<li><strong>Vrtan\u00e9 studny:<\/strong> Studny mus\u00ed spl\u0148ovat v\u0161echny hygienick\u00e9 a technick\u00e9 parametry dle vyhl\u00e1\u0161ky \u010d. 252\/2004 Sb. o po\u017eadavc\u00edch na pitnou vodu a o \u010detnosti a rozsahu kontroly pitn\u00e9 vody. To zahrnuje ochranu proti zne\u010di\u0161t\u011bn\u00ed a spr\u00e1vn\u00e9 um\u00edst\u011bn\u00ed studny dle \u00a7 29 a \u00a7 30 vodn\u00edho z\u00e1kona.<\/li>\n\n\n\n<li><strong>Vrty pro tepeln\u00e1 \u010derpadla:<\/strong> Tyto vrty mus\u00ed b\u00fdt navr\u017eeny a provedeny tak, aby nedo\u0161lo k zne\u010di\u0161t\u011bn\u00ed podzemn\u00edch vod, co\u017e zahrnuje pou\u017eit\u00ed vhodn\u00fdch materi\u00e1l\u016f a technik podle \u00a7 29 a \u00a7 30 vodn\u00edho z\u00e1kona.<\/li>\n<\/ul>\n\n\n\n<p><strong>5. Hloubka a um\u00edst\u011bn\u00ed vrtu:<\/strong><\/p>\n\n\n\n<ul class=\"wp-block-list\">\n<li>Pro ob\u011b kategorie vrt\u016f plat\u00ed, \u017ee maxim\u00e1ln\u00ed hloubka a um\u00edst\u011bn\u00ed vrtu jsou ur\u010deny na z\u00e1klad\u011b hydrogeologick\u00fdch podm\u00ednek a mus\u00ed b\u00fdt v souladu s m\u00edstn\u00edmi p\u0159edpisy. Um\u00edst\u011bn\u00ed vrt\u016f mus\u00ed respektovat ochrann\u00e9 p\u00e1smo vodn\u00edch zdroj\u016f a dal\u0161\u00ed environment\u00e1ln\u00ed omezen\u00ed podle \u00a7 31 a \u00a7 32 vodn\u00edho z\u00e1kona.<\/li>\n<\/ul>\n\n\n\n<p><strong>6. Kolaudace:<\/strong><\/p>\n\n\n\n<ul class=\"wp-block-list\">\n<li>Po dokon\u010den\u00ed vrtu a (u tepeln\u00fdch \u010derpadel) instalaci za\u0159\u00edzen\u00ed je nutn\u00e9 prov\u00e9st kolaudaci podle \u00a7 123 nov\u00e9ho stavebn\u00edho z\u00e1kona. Kolaudace potvrzuje, \u017ee vrt a instalace spl\u0148uj\u00ed v\u0161echny legislativn\u00ed po\u017eadavky a jsou bezpe\u010dn\u00e9 pro provoz.<\/li>\n<\/ul>\n\n\n\n<p><strong>7. \u00dadr\u017eba a monitorov\u00e1n\u00ed:<\/strong><\/p>\n\n\n\n<ul class=\"wp-block-list\">\n<li><strong>Vrtan\u00e9 studny:<\/strong> Vlastn\u00edci jsou povinni prov\u00e1d\u011bt pravidelnou \u00fadr\u017ebu a revize, aby zajistili dlouhodobou funk\u010dnost a bezpe\u010dnost vodn\u00edho zdroje dle \u00a7 15 vodn\u00edho z\u00e1kona.<\/li>\n\n\n\n<li><strong>Vrty pro tepeln\u00e1 \u010derpadla:<\/strong> Vlastn\u00edci mus\u00ed prov\u00e1d\u011bt pravidelnou \u00fadr\u017ebu a monitorov\u00e1n\u00ed syst\u00e9mu, co\u017e m\u016f\u017ee zahrnovat pravideln\u00e9 kontroly a \u00fadr\u017ebu vrtn\u00e9ho za\u0159\u00edzen\u00ed a tepeln\u00e9ho \u010derpadla dle \u00a7 15 vodn\u00edho z\u00e1kona.<\/li>\n<\/ul>\n\n\n\n<p><strong>8. Souvisej\u00edc\u00ed legislativa:<\/strong><\/p>\n\n\n\n<ul class=\"wp-block-list\">\n<li>Krom\u011b nov\u00e9ho stavebn\u00edho z\u00e1kona se na ob\u011b kategorie vrt\u016f vztahuj\u00ed i dal\u0161\u00ed legislativn\u00ed p\u0159edpisy, jako je z\u00e1kon \u010d. 114\/1992 Sb. o ochran\u011b p\u0159\u00edrody a krajiny, z\u00e1kon \u010d. 254\/2001 Sb. o vod\u00e1ch (vodn\u00ed z\u00e1kon) a dal\u0161\u00ed environment\u00e1ln\u00ed p\u0159edpisy.<\/li>\n<\/ul>\n\n\n\n<hr class=\"wp-block-separator has-alpha-channel-opacity\"\/>\n\n\n\n<p>Aktualizace k 30.6.2024 (pokud jsou zde uvedeny jak\u00e9koliv nesrovnalosti , pros\u00edm kontaktujte n\u00e1s. D\u011bkujeme<\/p>\n","protected":false},"excerpt":{"rendered":"<p>Stavebn\u00ed povolen\u00ed a ohl\u00e1\u0161en\u00ed: 2. Projektov\u00e1 dokumentace: 3. Geologick\u00fd a hydrogeologick\u00fd pr\u016fzkum: 4. Ochrana podzemn\u00edch vod: 5. Hloubka a um\u00edst\u011bn\u00ed [&hellip;]<\/p>\n","protected":false},"author":1,"featured_media":0,"parent":0,"menu_order":0,"comment_status":"closed","ping_status":"closed","template":"","meta":{"site-sidebar-layout":"default","site-content-layout":"","ast-site-content-layout":"","site-content-style":"default","site-sidebar-style":"default","ast-global-header-display":"","ast-banner-title-visibility":"","ast-main-header-display":"","ast-hfb-above-header-display":"","ast-hfb-below-header-display":"","ast-hfb-mobile-header-display":"","site-post-title":"","ast-breadcrumbs-content":"","ast-featured-img":"","footer-sml-layout":"","theme-transparent-header-meta":"","adv-header-id-meta":"","stick-header-meta":"","header-above-stick-meta":"","header-main-stick-meta":"","header-below-stick-meta":"","astra-migrate-meta-layouts":"default","ast-page-background-enabled":"default","ast-page-background-meta":{"desktop":{"background-color":"var(--ast-global-color-4)","background-image":"","background-repeat":"repeat","background-position":"center center","background-size":"auto","background-attachment":"scroll","background-type":"","background-media":"","overlay-type":"","overlay-color":"","overlay-opacity":"","overlay-gradient":""},"tablet":{"background-color":"","background-image":"","background-repeat":"repeat","background-position":"center center","background-size":"auto","background-attachment":"scroll","background-type":"","background-media":"","overlay-type":"","overlay-color":"","overlay-opacity":"","overlay-gradient":""},"mobile":{"background-color":"","background-image":"","background-repeat":"repeat","background-position":"center center","background-size":"auto","background-attachment":"scroll","background-type":"","background-media":"","overlay-type":"","overlay-color":"","overlay-opacity":"","overlay-gradient":""}},"ast-content-background-meta":{"desktop":{"background-color":"var(--ast-global-color-5)","background-image":"","background-repeat":"repeat","background-position":"center center","background-size":"auto","background-attachment":"scroll","background-type":"","background-media":"","overlay-type":"","overlay-color":"","overlay-opacity":"","overlay-gradient":""},"tablet":{"background-color":"var(--ast-global-color-5)","background-image":"","background-repeat":"repeat","background-position":"center center","background-size":"auto","background-attachment":"scroll","background-type":"","background-media":"","overlay-type":"","overlay-color":"","overlay-opacity":"","overlay-gradient":""},"mobile":{"background-color":"var(--ast-global-color-5)","background-image":"","background-repeat":"repeat","background-position":"center center","background-size":"auto","background-attachment":"scroll","background-type":"","background-media":"","overlay-type":"","overlay-color":"","overlay-opacity":"","overlay-gradient":""}},"_kadence_starter_templates_imported_post":false,"footnotes":""},"class_list":["post-176","page","type-page","status-publish","hentry"],"yoast_head":"<!-- This site is optimized with the Yoast SEO plugin v23.4 - https:\/\/yoast.com\/wordpress\/plugins\/seo\/ -->\n<title>Legislativa - Legislativa vrtanych studni a vrtu pro tepelna cerpadla<\/title>\n<meta name=\"description\" content=\"legislativa vrtane studny, tepelna cerpadla, projektova dokumentace, geologicky a hydrogeologicky pruzkum, ochrana podzemnich vod\" \/>\n<meta name=\"robots\" content=\"index, follow, max-snippet:-1, max-image-preview:large, max-video-preview:-1\" \/>\n<link rel=\"canonical\" href=\"https:\/\/www.studny-smejkal.cz\/?page_id=176\" \/>\n<meta property=\"og:locale\" content=\"cs_CZ\" \/>\n<meta property=\"og:type\" content=\"article\" \/>\n<meta property=\"og:title\" content=\"Legislativa - Legislativa vrtanych studni a vrtu pro tepelna cerpadla\" \/>\n<meta property=\"og:description\" content=\"legislativa vrtane studny, tepelna cerpadla, projektova dokumentace, geologicky a hydrogeologicky pruzkum, ochrana podzemnich vod\" \/>\n<meta property=\"og:url\" content=\"https:\/\/www.studny-smejkal.cz\/?page_id=176\" \/>\n<meta property=\"article:modified_time\" content=\"2024-07-12T19:53:20+00:00\" \/>\n<meta name=\"twitter:card\" content=\"summary_large_image\" \/>\n<meta name=\"twitter:label1\" content=\"Odhadovan\u00e1 doba \u010dten\u00ed\" \/>\n\t<meta name=\"twitter:data1\" content=\"3 minuty\" \/>\n<script type=\"application\/ld+json\" class=\"yoast-schema-graph\">{\"@context\":\"https:\/\/schema.org\",\"@graph\":[{\"@type\":\"WebPage\",\"@id\":\"https:\/\/www.studny-smejkal.cz\/?page_id=176\",\"url\":\"https:\/\/www.studny-smejkal.cz\/?page_id=176\",\"name\":\"Legislativa - Legislativa vrtanych studni a vrtu pro tepelna cerpadla\",\"isPartOf\":{\"@id\":\"https:\/\/www.studny-smejkal.cz\/#website\"},\"datePublished\":\"2024-06-27T07:41:36+00:00\",\"dateModified\":\"2024-07-12T19:53:20+00:00\",\"description\":\"legislativa vrtane studny, tepelna cerpadla, projektova dokumentace, geologicky a hydrogeologicky pruzkum, ochrana podzemnich vod\",\"breadcrumb\":{\"@id\":\"https:\/\/www.studny-smejkal.cz\/?page_id=176#breadcrumb\"},\"inLanguage\":\"cs\",\"potentialAction\":[{\"@type\":\"ReadAction\",\"target\":[\"https:\/\/www.studny-smejkal.cz\/?page_id=176\"]}]},{\"@type\":\"BreadcrumbList\",\"@id\":\"https:\/\/www.studny-smejkal.cz\/?page_id=176#breadcrumb\",\"itemListElement\":[{\"@type\":\"ListItem\",\"position\":1,\"name\":\"Dom\u016f\",\"item\":\"https:\/\/www.studny-smejkal.cz\/\"},{\"@type\":\"ListItem\",\"position\":2,\"name\":\"Legislativa\"}]},{\"@type\":\"WebSite\",\"@id\":\"https:\/\/www.studny-smejkal.cz\/#website\",\"url\":\"https:\/\/www.studny-smejkal.cz\/\",\"name\":\"studny Smejkal\",\"description\":\"Vrtan\u00e9 studny a vrty pro tepeln\u00e1 \u010derpadla\",\"publisher\":{\"@id\":\"https:\/\/www.studny-smejkal.cz\/#organization\"},\"potentialAction\":[{\"@type\":\"SearchAction\",\"target\":{\"@type\":\"EntryPoint\",\"urlTemplate\":\"https:\/\/www.studny-smejkal.cz\/?s={search_term_string}\"},\"query-input\":{\"@type\":\"PropertyValueSpecification\",\"valueRequired\":true,\"valueName\":\"search_term_string\"}}],\"inLanguage\":\"cs\"},{\"@type\":\"Organization\",\"@id\":\"https:\/\/www.studny-smejkal.cz\/#organization\",\"name\":\"STUDNY S&K, s.r.o.\",\"url\":\"https:\/\/www.studny-smejkal.cz\/\",\"logo\":{\"@type\":\"ImageObject\",\"inLanguage\":\"cs\",\"@id\":\"https:\/\/www.studny-smejkal.cz\/#\/schema\/logo\/image\/\",\"url\":\"https:\/\/www.studny-smejkal.cz\/wp-content\/uploads\/2024\/07\/Studny-Smejkal_Big.jpg\",\"contentUrl\":\"https:\/\/www.studny-smejkal.cz\/wp-content\/uploads\/2024\/07\/Studny-Smejkal_Big.jpg\",\"width\":1189,\"height\":360,\"caption\":\"STUDNY S&K, s.r.o.\"},\"image\":{\"@id\":\"https:\/\/www.studny-smejkal.cz\/#\/schema\/logo\/image\/\"}}]}<\/script>\n<!-- \/ Yoast SEO plugin. -->","yoast_head_json":{"title":"Legislativa - Legislativa vrtanych studni a vrtu pro tepelna cerpadla","description":"legislativa vrtane studny, tepelna cerpadla, projektova dokumentace, geologicky a hydrogeologicky pruzkum, ochrana podzemnich vod","robots":{"index":"index","follow":"follow","max-snippet":"max-snippet:-1","max-image-preview":"max-image-preview:large","max-video-preview":"max-video-preview:-1"},"canonical":"https:\/\/www.studny-smejkal.cz\/?page_id=176","og_locale":"cs_CZ","og_type":"article","og_title":"Legislativa - Legislativa vrtanych studni a vrtu pro tepelna cerpadla","og_description":"legislativa vrtane studny, tepelna cerpadla, projektova dokumentace, geologicky a hydrogeologicky pruzkum, ochrana podzemnich vod","og_url":"https:\/\/www.studny-smejkal.cz\/?page_id=176","article_modified_time":"2024-07-12T19:53:20+00:00","twitter_card":"summary_large_image","twitter_misc":{"Odhadovan\u00e1 doba \u010dten\u00ed":"3 minuty"},"schema":{"@context":"https:\/\/schema.org","@graph":[{"@type":"WebPage","@id":"https:\/\/www.studny-smejkal.cz\/?page_id=176","url":"https:\/\/www.studny-smejkal.cz\/?page_id=176","name":"Legislativa - Legislativa vrtanych studni a vrtu pro tepelna cerpadla","isPartOf":{"@id":"https:\/\/www.studny-smejkal.cz\/#website"},"datePublished":"2024-06-27T07:41:36+00:00","dateModified":"2024-07-12T19:53:20+00:00","description":"legislativa vrtane studny, tepelna cerpadla, projektova dokumentace, geologicky a hydrogeologicky pruzkum, ochrana podzemnich vod","breadcrumb":{"@id":"https:\/\/www.studny-smejkal.cz\/?page_id=176#breadcrumb"},"inLanguage":"cs","potentialAction":[{"@type":"ReadAction","target":["https:\/\/www.studny-smejkal.cz\/?page_id=176"]}]},{"@type":"BreadcrumbList","@id":"https:\/\/www.studny-smejkal.cz\/?page_id=176#breadcrumb","itemListElement":[{"@type":"ListItem","position":1,"name":"Dom\u016f","item":"https:\/\/www.studny-smejkal.cz\/"},{"@type":"ListItem","position":2,"name":"Legislativa"}]},{"@type":"WebSite","@id":"https:\/\/www.studny-smejkal.cz\/#website","url":"https:\/\/www.studny-smejkal.cz\/","name":"studny Smejkal","description":"Vrtan\u00e9 studny a vrty pro tepeln\u00e1 \u010derpadla","publisher":{"@id":"https:\/\/www.studny-smejkal.cz\/#organization"},"potentialAction":[{"@type":"SearchAction","target":{"@type":"EntryPoint","urlTemplate":"https:\/\/www.studny-smejkal.cz\/?s={search_term_string}"},"query-input":{"@type":"PropertyValueSpecification","valueRequired":true,"valueName":"search_term_string"}}],"inLanguage":"cs"},{"@type":"Organization","@id":"https:\/\/www.studny-smejkal.cz\/#organization","name":"STUDNY S&K, s.r.o.","url":"https:\/\/www.studny-smejkal.cz\/","logo":{"@type":"ImageObject","inLanguage":"cs","@id":"https:\/\/www.studny-smejkal.cz\/#\/schema\/logo\/image\/","url":"https:\/\/www.studny-smejkal.cz\/wp-content\/uploads\/2024\/07\/Studny-Smejkal_Big.jpg","contentUrl":"https:\/\/www.studny-smejkal.cz\/wp-content\/uploads\/2024\/07\/Studny-Smejkal_Big.jpg","width":1189,"height":360,"caption":"STUDNY S&K, s.r.o."},"image":{"@id":"https:\/\/www.studny-smejkal.cz\/#\/schema\/logo\/image\/"}}]}},"_links":{"self":[{"href":"https:\/\/www.studny-smejkal.cz\/index.php?rest_route=\/wp\/v2\/pages\/176","targetHints":{"allow":["GET"]}}],"collection":[{"href":"https:\/\/www.studny-smejkal.cz\/index.php?rest_route=\/wp\/v2\/pages"}],"about":[{"href":"https:\/\/www.studny-smejkal.cz\/index.php?rest_route=\/wp\/v2\/types\/page"}],"author":[{"embeddable":true,"href":"https:\/\/www.studny-smejkal.cz\/index.php?rest_route=\/wp\/v2\/users\/1"}],"replies":[{"embeddable":true,"href":"https:\/\/www.studny-smejkal.cz\/index.php?rest_route=%2Fwp%2Fv2%2Fcomments&post=176"}],"version-history":[{"count":7,"href":"https:\/\/www.studny-smejkal.cz\/index.php?rest_route=\/wp\/v2\/pages\/176\/revisions"}],"predecessor-version":[{"id":949,"href":"https:\/\/www.studny-smejkal.cz\/index.php?rest_route=\/wp\/v2\/pages\/176\/revisions\/949"}],"wp:attachment":[{"href":"https:\/\/www.studny-smejkal.cz\/index.php?rest_route=%2Fwp%2Fv2%2Fmedia&parent=176"}],"curies":[{"name":"wp","href":"https:\/\/api.w.org\/{rel}","templated":true}]}}