{"id":170,"date":"2024-06-27T09:37:36","date_gmt":"2024-06-27T07:37:36","guid":{"rendered":"https:\/\/www.vrtanestudnyonline.cz\/?page_id=170"},"modified":"2024-07-02T06:54:54","modified_gmt":"2024-07-02T04:54:54","slug":"prubeh-dodavky","status":"publish","type":"page","link":"https:\/\/www.studny-smejkal.cz\/?page_id=170","title":{"rendered":"Pr\u016fb\u011bh dod\u00e1vky"},"content":{"rendered":"\n<div class=\"wp-block-columns has-border-color has-ast-global-color-4-border-color is-layout-flex wp-container-core-columns-is-layout-5d7b2974 wp-block-columns-is-layout-flex\" style=\"border-width:4px;margin-top:var(--wp--preset--spacing--30);margin-bottom:var(--wp--preset--spacing--30);padding-top:var(--wp--preset--spacing--60);padding-bottom:var(--wp--preset--spacing--60)\">\n<div class=\"wp-block-column is-layout-flow wp-block-column-is-layout-flow\" style=\"flex-basis:25%\"><\/div>\n\n\n\n<div class=\"wp-block-column is-layout-flow wp-block-column-is-layout-flow\" style=\"flex-basis:66.66%\">\n<p><strong>Popt\u00e1vka a specifikace m\u00edsta pro vrt<\/strong><\/p>\n\n\n\n<p>Nejprve pros\u00edm vypl\u0148te formul\u00e1\u0159 <strong>POPT\u00c1VKA<\/strong> na na\u0161ich webov\u00fdch str\u00e1nk\u00e1ch. Uve\u010fte katastr\u00e1ln\u00ed \u00fazem\u00ed, \u010d\u00edslo pozemku a \u00fa\u010del vrtan\u00e9 studny. Na z\u00e1klad\u011b t\u011bchto \u00fadaj\u016f ur\u010d\u00edme p\u0159ibli\u017en\u00e9 geologick\u00e9 podlo\u017e\u00ed a za\u0161leme v\u00e1m cenovou nab\u00eddku p\u0159izp\u016fsobenou va\u0161\u00ed lokalit\u011b.<\/p>\n\n\n\n<div class=\"wp-block-buttons is-layout-flex wp-block-buttons-is-layout-flex\">\n<div class=\"wp-block-button\"><a class=\"wp-block-button__link wp-element-button\">Zjistit v\u00edce<\/a><\/div>\n<\/div>\n<\/div>\n<\/div>\n\n\n\n<div class=\"wp-block-columns has-border-color has-ast-global-color-4-border-color is-layout-flex wp-container-core-columns-is-layout-5d7b2974 wp-block-columns-is-layout-flex\" style=\"border-width:4px;margin-top:var(--wp--preset--spacing--30);margin-bottom:var(--wp--preset--spacing--30);padding-top:var(--wp--preset--spacing--60);padding-bottom:var(--wp--preset--spacing--60)\">\n<div class=\"wp-block-column is-layout-flow wp-block-column-is-layout-flow\" style=\"flex-basis:25%\"><\/div>\n\n\n\n<div class=\"wp-block-column is-layout-flow wp-block-column-is-layout-flow\" style=\"flex-basis:66.66%\">\n<p><strong>Vypracov\u00e1n\u00ed cenov\u00e9 nab\u00eddky<\/strong><\/p>\n\n\n\n<p>Na\u0161i odborn\u00edci zpracuj\u00ed ve\u0161ker\u00e9 z\u00edskan\u00e9 informace a p\u0159iprav\u00ed cenovou nab\u00eddku. Tato nab\u00eddka bude zahrnovat ve\u0161ker\u00e9 n\u00e1klady spojen\u00e9 s v\u00fdstavbou vrtan\u00e9 studny, v\u010detn\u011b materi\u00e1lu, pr\u00e1ce a p\u0159\u00edpadn\u00fdch dal\u0161\u00edch slu\u017eeb. Cenov\u00e1 nab\u00eddka bude p\u0159esn\u011b p\u0159izp\u016fsobena specifik\u016fm dan\u00e9 lokality a pot\u0159eb\u00e1m z\u00e1kazn\u00edka. Na\u0161i specialist\u00e9 v\u00e1m budou k dispozici pro p\u0159\u00edpadn\u00e9 dotazy a vysv\u011btlen\u00ed jednotliv\u00fdch polo\u017eek nab\u00eddky, aby byl cel\u00fd proces co nejtransparentn\u011bj\u0161\u00ed a nejjasn\u011bj\u0161\u00ed.<\/p>\n\n\n\n<div class=\"wp-block-buttons is-layout-flex wp-block-buttons-is-layout-flex\">\n<div class=\"wp-block-button\"><a class=\"wp-block-button__link wp-element-button\">Zjistit v\u00edce<\/a><\/div>\n<\/div>\n<\/div>\n<\/div>\n\n\n\n<div class=\"wp-block-columns has-border-color has-ast-global-color-4-border-color is-layout-flex wp-container-core-columns-is-layout-5d7b2974 wp-block-columns-is-layout-flex\" style=\"border-width:4px;margin-top:var(--wp--preset--spacing--30);margin-bottom:var(--wp--preset--spacing--30);padding-top:var(--wp--preset--spacing--60);padding-bottom:var(--wp--preset--spacing--60)\">\n<div class=\"wp-block-column is-layout-flow wp-block-column-is-layout-flow\" style=\"flex-basis:25%\"><\/div>\n\n\n\n<div class=\"wp-block-column is-layout-flow wp-block-column-is-layout-flow\" style=\"flex-basis:66.66%\">\n<p><strong>Zmapov\u00e1n\u00ed pozemku<\/strong><\/p>\n\n\n\n<p>Po odsouhlasen\u00ed cenov\u00e9 nab\u00eddky p\u0159ijede technik domluvit m\u00edsto a technick\u00e9 z\u00e1le\u017eitosti t\u00fdkaj\u00edc\u00ed se realizace vrtu dle po\u017eadavk\u016f z\u00e1kazn\u00edka. B\u011bhem t\u00e9to n\u00e1v\u0161t\u011bvy se vybere vhodn\u00e9 m\u00edsto pro vrt, aby spl\u0148ovalo v\u0161echny legislativn\u00ed po\u017eadavky a minimalizovalo vliv na okoln\u00ed studny. Z\u00e1kazn\u00edkovi bude tak\u00e9 podrobn\u011b vysv\u011btlena cel\u00e1 problematika stavby vrtan\u00e9 studny. Tato prohl\u00eddka je nezbytn\u00e1 p\u0159ed podpisem Smlouvy o d\u00edlo.<\/p>\n\n\n\n<div class=\"wp-block-buttons is-layout-flex wp-block-buttons-is-layout-flex\">\n<div class=\"wp-block-button\"><a class=\"wp-block-button__link wp-element-button\">Zjistit v\u00edce<\/a><\/div>\n<\/div>\n<\/div>\n<\/div>\n\n\n\n<div class=\"wp-block-columns has-border-color has-ast-global-color-4-border-color is-layout-flex wp-container-core-columns-is-layout-5d7b2974 wp-block-columns-is-layout-flex\" style=\"border-width:4px;margin-top:var(--wp--preset--spacing--30);margin-bottom:var(--wp--preset--spacing--30);padding-top:var(--wp--preset--spacing--60);padding-bottom:var(--wp--preset--spacing--60)\">\n<div class=\"wp-block-column is-layout-flow wp-block-column-is-layout-flow\" style=\"flex-basis:25%\"><\/div>\n\n\n\n<div class=\"wp-block-column is-layout-flow wp-block-column-is-layout-flow\" style=\"flex-basis:66.66%\">\n<p><strong>Smlouva o d\u00edlo<\/strong><\/p>\n\n\n\n<p>Po schv\u00e1len\u00ed cenov\u00e9 nab\u00eddky p\u0159istoup\u00edme k seps\u00e1n\u00ed Smlouvy o d\u00edlo. Tato smlouva bude obsahovat v\u0161echny dohodnut\u00e9 podm\u00ednky, term\u00edny realizace a detailn\u00ed specifikace prac\u00ed. Smlouva zaru\u010duje, \u017ee v\u0161echny \u010dinnosti budou provedeny v souladu s legislativn\u00edmi po\u017eadavky a na nejvy\u0161\u0161\u00ed \u00farovni kvality. Na\u0161i pr\u00e1vn\u00edci i technici v\u00e1m budou k dispozici, aby odpov\u011bd\u011bli na jak\u00e9koli ot\u00e1zky a zajistili, \u017ee cel\u00fd proces prob\u011bhne hladce a bez komplikac\u00ed.<\/p>\n\n\n\n<div class=\"wp-block-buttons is-layout-flex wp-block-buttons-is-layout-flex\">\n<div class=\"wp-block-button\"><a class=\"wp-block-button__link wp-element-button\">Zjistit v\u00edce<\/a><\/div>\n<\/div>\n<\/div>\n<\/div>\n\n\n\n<div class=\"wp-block-columns has-border-color has-ast-global-color-4-border-color is-layout-flex wp-container-core-columns-is-layout-5d7b2974 wp-block-columns-is-layout-flex\" style=\"border-width:4px;margin-top:var(--wp--preset--spacing--30);margin-bottom:var(--wp--preset--spacing--30);padding-top:var(--wp--preset--spacing--60);padding-bottom:var(--wp--preset--spacing--60)\">\n<div class=\"wp-block-column is-layout-flow wp-block-column-is-layout-flow\" style=\"flex-basis:25%\">\n<figure class=\"wp-block-image size-full has-custom-border\"><img fetchpriority=\"high\" decoding=\"async\" width=\"600\" height=\"488\" src=\"https:\/\/www.vrtanestudnyonline.cz\/wp-content\/uploads\/2024\/07\/projekt_studny-1.jpg\" alt=\"\" class=\"has-border-color has-ast-global-color-5-border-color wp-image-860\" style=\"border-width:35px\" srcset=\"https:\/\/www.studny-smejkal.cz\/wp-content\/uploads\/2024\/07\/projekt_studny-1.jpg 600w, https:\/\/www.studny-smejkal.cz\/wp-content\/uploads\/2024\/07\/projekt_studny-1-300x244.jpg 300w\" sizes=\"(max-width: 600px) 100vw, 600px\" \/><\/figure>\n<\/div>\n\n\n\n<div class=\"wp-block-column is-layout-flow wp-block-column-is-layout-flow\" style=\"flex-basis:66.66%\">\n<p><strong>Vypracov\u00e1n\u00ed Projektov\u00e9 dokumentace a Hydrogeologick\u00fd posudek<\/strong><\/p>\n\n\n\n<p>Po podpisu Smlouvy o d\u00edlo na\u0161i odborn\u00edci za\u010dnou s vypracov\u00e1n\u00edm projektov\u00e9 dokumentace, kter\u00e1 je nezbytn\u00e1 pro \u00fasp\u011b\u0161nou realizaci vrtan\u00e9 studny. Tato dokumentace zahrnuje detailn\u00ed pl\u00e1n prac\u00ed, technick\u00e9 specifikace a v\u0161echny pot\u0159ebn\u00e9 v\u00fdkresy. Projektov\u00e1 dokumentace slou\u017e\u00ed jako z\u00e1kladn\u00ed n\u00e1stroj pro koordinaci v\u0161ech stavebn\u00edch a technick\u00fdch \u010dinnost\u00ed a zaji\u0161\u0165uje, \u017ee stavba bude provedena podle schv\u00e1len\u00fdch standard\u016f a postup\u016f &#8230; <\/p>\n\n\n\n<div class=\"wp-block-buttons is-layout-flex wp-block-buttons-is-layout-flex\">\n<div class=\"wp-block-button\"><a class=\"wp-block-button__link wp-element-button\" href=\"https:\/\/www.vrtanestudnyonline.cz\/?page_id=524\">Zjistit v\u00edce<\/a><\/div>\n<\/div>\n<\/div>\n<\/div>\n\n\n\n<div class=\"wp-block-columns has-border-color has-ast-global-color-4-border-color is-layout-flex wp-container-core-columns-is-layout-5d7b2974 wp-block-columns-is-layout-flex\" style=\"border-width:4px;margin-top:var(--wp--preset--spacing--30);margin-bottom:var(--wp--preset--spacing--30);padding-top:var(--wp--preset--spacing--60);padding-bottom:var(--wp--preset--spacing--60)\">\n<div class=\"wp-block-column is-layout-flow wp-block-column-is-layout-flow\" style=\"flex-basis:25%\"><\/div>\n\n\n\n<div class=\"wp-block-column is-layout-flow wp-block-column-is-layout-flow\" style=\"flex-basis:66.66%\">\n<p><strong>Zaji\u0161t\u011bn\u00ed stavebn\u00edho povolen\u00ed a in\u017een\u00fdring<\/strong><\/p>\n\n\n\n<p>Na\u0161e firma se postar\u00e1 o ve\u0161kerou administrativu spojenou se z\u00edsk\u00e1n\u00edm stavebn\u00edho povolen\u00ed. P\u0159iprav\u00edme pot\u0159ebnou dokumentaci a budeme komunikovat s p\u0159\u00edslu\u0161n\u00fdmi \u00fa\u0159ady, aby cel\u00fd proces prob\u011bhl hladce a bez zbyte\u010dn\u00fdch pr\u016ftah\u016f. Sou\u010d\u00e1st\u00ed na\u0161ich slu\u017eeb je tak\u00e9 in\u017een\u00fdring, kter\u00fd zahrnuje technick\u00e9 poradenstv\u00ed a koordinaci stavebn\u00edch \u010dinnost\u00ed. Zajist\u00edme, aby v\u0161echny pr\u00e1ce byly prov\u00e1d\u011bny v souladu s platn\u00fdmi normami a p\u0159edpisy, a dohl\u00e9dneme na kvalitu a bezpe\u010dnost cel\u00e9ho projektu.<\/p>\n\n\n\n<div class=\"wp-block-buttons is-layout-flex wp-block-buttons-is-layout-flex\">\n<div class=\"wp-block-button\"><a class=\"wp-block-button__link wp-element-button\">Zjistit v\u00edce<\/a><\/div>\n<\/div>\n<\/div>\n<\/div>\n\n\n\n<div class=\"wp-block-columns has-border-color has-ast-global-color-4-border-color is-layout-flex wp-container-core-columns-is-layout-5d7b2974 wp-block-columns-is-layout-flex\" style=\"border-width:4px;margin-top:var(--wp--preset--spacing--30);margin-bottom:var(--wp--preset--spacing--30);padding-top:var(--wp--preset--spacing--60);padding-bottom:var(--wp--preset--spacing--60)\">\n<div class=\"wp-block-column is-layout-flow wp-block-column-is-layout-flow\" style=\"flex-basis:25%\"><\/div>\n\n\n\n<div class=\"wp-block-column is-layout-flow wp-block-column-is-layout-flow\" style=\"flex-basis:66.66%\">\n<p><strong>Realizace vrtu<\/strong><\/p>\n\n\n\n<p>Po zaji\u0161t\u011bn\u00ed v\u0161ech pot\u0159ebn\u00fdch povolen\u00ed a p\u0159\u00edprav\u011b projektov\u00e9 dokumentace p\u0159istoup\u00edme k samotn\u00e9 realizaci vrtu. Na\u0161i zku\u0161en\u00ed technici vyu\u017e\u00edvaj\u00ed modern\u00ed vrtn\u00e9 technologie a postupy, kter\u00e9 zaru\u010duj\u00ed efektivitu a preciznost. B\u011bhem vrt\u00e1n\u00ed pe\u010dliv\u011b sledujeme geologick\u00e9 podm\u00ednky a prov\u00e1d\u00edme pr\u016fb\u011b\u017en\u00e9 kontroly kvality, aby byl v\u00fdsledek co nejlep\u0161\u00ed. V\u0161echny pr\u00e1ce jsou prov\u00e1d\u011bny s ohledem na bezpe\u010dnost a minim\u00e1ln\u00ed dopad na okoln\u00ed prost\u0159ed\u00ed. Po dokon\u010den\u00ed vrtu provedeme z\u00e1v\u011bre\u010dn\u00e9 testy a zajist\u00edme, \u017ee studna spl\u0148uje v\u0161echny po\u017eadavky na funk\u010dnost a kvalitu vody.<\/p>\n\n\n\n<div class=\"wp-block-buttons is-layout-flex wp-block-buttons-is-layout-flex\">\n<div class=\"wp-block-button\"><a class=\"wp-block-button__link wp-element-button\">Zjistit v\u00edce<\/a><\/div>\n<\/div>\n<\/div>\n<\/div>\n\n\n\n<div class=\"wp-block-columns has-border-color has-ast-global-color-4-border-color is-layout-flex wp-container-core-columns-is-layout-5d7b2974 wp-block-columns-is-layout-flex\" style=\"border-width:4px;margin-top:var(--wp--preset--spacing--30);margin-bottom:var(--wp--preset--spacing--30);padding-top:var(--wp--preset--spacing--60);padding-bottom:var(--wp--preset--spacing--60)\">\n<div class=\"wp-block-column is-layout-flow wp-block-column-is-layout-flow\" style=\"flex-basis:25%\"><\/div>\n\n\n\n<div class=\"wp-block-column is-layout-flow wp-block-column-is-layout-flow\" style=\"flex-basis:66.66%\">\n<p><strong>Napojen\u00ed \u010derpac\u00ed techniky<\/strong> <\/p>\n\n\n\n<p>Po \u00fasp\u011b\u0161n\u00e9 realizaci vrtu p\u0159istoup\u00edme k instalaci \u010derpac\u00ed techniky. Vybereme vhodn\u00e9 \u010derpadlo podle hloubky vrtu a specifikac\u00ed studny, aby byl zaji\u0161t\u011bn optim\u00e1ln\u00ed v\u00fdkon a dlouh\u00e1 \u017eivotnost syst\u00e9mu. Na\u0161i odborn\u00edci provedou profesion\u00e1ln\u00ed mont\u00e1\u017e \u010derpac\u00ed techniky, v\u010detn\u011b v\u0161ech pot\u0159ebn\u00fdch elektrick\u00fdch a hydraulick\u00fdch p\u0159\u00edpojek. Zajist\u00edme tak\u00e9 testov\u00e1n\u00ed cel\u00e9ho syst\u00e9mu, aby byla zaru\u010dena jeho bezprobl\u00e9mov\u00e1 funk\u010dnost a spolehlivost. Po dokon\u010den\u00ed instalace v\u00e1m poskytneme ve\u0161ker\u00e9 pot\u0159ebn\u00e9 informace a n\u00e1vody pro spr\u00e1vn\u00fd provoz a \u00fadr\u017ebu \u010derpac\u00ed techniky.<\/p>\n\n\n\n<div class=\"wp-block-buttons is-layout-flex wp-block-buttons-is-layout-flex\">\n<div class=\"wp-block-button\"><a class=\"wp-block-button__link wp-element-button\">Zjistit v\u00edce<\/a><\/div>\n<\/div>\n<\/div>\n<\/div>\n\n\n\n<div class=\"wp-block-columns has-border-color has-ast-global-color-4-border-color is-layout-flex wp-container-core-columns-is-layout-5d7b2974 wp-block-columns-is-layout-flex\" style=\"border-width:4px;margin-top:var(--wp--preset--spacing--30);margin-bottom:var(--wp--preset--spacing--30);padding-top:var(--wp--preset--spacing--60);padding-bottom:var(--wp--preset--spacing--60)\">\n<div class=\"wp-block-column is-layout-flow wp-block-column-is-layout-flow\" style=\"flex-basis:25%\"><\/div>\n\n\n\n<div class=\"wp-block-column is-layout-flow wp-block-column-is-layout-flow\" style=\"flex-basis:66.66%\">\n<p><strong>Kolaudace <\/strong><\/p>\n\n\n\n<p>Po dokon\u010den\u00ed v\u0161ech prac\u00ed a instalaci \u010derpac\u00ed techniky n\u00e1sleduje proces kolaudace. Na\u0161i odborn\u00edci p\u0159iprav\u00ed ve\u0161kerou pot\u0159ebnou dokumentaci a zajist\u00ed komunikaci s p\u0159\u00edslu\u0161n\u00fdmi \u00fa\u0159ady. Kolaudace zahrnuje kontrolu, zda byly v\u0161echny pr\u00e1ce provedeny v souladu s projektovou dokumentac\u00ed a legislativn\u00edmi po\u017eadavky. <strong>Po \u00fasp\u011b\u0161n\u00e9 kolaudaci obdr\u017e\u00edte ofici\u00e1ln\u00ed povolen\u00ed k u\u017e\u00edv\u00e1n\u00ed studny<\/strong>, \u010d\u00edm\u017e je cel\u00fd projekt dokon\u010den a p\u0159ipraven k pln\u00e9mu provozu.<\/p>\n\n\n\n<div class=\"wp-block-buttons is-layout-flex wp-block-buttons-is-layout-flex\">\n<div class=\"wp-block-button\"><a class=\"wp-block-button__link wp-element-button\">Zjistit v\u00edce<\/a><\/div>\n<\/div>\n<\/div>\n<\/div>\n","protected":false},"excerpt":{"rendered":"<p>Popt\u00e1vka a specifikace m\u00edsta pro vrt Nejprve pros\u00edm vypl\u0148te formul\u00e1\u0159 POPT\u00c1VKA na na\u0161ich webov\u00fdch str\u00e1nk\u00e1ch. Uve\u010fte katastr\u00e1ln\u00ed \u00fazem\u00ed, \u010d\u00edslo pozemku [&hellip;]<\/p>\n","protected":false},"author":1,"featured_media":0,"parent":0,"menu_order":0,"comment_status":"closed","ping_status":"closed","template":"","meta":{"site-sidebar-layout":"default","site-content-layout":"","ast-site-content-layout":"","site-content-style":"default","site-sidebar-style":"default","ast-global-header-display":"","ast-banner-title-visibility":"","ast-main-header-display":"","ast-hfb-above-header-display":"","ast-hfb-below-header-display":"","ast-hfb-mobile-header-display":"","site-post-title":"","ast-breadcrumbs-content":"","ast-featured-img":"","footer-sml-layout":"","theme-transparent-header-meta":"","adv-header-id-meta":"","stick-header-meta":"","header-above-stick-meta":"","header-main-stick-meta":"","header-below-stick-meta":"","astra-migrate-meta-layouts":"default","ast-page-background-enabled":"default","ast-page-background-meta":{"desktop":{"background-color":"var(--ast-global-color-4)","background-image":"","background-repeat":"repeat","background-position":"center center","background-size":"auto","background-attachment":"scroll","background-type":"","background-media":"","overlay-type":"","overlay-color":"","overlay-opacity":"","overlay-gradient":""},"tablet":{"background-color":"","background-image":"","background-repeat":"repeat","background-position":"center center","background-size":"auto","background-attachment":"scroll","background-type":"","background-media":"","overlay-type":"","overlay-color":"","overlay-opacity":"","overlay-gradient":""},"mobile":{"background-color":"","background-image":"","background-repeat":"repeat","background-position":"center center","background-size":"auto","background-attachment":"scroll","background-type":"","background-media":"","overlay-type":"","overlay-color":"","overlay-opacity":"","overlay-gradient":""}},"ast-content-background-meta":{"desktop":{"background-color":"var(--ast-global-color-5)","background-image":"","background-repeat":"repeat","background-position":"center center","background-size":"auto","background-attachment":"scroll","background-type":"","background-media":"","overlay-type":"","overlay-color":"","overlay-opacity":"","overlay-gradient":""},"tablet":{"background-color":"var(--ast-global-color-5)","background-image":"","background-repeat":"repeat","background-position":"center center","background-size":"auto","background-attachment":"scroll","background-type":"","background-media":"","overlay-type":"","overlay-color":"","overlay-opacity":"","overlay-gradient":""},"mobile":{"background-color":"var(--ast-global-color-5)","background-image":"","background-repeat":"repeat","background-position":"center center","background-size":"auto","background-attachment":"scroll","background-type":"","background-media":"","overlay-type":"","overlay-color":"","overlay-opacity":"","overlay-gradient":""}},"_kadence_starter_templates_imported_post":false,"footnotes":""},"class_list":["post-170","page","type-page","status-publish","hentry"],"yoast_head":"<!-- This site is optimized with the Yoast SEO plugin v23.4 - https:\/\/yoast.com\/wordpress\/plugins\/seo\/ -->\n<title>Pr\u016fb\u011bh dod\u00e1vky -<\/title>\n<meta name=\"robots\" content=\"index, follow, max-snippet:-1, max-image-preview:large, max-video-preview:-1\" \/>\n<link rel=\"canonical\" href=\"https:\/\/www.studny-smejkal.cz\/?page_id=170\" \/>\n<meta property=\"og:locale\" content=\"cs_CZ\" \/>\n<meta property=\"og:type\" content=\"article\" \/>\n<meta property=\"og:title\" content=\"Pr\u016fb\u011bh dod\u00e1vky -\" \/>\n<meta property=\"og:description\" content=\"Popt\u00e1vka a specifikace m\u00edsta pro vrt Nejprve pros\u00edm vypl\u0148te formul\u00e1\u0159 POPT\u00c1VKA na na\u0161ich webov\u00fdch str\u00e1nk\u00e1ch. Uve\u010fte katastr\u00e1ln\u00ed \u00fazem\u00ed, \u010d\u00edslo pozemku [&hellip;]\" \/>\n<meta property=\"og:url\" content=\"https:\/\/www.studny-smejkal.cz\/?page_id=170\" \/>\n<meta property=\"article:modified_time\" content=\"2024-07-02T04:54:54+00:00\" \/>\n<meta property=\"og:image\" content=\"https:\/\/www.vrtanestudnyonline.cz\/wp-content\/uploads\/2024\/07\/projekt_studny-1.jpg\" \/>\n<meta name=\"twitter:card\" content=\"summary_large_image\" \/>\n<meta name=\"twitter:label1\" content=\"Odhadovan\u00e1 doba \u010dten\u00ed\" \/>\n\t<meta name=\"twitter:data1\" content=\"4 minuty\" \/>\n<script type=\"application\/ld+json\" class=\"yoast-schema-graph\">{\"@context\":\"https:\/\/schema.org\",\"@graph\":[{\"@type\":\"WebPage\",\"@id\":\"https:\/\/www.studny-smejkal.cz\/?page_id=170\",\"url\":\"https:\/\/www.studny-smejkal.cz\/?page_id=170\",\"name\":\"Pr\u016fb\u011bh dod\u00e1vky -\",\"isPartOf\":{\"@id\":\"https:\/\/www.studny-smejkal.cz\/#website\"},\"primaryImageOfPage\":{\"@id\":\"https:\/\/www.studny-smejkal.cz\/?page_id=170#primaryimage\"},\"image\":{\"@id\":\"https:\/\/www.studny-smejkal.cz\/?page_id=170#primaryimage\"},\"thumbnailUrl\":\"https:\/\/www.vrtanestudnyonline.cz\/wp-content\/uploads\/2024\/07\/projekt_studny-1.jpg\",\"datePublished\":\"2024-06-27T07:37:36+00:00\",\"dateModified\":\"2024-07-02T04:54:54+00:00\",\"breadcrumb\":{\"@id\":\"https:\/\/www.studny-smejkal.cz\/?page_id=170#breadcrumb\"},\"inLanguage\":\"cs\",\"potentialAction\":[{\"@type\":\"ReadAction\",\"target\":[\"https:\/\/www.studny-smejkal.cz\/?page_id=170\"]}]},{\"@type\":\"ImageObject\",\"inLanguage\":\"cs\",\"@id\":\"https:\/\/www.studny-smejkal.cz\/?page_id=170#primaryimage\",\"url\":\"https:\/\/www.vrtanestudnyonline.cz\/wp-content\/uploads\/2024\/07\/projekt_studny-1.jpg\",\"contentUrl\":\"https:\/\/www.vrtanestudnyonline.cz\/wp-content\/uploads\/2024\/07\/projekt_studny-1.jpg\"},{\"@type\":\"BreadcrumbList\",\"@id\":\"https:\/\/www.studny-smejkal.cz\/?page_id=170#breadcrumb\",\"itemListElement\":[{\"@type\":\"ListItem\",\"position\":1,\"name\":\"Dom\u016f\",\"item\":\"https:\/\/www.studny-smejkal.cz\/\"},{\"@type\":\"ListItem\",\"position\":2,\"name\":\"Pr\u016fb\u011bh dod\u00e1vky\"}]},{\"@type\":\"WebSite\",\"@id\":\"https:\/\/www.studny-smejkal.cz\/#website\",\"url\":\"https:\/\/www.studny-smejkal.cz\/\",\"name\":\"studny Smejkal\",\"description\":\"Vrtan\u00e9 studny a vrty pro tepeln\u00e1 \u010derpadla\",\"publisher\":{\"@id\":\"https:\/\/www.studny-smejkal.cz\/#organization\"},\"potentialAction\":[{\"@type\":\"SearchAction\",\"target\":{\"@type\":\"EntryPoint\",\"urlTemplate\":\"https:\/\/www.studny-smejkal.cz\/?s={search_term_string}\"},\"query-input\":{\"@type\":\"PropertyValueSpecification\",\"valueRequired\":true,\"valueName\":\"search_term_string\"}}],\"inLanguage\":\"cs\"},{\"@type\":\"Organization\",\"@id\":\"https:\/\/www.studny-smejkal.cz\/#organization\",\"name\":\"STUDNY S&K, s.r.o.\",\"url\":\"https:\/\/www.studny-smejkal.cz\/\",\"logo\":{\"@type\":\"ImageObject\",\"inLanguage\":\"cs\",\"@id\":\"https:\/\/www.studny-smejkal.cz\/#\/schema\/logo\/image\/\",\"url\":\"https:\/\/www.studny-smejkal.cz\/wp-content\/uploads\/2024\/07\/Studny-Smejkal_Big.jpg\",\"contentUrl\":\"https:\/\/www.studny-smejkal.cz\/wp-content\/uploads\/2024\/07\/Studny-Smejkal_Big.jpg\",\"width\":1189,\"height\":360,\"caption\":\"STUDNY S&K, s.r.o.\"},\"image\":{\"@id\":\"https:\/\/www.studny-smejkal.cz\/#\/schema\/logo\/image\/\"}}]}<\/script>\n<!-- \/ Yoast SEO plugin. -->","yoast_head_json":{"title":"Pr\u016fb\u011bh dod\u00e1vky -","robots":{"index":"index","follow":"follow","max-snippet":"max-snippet:-1","max-image-preview":"max-image-preview:large","max-video-preview":"max-video-preview:-1"},"canonical":"https:\/\/www.studny-smejkal.cz\/?page_id=170","og_locale":"cs_CZ","og_type":"article","og_title":"Pr\u016fb\u011bh dod\u00e1vky -","og_description":"Popt\u00e1vka a specifikace m\u00edsta pro vrt Nejprve pros\u00edm vypl\u0148te formul\u00e1\u0159 POPT\u00c1VKA na na\u0161ich webov\u00fdch str\u00e1nk\u00e1ch. Uve\u010fte katastr\u00e1ln\u00ed \u00fazem\u00ed, \u010d\u00edslo pozemku [&hellip;]","og_url":"https:\/\/www.studny-smejkal.cz\/?page_id=170","article_modified_time":"2024-07-02T04:54:54+00:00","og_image":[{"url":"https:\/\/www.vrtanestudnyonline.cz\/wp-content\/uploads\/2024\/07\/projekt_studny-1.jpg"}],"twitter_card":"summary_large_image","twitter_misc":{"Odhadovan\u00e1 doba \u010dten\u00ed":"4 minuty"},"schema":{"@context":"https:\/\/schema.org","@graph":[{"@type":"WebPage","@id":"https:\/\/www.studny-smejkal.cz\/?page_id=170","url":"https:\/\/www.studny-smejkal.cz\/?page_id=170","name":"Pr\u016fb\u011bh dod\u00e1vky -","isPartOf":{"@id":"https:\/\/www.studny-smejkal.cz\/#website"},"primaryImageOfPage":{"@id":"https:\/\/www.studny-smejkal.cz\/?page_id=170#primaryimage"},"image":{"@id":"https:\/\/www.studny-smejkal.cz\/?page_id=170#primaryimage"},"thumbnailUrl":"https:\/\/www.vrtanestudnyonline.cz\/wp-content\/uploads\/2024\/07\/projekt_studny-1.jpg","datePublished":"2024-06-27T07:37:36+00:00","dateModified":"2024-07-02T04:54:54+00:00","breadcrumb":{"@id":"https:\/\/www.studny-smejkal.cz\/?page_id=170#breadcrumb"},"inLanguage":"cs","potentialAction":[{"@type":"ReadAction","target":["https:\/\/www.studny-smejkal.cz\/?page_id=170"]}]},{"@type":"ImageObject","inLanguage":"cs","@id":"https:\/\/www.studny-smejkal.cz\/?page_id=170#primaryimage","url":"https:\/\/www.vrtanestudnyonline.cz\/wp-content\/uploads\/2024\/07\/projekt_studny-1.jpg","contentUrl":"https:\/\/www.vrtanestudnyonline.cz\/wp-content\/uploads\/2024\/07\/projekt_studny-1.jpg"},{"@type":"BreadcrumbList","@id":"https:\/\/www.studny-smejkal.cz\/?page_id=170#breadcrumb","itemListElement":[{"@type":"ListItem","position":1,"name":"Dom\u016f","item":"https:\/\/www.studny-smejkal.cz\/"},{"@type":"ListItem","position":2,"name":"Pr\u016fb\u011bh dod\u00e1vky"}]},{"@type":"WebSite","@id":"https:\/\/www.studny-smejkal.cz\/#website","url":"https:\/\/www.studny-smejkal.cz\/","name":"studny Smejkal","description":"Vrtan\u00e9 studny a vrty pro tepeln\u00e1 \u010derpadla","publisher":{"@id":"https:\/\/www.studny-smejkal.cz\/#organization"},"potentialAction":[{"@type":"SearchAction","target":{"@type":"EntryPoint","urlTemplate":"https:\/\/www.studny-smejkal.cz\/?s={search_term_string}"},"query-input":{"@type":"PropertyValueSpecification","valueRequired":true,"valueName":"search_term_string"}}],"inLanguage":"cs"},{"@type":"Organization","@id":"https:\/\/www.studny-smejkal.cz\/#organization","name":"STUDNY S&K, s.r.o.","url":"https:\/\/www.studny-smejkal.cz\/","logo":{"@type":"ImageObject","inLanguage":"cs","@id":"https:\/\/www.studny-smejkal.cz\/#\/schema\/logo\/image\/","url":"https:\/\/www.studny-smejkal.cz\/wp-content\/uploads\/2024\/07\/Studny-Smejkal_Big.jpg","contentUrl":"https:\/\/www.studny-smejkal.cz\/wp-content\/uploads\/2024\/07\/Studny-Smejkal_Big.jpg","width":1189,"height":360,"caption":"STUDNY S&K, s.r.o."},"image":{"@id":"https:\/\/www.studny-smejkal.cz\/#\/schema\/logo\/image\/"}}]}},"_links":{"self":[{"href":"https:\/\/www.studny-smejkal.cz\/index.php?rest_route=\/wp\/v2\/pages\/170","targetHints":{"allow":["GET"]}}],"collection":[{"href":"https:\/\/www.studny-smejkal.cz\/index.php?rest_route=\/wp\/v2\/pages"}],"about":[{"href":"https:\/\/www.studny-smejkal.cz\/index.php?rest_route=\/wp\/v2\/types\/page"}],"author":[{"embeddable":true,"href":"https:\/\/www.studny-smejkal.cz\/index.php?rest_route=\/wp\/v2\/users\/1"}],"replies":[{"embeddable":true,"href":"https:\/\/www.studny-smejkal.cz\/index.php?rest_route=%2Fwp%2Fv2%2Fcomments&post=170"}],"version-history":[{"count":35,"href":"https:\/\/www.studny-smejkal.cz\/index.php?rest_route=\/wp\/v2\/pages\/170\/revisions"}],"predecessor-version":[{"id":864,"href":"https:\/\/www.studny-smejkal.cz\/index.php?rest_route=\/wp\/v2\/pages\/170\/revisions\/864"}],"wp:attachment":[{"href":"https:\/\/www.studny-smejkal.cz\/index.php?rest_route=%2Fwp%2Fv2%2Fmedia&parent=170"}],"curies":[{"name":"wp","href":"https:\/\/api.w.org\/{rel}","templated":true}]}}