{"id":159,"date":"2024-06-27T09:16:12","date_gmt":"2024-06-27T07:16:12","guid":{"rendered":"https:\/\/www.vrtanestudnyonline.cz\/?page_id=159"},"modified":"2024-06-30T10:43:23","modified_gmt":"2024-06-30T08:43:23","slug":"kontakt","status":"publish","type":"page","link":"https:\/\/www.studny-smejkal.cz\/?page_id=159","title":{"rendered":"Kontakt"},"content":{"rendered":"\n<p style=\"font-size:15px\">Zda naleznete ve\u0161ker\u00e9 d\u016fle\u017eit\u00e9 kontakty na na\u0161\u00ed firmu.<\/p>\n\n\n\n<p class=\"has-background has-medium-font-size\" style=\"background-color:#d0d5db3d\">Centr\u00e1la spole\u010dnosti<\/p>\n\n\n\n<p id=\"block-c3346248-9a83-405f-a9d5-73b6deb39e5d\" style=\"padding-top:0;padding-right:var(--wp--preset--spacing--80);padding-bottom:0;padding-left:var(--wp--preset--spacing--80);font-size:15px\">STUDNY S&amp;K, s.r.o.<br>Palack\u00e9ho 975<br>588 13 Poln\u00e1<br><br>IC: 059 82 669<br>DIC: CZ 059 82 669<\/p>\n\n\n\n<p style=\"padding-top:0;padding-right:var(--wp--preset--spacing--80);padding-bottom:0;padding-left:var(--wp--preset--spacing--80);font-size:15px\">\u010c\u00edslo bankovn\u00edho \u00fa\u010dtu CZ: <\/p>\n\n\n\n<p class=\"has-background has-medium-font-size\" style=\"background-color:#d0d5db3d\">D\u016fle\u017eit\u00e9 kontakty<\/p>\n\n\n\n<div class=\"wp-block-columns is-layout-flex wp-container-core-columns-is-layout-a5331a9e wp-block-columns-is-layout-flex\" style=\"padding-top:0;padding-right:0;padding-bottom:0;padding-left:0\">\n<div class=\"wp-block-column is-layout-flow wp-block-column-is-layout-flow\">\n<p style=\"padding-right:var(--wp--preset--spacing--80);padding-left:var(--wp--preset--spacing--80);font-size:15px\">E-mail: info@vrtane-studny-sk.cz<br>Datov\u00e1 schr\u00e1nka: xxxxxxxxxxx<\/p>\n<\/div>\n\n\n\n<div class=\"wp-block-column is-layout-flow wp-block-column-is-layout-flow\">\n<p style=\"font-size:15px\">Telefonn\u00ed \u010d\u00edslo: + 420 723 632 621<\/p>\n<\/div>\n<\/div>\n\n\n\n<p style=\"padding-top:var(--wp--preset--spacing--60);padding-right:var(--wp--preset--spacing--80);padding-bottom:var(--wp--preset--spacing--60);padding-left:var(--wp--preset--spacing--80);font-size:15px\">Pokud n\u00e1s pot\u0159ebujete kontaktovat, jsme v\u00e1m k dispozici od pond\u011bl\u00ed do p\u00e1tku, v\u017edy od 7:00 do 16:00 hodin.<\/p>\n\n\n\n<div class=\"wp-block-columns has-border-color has-ast-global-color-6-border-color is-layout-flex wp-container-core-columns-is-layout-0c6ee718 wp-block-columns-is-layout-flex\" style=\"border-width:9px;margin-bottom:0\">\n<div class=\"wp-block-column has-ast-global-color-4-background-color has-text-color has-background has-link-color wp-elements-672192f04fac21c19be1593bfdca540f is-layout-flow wp-block-column-is-layout-flow\" style=\"color:#000000;padding-top:2em;padding-right:2em;padding-bottom:2em;padding-left:2em\">\n<h2 class=\"wp-block-heading\" id=\"single\" style=\"font-size:20px\"><strong>Kancel\u00e1\u0159 Poln\u00e1<\/strong><\/h2>\n\n\n\n<p style=\"font-size:15px;line-height:1.5\"><strong>S\u00eddlo firmy<\/strong><\/p>\n\n\n\n<hr class=\"wp-block-separator has-text-color has-css-opacity has-background is-style-wide\" style=\"background-color:#000000;color:#000000\"\/>\n\n\n\n<ul class=\"has-normal-font-size wp-block-list\">\n<li style=\"font-size:15px\">Vyhled\u00e1v\u00e1n\u00ed pramene<\/li>\n\n\n\n<li style=\"font-size:15px\">Cenov\u00e9 kalkulace<\/li>\n\n\n\n<li style=\"font-size:15px\">Engineering <\/li>\n\n\n\n<li style=\"font-size:15px\">Pr\u016fzkumn\u00e9 vrty<\/li>\n\n\n\n<li style=\"font-size:15px\">Vrt\u00e1n\u00ed studn\u00ed<\/li>\n\n\n\n<li style=\"font-size:15px\">Vrty pro tepeln\u00e1 \u010derpadla<\/li>\n\n\n\n<li style=\"font-size:15px\">Zapojen\u00ed studn\u00ed<\/li>\n<\/ul>\n\n\n\n<p style=\"font-size:15px\">Telefonn\u00ed kontakt: + 420 723 632 621<br>E-mail:<\/p>\n<\/div>\n\n\n\n<div class=\"wp-block-column has-ast-global-color-4-background-color has-text-color has-background has-link-color wp-elements-98ba28da609aaaebfbf003e5d2d6295c is-layout-flow wp-block-column-is-layout-flow\" style=\"color:#000000;padding-top:2em;padding-right:2em;padding-bottom:2em;padding-left:2em\">\n<h2 class=\"wp-block-heading\" id=\"family\" style=\"font-size:20px\"><strong>Kancel\u00e1\u0159 Praha<\/strong><\/h2>\n\n\n\n<p style=\"font-size:15px;line-height:1.5\"><strong>Pobo\u010dka<\/strong><\/p>\n\n\n\n<hr class=\"wp-block-separator has-css-opacity is-style-wide\"\/>\n\n\n\n<ul class=\"has-normal-font-size wp-block-list\">\n<li style=\"font-size:15px\">Vyhled\u00e1v\u00e1n\u00ed pramene<\/li>\n\n\n\n<li style=\"font-size:15px\">Cenov\u00e1 kalkulace<\/li>\n\n\n\n<li style=\"font-size:15px\">Engineering <\/li>\n\n\n\n<li style=\"font-size:15px\">Pr\u016fzkumn\u00e9 vrty<\/li>\n\n\n\n<li style=\"font-size:15px\">Vrt\u00e1n\u00ed studn\u00ed<\/li>\n\n\n\n<li style=\"font-size:15px\">Vrty pro tepeln\u00e1 \u010derpadla<\/li>\n\n\n\n<li style=\"font-size:15px\">Zapojen\u00ed studn\u00ed<\/li>\n<\/ul>\n\n\n\n<p style=\"font-size:15px\">Telefonn\u00ed kontakt: + 420 777 77 33 57<br>E-mail:<\/p>\n<\/div>\n\n\n\n<div class=\"wp-block-column has-ast-global-color-4-background-color has-text-color has-background has-link-color wp-elements-c2fe4158bf153fda8af10e5f7cd8311e is-layout-flow wp-block-column-is-layout-flow\" style=\"color:#000000;padding-top:2em;padding-right:2em;padding-bottom:2em;padding-left:2em\">\n<h2 class=\"wp-block-heading\" id=\"patron\" style=\"font-size:20px\"><strong>Projekce<\/strong><\/h2>\n\n\n\n<p style=\"font-size:15px\">Projekce a Stavebn\u00ed povolen\u00ed<\/p>\n\n\n\n<hr class=\"wp-block-separator has-css-opacity is-style-wide\"\/>\n\n\n\n<ul class=\"has-normal-font-size wp-block-list\">\n<li style=\"font-size:15px\">Hydrogeologick\u00fd posudek<\/li>\n\n\n\n<li style=\"font-size:15px\">Projektov\u00e1 dokumentace<\/li>\n\n\n\n<li style=\"font-size:15px\">Projekt na p\u0159\u00edslu\u0161n\u00fd kraj a vodopr\u00e1vn\u00ed \u00fa\u0159ad<\/li>\n\n\n\n<li style=\"font-size:15px\">Dokumentace pro B\u00e1\u0148sk\u00fd \u00fa\u0159ad<\/li>\n\n\n\n<li style=\"font-size:15px\">Engineering &#8211; zaji\u0161\u0165ov\u00e1n\u00ed stavebn\u00edho povolen\u00ed<\/li>\n<\/ul>\n\n\n\n<p style=\"font-size:15px\">Telefonn\u00ed kontakt: + 420 723 313 734<br>E-mail:<\/p>\n<\/div>\n<\/div>\n","protected":false},"excerpt":{"rendered":"<p>Zda naleznete ve\u0161ker\u00e9 d\u016fle\u017eit\u00e9 kontakty na na\u0161\u00ed firmu. Centr\u00e1la spole\u010dnosti STUDNY S&amp;K, s.r.o.Palack\u00e9ho 975588 13 Poln\u00e1 IC: 059 82 669DIC: [&hellip;]<\/p>\n","protected":false},"author":1,"featured_media":0,"parent":0,"menu_order":0,"comment_status":"closed","ping_status":"closed","template":"","meta":{"site-sidebar-layout":"default","site-content-layout":"","ast-site-content-layout":"","site-content-style":"default","site-sidebar-style":"default","ast-global-header-display":"","ast-banner-title-visibility":"","ast-main-header-display":"","ast-hfb-above-header-display":"","ast-hfb-below-header-display":"","ast-hfb-mobile-header-display":"","site-post-title":"","ast-breadcrumbs-content":"","ast-featured-img":"","footer-sml-layout":"","theme-transparent-header-meta":"","adv-header-id-meta":"","stick-header-meta":"","header-above-stick-meta":"","header-main-stick-meta":"","header-below-stick-meta":"","astra-migrate-meta-layouts":"default","ast-page-background-enabled":"default","ast-page-background-meta":{"desktop":{"background-color":"var(--ast-global-color-4)","background-image":"","background-repeat":"repeat","background-position":"center center","background-size":"auto","background-attachment":"scroll","background-type":"","background-media":"","overlay-type":"","overlay-color":"","overlay-opacity":"","overlay-gradient":""},"tablet":{"background-color":"","background-image":"","background-repeat":"repeat","background-position":"center center","background-size":"auto","background-attachment":"scroll","background-type":"","background-media":"","overlay-type":"","overlay-color":"","overlay-opacity":"","overlay-gradient":""},"mobile":{"background-color":"","background-image":"","background-repeat":"repeat","background-position":"center center","background-size":"auto","background-attachment":"scroll","background-type":"","background-media":"","overlay-type":"","overlay-color":"","overlay-opacity":"","overlay-gradient":""}},"ast-content-background-meta":{"desktop":{"background-color":"var(--ast-global-color-5)","background-image":"","background-repeat":"repeat","background-position":"center center","background-size":"auto","background-attachment":"scroll","background-type":"","background-media":"","overlay-type":"","overlay-color":"","overlay-opacity":"","overlay-gradient":""},"tablet":{"background-color":"var(--ast-global-color-5)","background-image":"","background-repeat":"repeat","background-position":"center center","background-size":"auto","background-attachment":"scroll","background-type":"","background-media":"","overlay-type":"","overlay-color":"","overlay-opacity":"","overlay-gradient":""},"mobile":{"background-color":"var(--ast-global-color-5)","background-image":"","background-repeat":"repeat","background-position":"center center","background-size":"auto","background-attachment":"scroll","background-type":"","background-media":"","overlay-type":"","overlay-color":"","overlay-opacity":"","overlay-gradient":""}},"_kadence_starter_templates_imported_post":false,"footnotes":""},"class_list":["post-159","page","type-page","status-publish","hentry"],"yoast_head":"<!-- This site is optimized with the Yoast SEO plugin v23.4 - https:\/\/yoast.com\/wordpress\/plugins\/seo\/ -->\n<title>Kontakt -<\/title>\n<meta name=\"robots\" content=\"index, follow, max-snippet:-1, max-image-preview:large, max-video-preview:-1\" \/>\n<link rel=\"canonical\" href=\"https:\/\/www.studny-smejkal.cz\/?page_id=159\" \/>\n<meta property=\"og:locale\" content=\"cs_CZ\" \/>\n<meta property=\"og:type\" content=\"article\" \/>\n<meta property=\"og:title\" content=\"Kontakt -\" \/>\n<meta property=\"og:description\" content=\"Zda naleznete ve\u0161ker\u00e9 d\u016fle\u017eit\u00e9 kontakty na na\u0161\u00ed firmu. Centr\u00e1la spole\u010dnosti STUDNY S&amp;K, s.r.o.Palack\u00e9ho 975588 13 Poln\u00e1 IC: 059 82 669DIC: [&hellip;]\" \/>\n<meta property=\"og:url\" content=\"https:\/\/www.studny-smejkal.cz\/?page_id=159\" \/>\n<meta property=\"article:modified_time\" content=\"2024-06-30T08:43:23+00:00\" \/>\n<meta name=\"twitter:card\" content=\"summary_large_image\" \/>\n<meta name=\"twitter:label1\" content=\"Odhadovan\u00e1 doba \u010dten\u00ed\" \/>\n\t<meta name=\"twitter:data1\" content=\"1 minuta\" \/>\n<script type=\"application\/ld+json\" class=\"yoast-schema-graph\">{\"@context\":\"https:\/\/schema.org\",\"@graph\":[{\"@type\":\"WebPage\",\"@id\":\"https:\/\/www.studny-smejkal.cz\/?page_id=159\",\"url\":\"https:\/\/www.studny-smejkal.cz\/?page_id=159\",\"name\":\"Kontakt -\",\"isPartOf\":{\"@id\":\"https:\/\/www.studny-smejkal.cz\/#website\"},\"datePublished\":\"2024-06-27T07:16:12+00:00\",\"dateModified\":\"2024-06-30T08:43:23+00:00\",\"breadcrumb\":{\"@id\":\"https:\/\/www.studny-smejkal.cz\/?page_id=159#breadcrumb\"},\"inLanguage\":\"cs\",\"potentialAction\":[{\"@type\":\"ReadAction\",\"target\":[\"https:\/\/www.studny-smejkal.cz\/?page_id=159\"]}]},{\"@type\":\"BreadcrumbList\",\"@id\":\"https:\/\/www.studny-smejkal.cz\/?page_id=159#breadcrumb\",\"itemListElement\":[{\"@type\":\"ListItem\",\"position\":1,\"name\":\"Dom\u016f\",\"item\":\"https:\/\/www.studny-smejkal.cz\/\"},{\"@type\":\"ListItem\",\"position\":2,\"name\":\"Kontakt\"}]},{\"@type\":\"WebSite\",\"@id\":\"https:\/\/www.studny-smejkal.cz\/#website\",\"url\":\"https:\/\/www.studny-smejkal.cz\/\",\"name\":\"studny Smejkal\",\"description\":\"Vrtan\u00e9 studny a vrty pro tepeln\u00e1 \u010derpadla\",\"publisher\":{\"@id\":\"https:\/\/www.studny-smejkal.cz\/#organization\"},\"potentialAction\":[{\"@type\":\"SearchAction\",\"target\":{\"@type\":\"EntryPoint\",\"urlTemplate\":\"https:\/\/www.studny-smejkal.cz\/?s={search_term_string}\"},\"query-input\":{\"@type\":\"PropertyValueSpecification\",\"valueRequired\":true,\"valueName\":\"search_term_string\"}}],\"inLanguage\":\"cs\"},{\"@type\":\"Organization\",\"@id\":\"https:\/\/www.studny-smejkal.cz\/#organization\",\"name\":\"STUDNY S&K, s.r.o.\",\"url\":\"https:\/\/www.studny-smejkal.cz\/\",\"logo\":{\"@type\":\"ImageObject\",\"inLanguage\":\"cs\",\"@id\":\"https:\/\/www.studny-smejkal.cz\/#\/schema\/logo\/image\/\",\"url\":\"https:\/\/www.studny-smejkal.cz\/wp-content\/uploads\/2024\/07\/Studny-Smejkal_Big.jpg\",\"contentUrl\":\"https:\/\/www.studny-smejkal.cz\/wp-content\/uploads\/2024\/07\/Studny-Smejkal_Big.jpg\",\"width\":1189,\"height\":360,\"caption\":\"STUDNY S&K, s.r.o.\"},\"image\":{\"@id\":\"https:\/\/www.studny-smejkal.cz\/#\/schema\/logo\/image\/\"}}]}<\/script>\n<!-- \/ Yoast SEO plugin. -->","yoast_head_json":{"title":"Kontakt -","robots":{"index":"index","follow":"follow","max-snippet":"max-snippet:-1","max-image-preview":"max-image-preview:large","max-video-preview":"max-video-preview:-1"},"canonical":"https:\/\/www.studny-smejkal.cz\/?page_id=159","og_locale":"cs_CZ","og_type":"article","og_title":"Kontakt -","og_description":"Zda naleznete ve\u0161ker\u00e9 d\u016fle\u017eit\u00e9 kontakty na na\u0161\u00ed firmu. Centr\u00e1la spole\u010dnosti STUDNY S&amp;K, s.r.o.Palack\u00e9ho 975588 13 Poln\u00e1 IC: 059 82 669DIC: [&hellip;]","og_url":"https:\/\/www.studny-smejkal.cz\/?page_id=159","article_modified_time":"2024-06-30T08:43:23+00:00","twitter_card":"summary_large_image","twitter_misc":{"Odhadovan\u00e1 doba \u010dten\u00ed":"1 minuta"},"schema":{"@context":"https:\/\/schema.org","@graph":[{"@type":"WebPage","@id":"https:\/\/www.studny-smejkal.cz\/?page_id=159","url":"https:\/\/www.studny-smejkal.cz\/?page_id=159","name":"Kontakt -","isPartOf":{"@id":"https:\/\/www.studny-smejkal.cz\/#website"},"datePublished":"2024-06-27T07:16:12+00:00","dateModified":"2024-06-30T08:43:23+00:00","breadcrumb":{"@id":"https:\/\/www.studny-smejkal.cz\/?page_id=159#breadcrumb"},"inLanguage":"cs","potentialAction":[{"@type":"ReadAction","target":["https:\/\/www.studny-smejkal.cz\/?page_id=159"]}]},{"@type":"BreadcrumbList","@id":"https:\/\/www.studny-smejkal.cz\/?page_id=159#breadcrumb","itemListElement":[{"@type":"ListItem","position":1,"name":"Dom\u016f","item":"https:\/\/www.studny-smejkal.cz\/"},{"@type":"ListItem","position":2,"name":"Kontakt"}]},{"@type":"WebSite","@id":"https:\/\/www.studny-smejkal.cz\/#website","url":"https:\/\/www.studny-smejkal.cz\/","name":"studny Smejkal","description":"Vrtan\u00e9 studny a vrty pro tepeln\u00e1 \u010derpadla","publisher":{"@id":"https:\/\/www.studny-smejkal.cz\/#organization"},"potentialAction":[{"@type":"SearchAction","target":{"@type":"EntryPoint","urlTemplate":"https:\/\/www.studny-smejkal.cz\/?s={search_term_string}"},"query-input":{"@type":"PropertyValueSpecification","valueRequired":true,"valueName":"search_term_string"}}],"inLanguage":"cs"},{"@type":"Organization","@id":"https:\/\/www.studny-smejkal.cz\/#organization","name":"STUDNY S&K, s.r.o.","url":"https:\/\/www.studny-smejkal.cz\/","logo":{"@type":"ImageObject","inLanguage":"cs","@id":"https:\/\/www.studny-smejkal.cz\/#\/schema\/logo\/image\/","url":"https:\/\/www.studny-smejkal.cz\/wp-content\/uploads\/2024\/07\/Studny-Smejkal_Big.jpg","contentUrl":"https:\/\/www.studny-smejkal.cz\/wp-content\/uploads\/2024\/07\/Studny-Smejkal_Big.jpg","width":1189,"height":360,"caption":"STUDNY S&K, s.r.o."},"image":{"@id":"https:\/\/www.studny-smejkal.cz\/#\/schema\/logo\/image\/"}}]}},"_links":{"self":[{"href":"https:\/\/www.studny-smejkal.cz\/index.php?rest_route=\/wp\/v2\/pages\/159","targetHints":{"allow":["GET"]}}],"collection":[{"href":"https:\/\/www.studny-smejkal.cz\/index.php?rest_route=\/wp\/v2\/pages"}],"about":[{"href":"https:\/\/www.studny-smejkal.cz\/index.php?rest_route=\/wp\/v2\/types\/page"}],"author":[{"embeddable":true,"href":"https:\/\/www.studny-smejkal.cz\/index.php?rest_route=\/wp\/v2\/users\/1"}],"replies":[{"embeddable":true,"href":"https:\/\/www.studny-smejkal.cz\/index.php?rest_route=%2Fwp%2Fv2%2Fcomments&post=159"}],"version-history":[{"count":53,"href":"https:\/\/www.studny-smejkal.cz\/index.php?rest_route=\/wp\/v2\/pages\/159\/revisions"}],"predecessor-version":[{"id":503,"href":"https:\/\/www.studny-smejkal.cz\/index.php?rest_route=\/wp\/v2\/pages\/159\/revisions\/503"}],"wp:attachment":[{"href":"https:\/\/www.studny-smejkal.cz\/index.php?rest_route=%2Fwp%2Fv2%2Fmedia&parent=159"}],"curies":[{"name":"wp","href":"https:\/\/api.w.org\/{rel}","templated":true}]}}